{"id":2980,"date":"2024-01-11T01:26:24","date_gmt":"2024-01-10T22:26:24","guid":{"rendered":"https:\/\/ayeninsaat.com\/?page_id=2980"},"modified":"2024-06-26T00:38:01","modified_gmt":"2024-06-25T21:38:01","slug":"g-e-s-montaj","status":"publish","type":"page","link":"https:\/\/ayeninsaat.com\/index.php\/g-e-s-montaj\/","title":{"rendered":"G.E.S Montaj"},"content":{"rendered":"\t\t<div data-elementor-type=\"wp-page\" data-elementor-id=\"2980\" class=\"elementor elementor-2980\">\n\t\t\t\t\t\t<section class=\"elementor-section elementor-top-section elementor-element elementor-element-9de350b elementor-section-boxed elementor-section-height-default elementor-section-height-default\" data-id=\"9de350b\" data-element_type=\"section\">\n\t\t\t\t\t\t<div class=\"elementor-container elementor-column-gap-no\">\n\t\t\t\t\t<div class=\"elementor-column elementor-col-66 elementor-top-column elementor-element elementor-element-f5a9439\" data-id=\"f5a9439\" data-element_type=\"column\">\n\t\t\t<div class=\"elementor-widget-wrap elementor-element-populated\">\n\t\t\t\t\t\t<div class=\"elementor-element elementor-element-e5674cc elementor-widget elementor-widget-constech_service_details\" data-id=\"e5674cc\" data-element_type=\"widget\" data-widget_type=\"constech_service_details.default\">\n\t\t\t\t<div class=\"elementor-widget-container\">\n\t\t\t\t\t        \n\t\t\t\t\n\t\t\t\t\n\t\t\t\t\n\t\t<section class=\"service-details service-details-3 p_relative\">\n            <div class=\"auto-container\">\n                <div class=\"row clearfix\">\n                    <div class=\"col-lg-12 col-md-12 col-sm-12 content-side\">\n                        <div class=\"service-details-content\">\n                            <div data-animation-box class=\"content-one p_relative d_block mb_65\">\n                                <figure data-animation-text class=\"overlay-anim-black-bg image p_relative d_block mb_60\" data-animation=\"overlay-animation\">\n\t\t\t\t\t\t\t\t\t   \n\t\t\t\t\t\t\t\t\t<img decoding=\"async\" src=\"https:\/\/ayeninsaat.com\/wp-content\/uploads\/2024\/01\/ges.jpg\" alt=\"\"\/>\n\t\t\t\t\t\t\t\t\t\t\t\t\t\t\t\t\t<\/figure>\n                                <div class=\"text p_relative d_block mb_60\">\n                                    <h2 class=\"d_block fs_40 fw_sbold lh_50 mb_25 font_family_jost\">G\u00fcne\u015f Enerjisi Santrali<\/h2>\n                                    <p class=\"font_family_poppins mb_25\">G\u00fcne\u015f enerjisi sistemleri, enerji maliyetlerini d\u00fc\u015f\u00fcrmek, \u00e7evresel etkiyi azaltmak ve enerji ba\u011f\u0131ms\u0131zl\u0131\u011f\u0131n\u0131 art\u0131rmak isteyen bireyler, i\u015fletmeler ve devletler i\u00e7in \u00e7ekici bir se\u00e7enek olabilir. Teknolojik geli\u015fmeler ve artan talep ile birlikte, g\u00fcne\u015f enerjisi gelecekte enerji \u00fcretiminde \u00f6nemli bir rol oynamaya devam edecektir.\n<br>\n<br>\nFotovoltaik (PV) Paneller:\n<br>\nG\u00fcne\u015f enerji sistemlerinin temelini olu\u015fturan fotovoltaik paneller, g\u00fcne\u015f \u0131\u015f\u0131\u011f\u0131n\u0131 do\u011frudan elektrik enerjisine d\u00f6n\u00fc\u015ft\u00fcr\u00fcr. Paneller, bir dizi silikon h\u00fccre i\u00e7erir ve g\u00fcne\u015f \u0131\u015f\u0131\u011f\u0131 panellere \u00e7arpt\u0131\u011f\u0131nda elektrik ak\u0131m\u0131 \u00fcretilir.\n<br>\n<br>\nInverter (\u00c7evirici):\n<br>\nFotovoltaik panellerden \u00fcretilen do\u011fru ak\u0131m (DC) elektri\u011fi, evlerde ve i\u015fyerlerinde kullan\u0131lan alternatif ak\u0131ma (AC) d\u00f6n\u00fc\u015ft\u00fcren invert\u00f6rler kullan\u0131l\u0131r. Bu sayede, g\u00fcne\u015f enerjisi sistemi \u00fcretilen elektri\u011fi bina \u015febekesine veya kullan\u0131lacak cihazlara uygun hale getirir.\n<br>\n<br>\nMontaj ve Tesisat:\n<br>\nFotovoltaik paneller genellikle \u00e7at\u0131lar, araziler veya \u00f6zel platformlar \u00fczerine monte edilir. Montaj, panellerin en iyi g\u00fcne\u015f \u0131\u015f\u0131\u011f\u0131 al\u0131m\u0131n\u0131 sa\u011flamak ve optimum verim elde etmek i\u00e7in dikkatlice planlan\u0131r. Tesisat i\u015flemleri, panellerin \u015febekeye ba\u011flanmas\u0131n\u0131 ve enerji \u00fcretimini kontrol etmeyi i\u00e7erir.\n<br>\n<br>\nEnerji Depolama:\n<br>\nG\u00fcne\u015f enerjisi sistemi, enerjiyi g\u00fcne\u015fin parlak oldu\u011fu d\u00f6nemlerde \u00fcretir, ancak bu enerjinin tamam\u0131 an\u0131nda t\u00fcketilemeyebilir. Bu nedenle, enerji depolama sistemleri kullan\u0131larak fazla enerji depolanabilir ve ihtiya\u00e7 duyuldu\u011funda kullan\u0131labilir.\n<br>\n<br>\n\u00c7evre Dostu ve S\u00fcrd\u00fcr\u00fclebilir:\n<br>\nG\u00fcne\u015f enerjisi, fosil yak\u0131tlara k\u0131yasla \u00e7evre dostu bir enerji kayna\u011f\u0131d\u0131r. G\u00fcne\u015f panellerinin \u00fcretimi ve kurulumu s\u0131ras\u0131nda bir miktar enerji harcanabilir, ancak paneller bir kez kuruldu\u011funda uzun y\u0131llar boyunca d\u00fc\u015f\u00fck bak\u0131m maliyetleri ve \u00e7evresel etkilerle \u00e7al\u0131\u015fabilir.\n<br>\n<br>\nDevlet Te\u015fvikleri ve \u0130ndirimler:\n<br>\nBir\u00e7ok \u00fclkede, g\u00fcne\u015f enerjisi yat\u0131r\u0131mlar\u0131n\u0131 te\u015fvik etmek amac\u0131yla devlet destekleri, vergi indirimleri ve di\u011fer te\u015fvik programlar\u0131 bulunmaktad\u0131r. Bu, g\u00fcne\u015f enerjisi kullan\u0131m\u0131n\u0131 yayg\u0131nla\u015ft\u0131rmay\u0131 ama\u00e7layan politikalar\u0131n bir sonucudur.<\/p>\n                                <\/div>\n                            <\/div>\n\t\t\t\t\t\t\t                        <\/div>\n                    <\/div>\n                <\/div>\n            <\/div>\n        <\/section>\n\t\t\n\t\t             \n\t\t\t\t\t\t<\/div>\n\t\t\t\t<\/div>\n\t\t\t\t<div class=\"elementor-element elementor-element-8814606 elementor-widget elementor-widget-constech_service_details2\" data-id=\"8814606\" data-element_type=\"widget\" data-widget_type=\"constech_service_details2.default\">\n\t\t\t\t<div class=\"elementor-widget-container\">\n\t\t\t\t\t        \n\t\t\t\t\n\t\t\t\t\n\t\t\t\t\n\t\t<section class=\"service-details service-details-3 p_relative \">\n            <div class=\"auto-container\">\n                <div class=\"row clearfix\">\n                    <div class=\"col-lg-12 col-md-12 col-sm-12 content-side\">\n                        <div class=\"service-details-content\">\n                            <div data-animation-box class=\"two-column p_relative d_block mb_70\">\n                                <div class=\"row clearfix\">\n                                    <div class=\"col-lg-6 col-md-6 col-sm-12 text-column\">\n                                        <div class=\"text\">\n                                            <h3 class=\"d_block fs_30 lh_40 fw_sbold mb_25\">Uzman Kadromuzla \u00c7al\u0131\u015f\u0131n<\/h3>\n                                            <p class=\"font_family_poppins mb_25\">%100 Memnuniyet garantisi ile uzman kadromuzla \u00e7al\u0131\u015f\u0131n.<\/p>\n                                            <ul class=\"list clearfix\">\n\t\t\t\t\t\t\t\t\t\t\t\t                                                <li class=\"p_relative pl_30 d_block fs_16 font_family_inter fw_medium color_black mb_8\">Profesyonel<\/li>\n\t\t\t\t\t\t\t\t\t\t\t\t                                                <li class=\"p_relative pl_30 d_block fs_16 font_family_inter fw_medium color_black mb_8\">Dinamik<\/li>\n\t\t\t\t\t\t\t\t\t\t\t\t                                                <li class=\"p_relative pl_30 d_block fs_16 font_family_inter fw_medium color_black mb_8\">Yenilik\u00e7i<\/li>\n\t\t\t\t\t\t\t\t\t\t\t\t                                            <\/ul>\n                                        <\/div>\n                                    <\/div>\n                                    <div class=\"col-lg-6 col-md-6 col-sm-12 image-column\">\n                                        <figure class=\"overlay-anim-black-bg image p_relative d_block b_radius_10 mt_9\" data-animation=\"overlay-animation\">\n\t\t\t\t\t\t\t\t\t\t\t   \n\t\t\t\t\t\t\t\t\t\t\t<img decoding=\"async\" src=\"https:\/\/ayeninsaat.com\/wp-content\/uploads\/2023\/12\/akrilik.jpg\" alt=\"\"\/>\n\t\t\t\t\t\t\t\t\t\t\t\t\t\t\t\t\t\t\t\t\t<\/figure>\n                                    <\/div>\n                                <\/div>\n                            <\/div>\n                            <div class=\"quote-inner p_relative d_block mb_60\">\n                                <blockquote class=\"p_relative d_block b_radius_10 pt_30 pr_180 pb_30 pl_40 m_0\">\n                                    <h6 class=\"fs_16 lh_28 mb_5 fw_normal\">Ayen yap\u0131 alan\u0131nda son derece uzman kadrosu ile kaliteden \u00f6d\u00fcn vermedenb\u00fct\u00e7enize uygun fiyatlar sunarak bir \u00e7ok \u00f6deme se\u00e7ene\u011fi sa\u011flar.<\/h6>\n                                    <h5 class=\"d_block fs_18 lh_30 fw_sbold pl_25\">Ayen \u0130n\u015faat<\/h5>\n                                    <div class=\"icon p_absolute t_45 r_40 fs_55\"><i class=\"icon-176\"><\/i><\/div>\n                                <\/blockquote>\n                            <\/div>\n                        <\/div>\n                    <\/div>\n                <\/div>\n            <\/div>\n        <\/section>\n\t\t\n\t\t             \n\t\t\t\t\t\t<\/div>\n\t\t\t\t<\/div>\n\t\t\t\t\t<\/div>\n\t\t<\/div>\n\t\t\t\t<div class=\"elementor-column elementor-col-33 elementor-top-column elementor-element elementor-element-a2fe347\" data-id=\"a2fe347\" data-element_type=\"column\">\n\t\t\t<div class=\"elementor-widget-wrap elementor-element-populated\">\n\t\t\t\t\t\t<div class=\"elementor-element elementor-element-c49dae0 elementor-widget elementor-widget-constech_wi_catagory\" data-id=\"c49dae0\" data-element_type=\"widget\" data-widget_type=\"constech_wi_catagory.default\">\n\t\t\t\t<div class=\"elementor-widget-container\">\n\t\t\t\t\t\t\t\n\t\t\t\t\n\t\t\t\t\n\t\t<section class=\"service-details service-details-2 p_relative \">\n            <div class=\"auto-container\">\n                <div class=\"row clearfix\">\n                    <div class=\"col-lg-12 col-md-12 col-sm-12 sidebar-side\">\n                        <div class=\"service-sidebar p_relative d_block mr_30\">\n                            <div class=\"category-widget p_relative d_block mb_60\">\n                                <ul class=\"category-list clearfix\">\n                                    \t\t\t\t\t\t\t\t\t\t\t\t\t\t\t\t\t\t\n\t\t\t\t\t\t\t\t\t<li class=\"p_relative d_block mb_10\">\n\t\t\t\t\t\t\t\t\t<a href=\"https:\/\/ayeninsaat.com\/index.php\/epoksi-zemin-kaplama\/\" class=\"p_relative d_block fs_16 fw_sbold font_family_inter current\"><i class=\" icon-11\"><\/i>\n\t\t\t\t\t\t\t\t\tEpoksi Zemin Kaplama\t\t\t\t\t\t\t\t\t<\/a>\n\t\t\t\t\t\t\t\t\t<\/li>\n\t\t\t\t\t\t\t\t\t\n\t\t\t\t\t\t\t\t\t\t\t\t\t\t\t\t\t\t\t\t\t\t\t\t\t\t\t\t\t\t\t\t\t\t\t\t\n\t\t\t\t\t\t\t\t\t<li class=\"p_relative d_block mb_10\">\n\t\t\t\t\t\t\t\t\t<a href=\"https:\/\/ayeninsaat.com\/index.php\/kaucuk-zemin-kaplama\/\" class=\"p_relative d_block fs_16 fw_sbold font_family_inter\"><i class=\" icon-12\"><\/i>\n\t\t\t\t\t\t\t\t\t\nKau\u00e7uk Zemin Kaplama\t\t\t\t\t\t\t\t\t<\/a>\n\t\t\t\t\t\t\t\t\t<\/li>\n\t\t\t\t\t\t\t\t\t\n\t\t\t\t\t\t\t\t\t\t\t\t\t\t\t\t\t\t\t\t\t\t\t\t\t\t\t\t\t\t\t\t\t\t\t\t\n\t\t\t\t\t\t\t\t\t<li class=\"p_relative d_block mb_10\">\n\t\t\t\t\t\t\t\t\t<a href=\"https:\/\/ayeninsaat.com\/index.php\/poliuretan-kaplama\/\" class=\"p_relative d_block fs_16 fw_sbold font_family_inter\"><i class=\" icon-13\"><\/i>\n\t\t\t\t\t\t\t\t\tPoli\u00fcretan Kaplama\t\t\t\t\t\t\t\t\t<\/a>\n\t\t\t\t\t\t\t\t\t<\/li>\n\t\t\t\t\t\t\t\t\t\n\t\t\t\t\t\t\t\t\t\t\t\t\t\t\t\t\t\t\t\t\t\t\t\t\t\t\t\t\t\t\t\t\t\t\t\t\n\t\t\t\t\t\t\t\t\t<li class=\"p_relative d_block mb_10\">\n\t\t\t\t\t\t\t\t\t<a href=\"https:\/\/ayeninsaat.com\/index.php\/akrilik-zemin-kaplama\/\" class=\"p_relative d_block fs_16 fw_sbold font_family_inter\"><i class=\" icon-118\"><\/i>\n\t\t\t\t\t\t\t\t\tAkrilik Zemin Kaplama\t\t\t\t\t\t\t\t\t<\/a>\n\t\t\t\t\t\t\t\t\t<\/li>\n\t\t\t\t\t\t\t\t\t\n\t\t\t\t\t\t\t\t\t\t\t\t\t\t\t\t\t\t\t\t\t\t\t\t\t\t\t\t\t\t\t\t\t\t\t\t\n\t\t\t\t\t\t\t\t\t<li class=\"p_relative d_block mb_10\">\n\t\t\t\t\t\t\t\t\t<a href=\"https:\/\/ayeninsaat.com\/index.php\/pvc-zemin-kaplama\/\" class=\"p_relative d_block fs_16 fw_sbold font_family_inter\"><i class=\" icon-121\"><\/i>\n\t\t\t\t\t\t\t\t\tPVC Zemin Kaplama\t\t\t\t\t\t\t\t\t<\/a>\n\t\t\t\t\t\t\t\t\t<\/li>\n\t\t\t\t\t\t\t\t\t\n\t\t\t\t\t\t\t\t\t\t\t\t\t\t\t\t\t\t\t\t\t\t\t\t\t\t\t\t\t\t\t\t\t\t\t\t\n\t\t\t\t\t\t\t\t\t<li class=\"p_relative d_block mb_10\">\n\t\t\t\t\t\t\t\t\t<a href=\"https:\/\/ayeninsaat.com\/index.php\/cati-teras-epoksi-yalitim\/\" class=\"p_relative d_block fs_16 fw_sbold font_family_inter\"><i class=\" icon-121\"><\/i>\n\t\t\t\t\t\t\t\t\t\n\u00c7at\u0131-Teras Epoksi Yal\u0131t\u0131m\t\t\t\t\t\t\t\t\t<\/a>\n\t\t\t\t\t\t\t\t\t<\/li>\n\t\t\t\t\t\t\t\t\t\n\t\t\t\t\t\t\t\t\t\t\t\t\t\t\t\t\t\t\t\t\t\t\t\t\t\t\t\t\t\t\t\t\t\t\t\t\n\t\t\t\t\t\t\t\t\t<li class=\"p_relative d_block mb_10\">\n\t\t\t\t\t\t\t\t\t<a href=\"https:\/\/ayeninsaat.com\/index.php\/havuz-yalitimi-epoksi-islemi\/\" class=\"p_relative d_block fs_16 fw_sbold font_family_inter\"><i class=\" icon-121\"><\/i>\n\t\t\t\t\t\t\t\t\tHavuz Yal\u0131t\u0131m\u0131 Epoksi \u0130\u015flemi\t\t\t\t\t\t\t\t\t<\/a>\n\t\t\t\t\t\t\t\t\t<\/li>\n\t\t\t\t\t\t\t\t\t\n\t\t\t\t\t\t\t\t\t\t\t\t\t\t\t\t\t\t\t\t\t\t\t\t\t\t\t\t\t\t\t\t\t\t\t\t\n\t\t\t\t\t\t\t\t\t<li class=\"p_relative d_block mb_10\">\n\t\t\t\t\t\t\t\t\t<a href=\"https:\/\/ayeninsaat.com\/index.php\/poliurea-kaplama\/\" class=\"p_relative d_block fs_16 fw_sbold font_family_inter\"><i class=\" icon-121\"><\/i>\n\t\t\t\t\t\t\t\t\tPoli\u00fcrea Kaplama\t\t\t\t\t\t\t\t\t<\/a>\n\t\t\t\t\t\t\t\t\t<\/li>\n\t\t\t\t\t\t\t\t\t\n\t\t\t\t\t\t\t\t\t\t\t\t\t\t\t\t\t\t\t\t\t\t\t\t\t\t\t\t\t\t\t\t\t\t\t\t\n\t\t\t\t\t\t\t\t\t<li class=\"p_relative d_block mb_10\">\n\t\t\t\t\t\t\t\t\t<a href=\"https:\/\/ayeninsaat.com\/index.php\/g-e-s-montaj\/\" class=\"p_relative d_block fs_16 fw_sbold font_family_inter\"><i class=\" icon-121\"><\/i>\n\t\t\t\t\t\t\t\t\tG.E.S. Montaj\t\t\t\t\t\t\t\t\t<\/a>\n\t\t\t\t\t\t\t\t\t<\/li>\n\t\t\t\t\t\t\t\t\t\n\t\t\t\t\t\t\t\t\t\t\t\t\t\t\t\t\t\t\t\t\t\t\t\t\t\t\t\t\t\t\t\t\t\t\t\t\n\t\t\t\t\t\t\t\t\t<li class=\"p_relative d_block mb_10\">\n\t\t\t\t\t\t\t\t\t<a href=\"https:\/\/ayeninsaat.com\/index.php\/kalip-demir-isciligi\/\" class=\"p_relative d_block fs_16 fw_sbold font_family_inter\"><i class=\" icon-121\"><\/i>\n\t\t\t\t\t\t\t\t\tKal\u0131p - Demir \u0130\u015f\u00e7ili\u011fi\t\t\t\t\t\t\t\t\t<\/a>\n\t\t\t\t\t\t\t\t\t<\/li>\n\t\t\t\t\t\t\t\t\t\n\t\t\t\t\t\t\t\t\t\t\t\t\t\t\t\t\t\t\t\t\t\t\t\t\t\t\t\t\t\t\t\t\t\t\t\t\n\t\t\t\t\t\t\t\t\t<li class=\"p_relative d_block mb_10\">\n\t\t\t\t\t\t\t\t\t<a href=\"https:\/\/ayeninsaat.com\/index.php\/alci-boya-siva\/\" class=\"p_relative d_block fs_16 fw_sbold font_family_inter\"><i class=\" icon-121\"><\/i>\n\t\t\t\t\t\t\t\t\tAl\u00e7\u0131 - Boya - S\u0131va\t\t\t\t\t\t\t\t\t<\/a>\n\t\t\t\t\t\t\t\t\t<\/li>\n\t\t\t\t\t\t\t\t\t\n\t\t\t\t\t\t\t\t\t\t\t\t\t\t\t\t\t\t\t\t\t\t\t\t\t\t\t\t\t\t\t\t\t\t\t\t\n\t\t\t\t\t\t\t\t\t<li class=\"p_relative d_block mb_10\">\n\t\t\t\t\t\t\t\t\t<a href=\"https:\/\/ayeninsaat.com\/index.php\/mutfak-dekorasyon\/\" class=\"p_relative d_block fs_16 fw_sbold font_family_inter\"><i class=\" icon-121\"><\/i>\n\t\t\t\t\t\t\t\t\tMutfak Dekorasyon\t\t\t\t\t\t\t\t\t<\/a>\n\t\t\t\t\t\t\t\t\t<\/li>\n\t\t\t\t\t\t\t\t\t\n\t\t\t\t\t\t\t\t\t\t\t\t\t\t\t\t\t\t\t\t\t\t\t\t\t\t\t\t\t\t\t\t\t\t\t\t\n\t\t\t\t\t\t\t\t\t<li class=\"p_relative d_block mb_10\">\n\t\t\t\t\t\t\t\t\t<a href=\"https:\/\/ayeninsaat.com\/index.php\/ic-mimarlik-ev-dekorasyon\/\" class=\"p_relative d_block fs_16 fw_sbold font_family_inter\"><i class=\" icon-121\"><\/i>\n\t\t\t\t\t\t\t\t\t\u0130\u00e7 Mimarl\u0131k - Ev Dekorasyon\t\t\t\t\t\t\t\t\t<\/a>\n\t\t\t\t\t\t\t\t\t<\/li>\n\t\t\t\t\t\t\t\t\t\n\t\t\t\t\t\t\t\t\t\t\t\t\t\t\t\t\t\t\t\t\t\t\t\t\t\t\t\t\t\t\t\t\t\t\t\t\n\t\t\t\t\t\t\t\t\t<li class=\"p_relative d_block mb_10\">\n\t\t\t\t\t\t\t\t\t<a href=\"https:\/\/ayeninsaat.com\/index.php\/pergola-tente-kepenk\/\" class=\"p_relative d_block fs_16 fw_sbold font_family_inter\"><i class=\" icon-121\"><\/i>\n\t\t\t\t\t\t\t\t\tPergola - Tente - Kepenk\t\t\t\t\t\t\t\t\t<\/a>\n\t\t\t\t\t\t\t\t\t<\/li>\n\t\t\t\t\t\t\t\t\t\n\t\t\t\t\t\t\t\t\t\t\t\t\t\t\t\t\t\t\t\t\t\t\t\t\t\t\t\t\t\t\t\t\t\t\t\t\n\t\t\t\t\t\t\t\t\t<li class=\"p_relative d_block mb_10\">\n\t\t\t\t\t\t\t\t\t<a href=\"https:\/\/ayeninsaat.com\/index.php\/dekoratif-italyan-boya\/\" class=\"p_relative d_block fs_16 fw_sbold font_family_inter\"><i class=\" icon-121\"><\/i>\n\t\t\t\t\t\t\t\t\tDekoratif \u0130talyan Boya\t\t\t\t\t\t\t\t\t<\/a>\n\t\t\t\t\t\t\t\t\t<\/li>\n\t\t\t\t\t\t\t\t\t\n\t\t\t\t\t\t\t\t\t\t\t\t\t\t\t\t\t\t\t\t\t\t\t\t\t\t\t\t\t\t\t\t\t\t\t\t\n\t\t\t\t\t\t\t\t\t<li class=\"p_relative d_block mb_10\">\n\t\t\t\t\t\t\t\t\t<a href=\"https:\/\/ayeninsaat.com\/index.php\/tekne-yat-epoksi-ve-mobilya-uygulamalari\/\" class=\"p_relative d_block fs_16 fw_sbold font_family_inter\"><i class=\" icon-121\"><\/i>\n\t\t\t\t\t\t\t\t\tTekne - Yat Epoksi ve Mobilya Uygulamalar\u0131\t\t\t\t\t\t\t\t\t<\/a>\n\t\t\t\t\t\t\t\t\t<\/li>\n\t\t\t\t\t\t\t\t\t\n\t\t\t\t\t\t\t\t\t\t\t\t\t\t\t\t\t\t                                <\/ul>\n                            <\/div>\n                        <\/div>\n                    <\/div>\n                <\/div>\n            <\/div>\n        <\/section>\n\t\t\n\t\t\t\t\n\t\t\t\t\n\t\t\t\t\n\t\t\t\t\t\t<\/div>\n\t\t\t\t<\/div>\n\t\t\t\t<div class=\"elementor-element elementor-element-82b06c5 elementor-widget elementor-widget-constech_wi_info\" data-id=\"82b06c5\" data-element_type=\"widget\" data-widget_type=\"constech_wi_info.default\">\n\t\t\t\t<div class=\"elementor-widget-container\">\n\t\t\t\t\t\t\t\n\t\t\t\t\n\t\t\t\t\n\t\t\t\t\n\t\t<section class=\"service-details service-details-3 p_relative pdoff\">\n            <div class=\"auto-container\">\n                <div class=\"row clearfix\">\n                    <div class=\"col-lg-12 col-md-12 col-sm-12 sidebar-side\">\n                        <div class=\"service-sidebar p_relative d_block mr_30\">\n                            <div class=\"contact-widget sidebar-widget p_relative d_block mb_40\">\n\t\t\t\t\t\t\t\t                                <div class=\"widget-title p_relative d_block mb_17\">\n                                    <h3 class=\"d_block fs_24 lh_30 fw_sbold font_family_jost\">\u0130LET\u0130\u015e\u0130M<\/h3>\n                                <\/div>\n\t\t\t\t\t\t\t\t                                <div class=\"text p_relative d_block mb_18\">\n                                    <p class=\"fs_16 font_family_poppins color_black fw_medium\">\u00dccretsiz Ke\u015fif \u0130\u00e7in Arayabilirsiniz.<\/p>\n                                <\/div>\n                                <ul class=\"info-list clearfix\"> \n\t\t\t\t\t\t\t\t\n\t\t\t\t\t\t\t\t\t\t\t\t\t\t\t\t\t\n                                    <li class=\"p_relative d_block fs_15 font_family_inter color_black pl_30 mb_10\"><i class=\" icon-2\"><\/i>\n\t\t\t\t\t\t\t\t\t\n\t\t\t\t\t\t\t\t\tTelefon : \t\t\t\t\t\t\t\t\t<a href=\"tel:05320662703\" class=\"d_iblock color_black\">+90 (532) 066 27 03<\/a><\/li>\n\t\t\t\t\t\t\t\t\t\n\t\t\t\t\t\t\t\t\t\t\t\t\t\t\t\t\t\n                                    <li class=\"p_relative d_block fs_15 font_family_inter color_black pl_30 mb_10\"><i class=\" icon-137\"><\/i>\n\t\t\t\t\t\t\t\t\t\n\t\t\t\t\t\t\t\t\tAdres : \t\t\t\t\t\t\t\t\tG\u00fcrp\u0131nar, 7232\/6 Sk. No:40<br>35060 Bornova\/\u0130zmir<\/li>\n\t\t\t\t\t\t\t\t\t\n\t\t\t\t\t\t\t\t\t\t\t\t\t\t\t\t\t\n                                    <li class=\"p_relative d_block fs_15 font_family_inter color_black pl_30 mb_10\"><i class=\"fas fa-mail-bulk\"><\/i>\n\t\t\t\t\t\t\t\t\t\n\t\t\t\t\t\t\t\t\tE-mail : \t\t\t\t\t\t\t\t\t<a href=\"mailto:iletisim@ayeninsaat.com\" class=\"d_iblock color_black\">iletisim@ayeninsaat.com<\/a><\/li>\n\t\t\t\t\t\t\t\t\t\n\t\t\t\t\t\t\t\t\t\t\t\t\t\t\t\t\t\t\n                                <\/ul>\n                                <ul class=\"social-links clearfix p_relative d_block mt_18\">\n\t\t\t\t\t\t\t\t\n\t\t\t\t\t\t\t\t\t\t\t\t\t\t\t\t\t\n                                    <li class=\"p_relative d_iblock float_left mr_30\"><a href=\"https:\/\/www.instagram.com\/ayeninsaat\/\" class=\"p_relative d_iblock fs_17\"><i class=\"fab fab fa-instagram\"><\/i><\/a><\/li>\n\t\t\t\t\t\t\t\t\t\n\t\t\t\t\t\t\t\t\t\t\t\t\t\t\t\t\t\n                                    <li class=\"p_relative d_iblock float_left mr_30\"><a href=\"https:\/\/www.facebook.com\/ayeninsaat\/\" class=\"p_relative d_iblock fs_17\"><i class=\"fab fab fa-facebook-f\"><\/i><\/a><\/li>\n\t\t\t\t\t\t\t\t\t\n\t\t\t\t\t\t\t\t\t\t\t\t\t\t\t\t\t\n                                    <li class=\"p_relative d_iblock float_left mr_30\"><a href=\"https:\/\/www.youtube.com\/ayeninsaat\" class=\"p_relative d_iblock fs_17\"><i class=\"fab fab fa-youtube\"><\/i><\/a><\/li>\n\t\t\t\t\t\t\t\t\t\n\t\t\t\t\t\t\t\t\t\t\t\t\t\t\t\t\t\t\n                                <\/ul> \n                            <\/div>\n                        <\/div>\n                    <\/div>\n                <\/div>\n            <\/div>\n        <\/section>\n\t\t\n\t\t\t\t\n\t\t\t\t\n\t\t\t\t\t\t<\/div>\n\t\t\t\t<\/div>\n\t\t\t\t<div class=\"elementor-element elementor-element-d63790a elementor-widget elementor-widget-constech_wi_download\" data-id=\"d63790a\" data-element_type=\"widget\" data-widget_type=\"constech_wi_download.default\">\n\t\t\t\t<div class=\"elementor-widget-container\">\n\t\t\t\t\t\t\t\n\t\t\t\t\n        <section class=\"service-details service-details-3 p_relative \">\n            <div class=\"auto-container\">\n                <div class=\"row clearfix\">\n                    <div class=\"col-lg-12 col-md-12 col-sm-12 sidebar-side\">\n                        <div class=\"service-sidebar p_relative d_block mr_30\">\n                            <div class=\"download-widget\">\n\t\t\t\t\t\t\t\n\t\t\t\t\t\t\t\t\t\t\t\t\t\t\t\n                                <div class=\"widget-title p_relative d_block mb_17\">\n                                    <h3 class=\"d_block fs_24 lh_30 fw_sbold\">Katalo\u011fumuza G\u00f6z At\u0131n<\/h3>\n                                <\/div>\n                                <div class=\"text p_relative d_block mb_25\">\n                                    <p class=\"fs_16 font_family_poppins color_black fw_medium\">Son kalite \u00fcr\u00fcnlerimiz ve ustal\u0131\u011f\u0131m\u0131zla hizmetinizdeyiz.<\/p>\n                                <\/div>\n\t\t\t\t\t\t\t\t\n\t\t\t\t\t\t\t\t\t\t\t\t\t\t\t\t\n                                <ul class=\"download-list clearfix\">\n\t\t\t\t\t\t\t\t\n\t\t\t\t\t\t\t\t\t\t\t\t\t\t\t\t\t\n                                    <li class=\"p_relative d_block mb_10\">\n                                        <a href=\"#\" class=\"p_relative d_block pt_17 pr_20 pb_15 pl_65 b_radius_5\">\n                                            <i class=\" icon-175\"><\/i>\n                                            <h6 class=\"d_block fs_15 fw_normal mb_1 lh_20 tran_5\">AYEN \u0130N\u015eAAT - 2024 KATALOG<\/h6>\n                                            <span class=\"p_relative d_block fs_15 font_family_inter lh_20 tran_5\">13.2 MB<\/span>\n                                        <\/a>\n                                    <\/li>\n\t\t\t\t\t\t\t\t\t\n\t\t\t\t\t\t\t\t\t\t\t\t\t\t\t\t\t\t\n                                <\/ul>\n                            <\/div>\n                        <\/div>\n                    <\/div>\n                <\/div>\n            <\/div>\n        <\/section>\n\t\t\n\t\t\t\t\n\t\t\t\t\t\t<\/div>\n\t\t\t\t<\/div>\n\t\t\t\t\t<\/div>\n\t\t<\/div>\n\t\t\t\t\t<\/div>\n\t\t<\/section>\n\t\t\t\t<\/div>\n\t\t","protected":false},"excerpt":{"rendered":"<p>G\u00fcne\u015f Enerjisi Santrali G\u00fcne\u015f enerjisi sistemleri, enerji maliyetlerini d\u00fc\u015f\u00fcrmek, \u00e7evresel etkiyi azaltmak ve enerji ba\u011f\u0131ms\u0131zl\u0131\u011f\u0131n\u0131 art\u0131rmak isteyen bireyler, i\u015fletmeler ve devletler i\u00e7in \u00e7ekici bir se\u00e7enek olabilir. Teknolojik geli\u015fmeler ve artan talep ile birlikte, g\u00fcne\u015f enerjisi gelecekte enerji \u00fcretiminde \u00f6nemli bir rol oynamaya devam edecektir. Fotovoltaik (PV) Paneller: G\u00fcne\u015f enerji sistemlerinin temelini olu\u015fturan fotovoltaik paneller, g\u00fcne\u015f [&hellip;]<\/p>\n","protected":false},"author":1,"featured_media":0,"parent":0,"menu_order":0,"comment_status":"closed","ping_status":"closed","template":"tpl-default-elementor.php","meta":{"om_disable_all_campaigns":false,"_monsterinsights_skip_tracking":false,"_monsterinsights_sitenote_active":false,"_monsterinsights_sitenote_note":"","_monsterinsights_sitenote_category":0,"footnotes":""},"class_list":["post-2980","page","type-page","status-publish","hentry"],"_links":{"self":[{"href":"https:\/\/ayeninsaat.com\/index.php\/wp-json\/wp\/v2\/pages\/2980","targetHints":{"allow":["GET"]}}],"collection":[{"href":"https:\/\/ayeninsaat.com\/index.php\/wp-json\/wp\/v2\/pages"}],"about":[{"href":"https:\/\/ayeninsaat.com\/index.php\/wp-json\/wp\/v2\/types\/page"}],"author":[{"embeddable":true,"href":"https:\/\/ayeninsaat.com\/index.php\/wp-json\/wp\/v2\/users\/1"}],"replies":[{"embeddable":true,"href":"https:\/\/ayeninsaat.com\/index.php\/wp-json\/wp\/v2\/comments?post=2980"}],"version-history":[{"count":16,"href":"https:\/\/ayeninsaat.com\/index.php\/wp-json\/wp\/v2\/pages\/2980\/revisions"}],"predecessor-version":[{"id":3362,"href":"https:\/\/ayeninsaat.com\/index.php\/wp-json\/wp\/v2\/pages\/2980\/revisions\/3362"}],"wp:attachment":[{"href":"https:\/\/ayeninsaat.com\/index.php\/wp-json\/wp\/v2\/media?parent=2980"}],"curies":[{"name":"wp","href":"https:\/\/api.w.org\/{rel}","templated":true}]}}