{"id":2982,"date":"2024-01-11T01:22:03","date_gmt":"2024-01-10T22:22:03","guid":{"rendered":"https:\/\/ayeninsaat.com\/?page_id=2982"},"modified":"2024-06-26T00:39:45","modified_gmt":"2024-06-25T21:39:45","slug":"kalip-demir-isciligi","status":"publish","type":"page","link":"https:\/\/ayeninsaat.com\/index.php\/kalip-demir-isciligi\/","title":{"rendered":"Kal\u0131p &#8211; Demir \u0130\u015f\u00e7ili\u011fi"},"content":{"rendered":"\t\t<div data-elementor-type=\"wp-page\" data-elementor-id=\"2982\" class=\"elementor elementor-2982\">\n\t\t\t\t\t\t<section class=\"elementor-section elementor-top-section elementor-element elementor-element-9de350b elementor-section-boxed elementor-section-height-default elementor-section-height-default\" data-id=\"9de350b\" data-element_type=\"section\">\n\t\t\t\t\t\t<div class=\"elementor-container elementor-column-gap-no\">\n\t\t\t\t\t<div class=\"elementor-column elementor-col-66 elementor-top-column elementor-element elementor-element-f5a9439\" data-id=\"f5a9439\" data-element_type=\"column\">\n\t\t\t<div class=\"elementor-widget-wrap elementor-element-populated\">\n\t\t\t\t\t\t<div class=\"elementor-element elementor-element-e5674cc elementor-widget elementor-widget-constech_service_details\" data-id=\"e5674cc\" data-element_type=\"widget\" data-widget_type=\"constech_service_details.default\">\n\t\t\t\t<div class=\"elementor-widget-container\">\n\t\t\t\t\t        \n\t\t\t\t\n\t\t\t\t\n\t\t\t\t\n\t\t<section class=\"service-details service-details-3 p_relative\">\n            <div class=\"auto-container\">\n                <div class=\"row clearfix\">\n                    <div class=\"col-lg-12 col-md-12 col-sm-12 content-side\">\n                        <div class=\"service-details-content\">\n                            <div data-animation-box class=\"content-one p_relative d_block mb_65\">\n                                <figure data-animation-text class=\"overlay-anim-black-bg image p_relative d_block mb_60\" data-animation=\"overlay-animation\">\n\t\t\t\t\t\t\t\t\t   \n\t\t\t\t\t\t\t\t\t<img decoding=\"async\" src=\"https:\/\/ayeninsaat.com\/wp-content\/uploads\/2024\/01\/kalip-demir-isciligi.jpeg.jpg\" alt=\"\"\/>\n\t\t\t\t\t\t\t\t\t\t\t\t\t\t\t\t\t<\/figure>\n                                <div class=\"text p_relative d_block mb_60\">\n                                    <h2 class=\"d_block fs_40 fw_sbold lh_50 mb_25 font_family_jost\">Kal\u0131p - Demir \u0130\u015f\u00e7ili\u011fi<\/h2>\n                                    <p class=\"font_family_poppins mb_25\">Kal\u0131p Demir \u0130\u015f\u00e7ili\u011fi: \u0130n\u015faat Sekt\u00f6r\u00fcn\u00fcn Temel Ta\u015flar\u0131ndan Birisi\n<br>\n<br>\n\u0130n\u015faat sekt\u00f6r\u00fc, s\u00fcrekli geli\u015fen ve de\u011fi\u015fen bir yap\u0131ya sahip olup, modern mimari ve m\u00fchendislik projelerinin vazge\u00e7ilmez bir par\u00e7as\u0131d\u0131r. Bu projelerin ger\u00e7ekle\u015ftirilmesinde \u00f6nemli bir rol oynayan unsurlardan biri de kal\u0131p demir i\u015f\u00e7ili\u011fidir. Kal\u0131p demir i\u015f\u00e7ileri, betonarme yap\u0131larda kullan\u0131lan kal\u0131plar\u0131n haz\u0131rlanmas\u0131 ve kurulumu konusunda uzmanla\u015fm\u0131\u015f profesyonellerdir.\n<br>\n<br>\nG\u00f6revleri ve Sorumluluklar\u0131:\n<br>\n<br>\nKal\u0131p Haz\u0131rlama:\n<br>\nKal\u0131p demir i\u015f\u00e7ileri, mimar ve m\u00fchendisler taraf\u0131ndan belirlenen tasar\u0131mlara uygun olarak kal\u0131plar\u0131 haz\u0131rlarlar. Bu s\u00fcre\u00e7, \u00f6l\u00e7\u00fcmler almay\u0131, malzeme kesimini ve \u015fekillendirmeyi i\u00e7erir.\n<br>\n<br>\nKal\u0131p Kurma:\n<br>\nHaz\u0131rlanan kal\u0131plar\u0131, in\u015faat sahas\u0131nda do\u011fru bir \u015fekilde kurarlar. Bu, \u00e7elik iskeletin montaj\u0131n\u0131, kal\u0131p panellerinin d\u00fczg\u00fcn bir \u015fekilde birle\u015ftirilmesini ve betonun d\u00f6k\u00fclmesi i\u00e7in haz\u0131r hale getirilmesini i\u00e7erir.\n<br>\n<br>\n\nD\u00f6kme \u0130\u015flemleri:\n<br>\nBetonun kal\u0131ba d\u00f6k\u00fclmesi s\u0131ras\u0131nda, kal\u0131p demir i\u015f\u00e7ileri do\u011fru y\u00f6nergeleri takip ederek betonun homojen bir \u015fekilde da\u011f\u0131lmas\u0131n\u0131 sa\u011flarlar. Bu a\u015fama, kal\u0131b\u0131n do\u011fru bir \u015fekilde desteklenmesi ve betonun gerekti\u011fi gibi d\u00fczeltilmesini i\u00e7erir.\n<br>\n<br>\n\nKal\u0131p Bak\u0131m\u0131:\n<br>\n\u0130n\u015faat s\u00fcrecinde, kal\u0131plar\u0131n d\u00fczg\u00fcn \u00e7al\u0131\u015fmas\u0131n\u0131 sa\u011flamak i\u00e7in bak\u0131m ve onar\u0131m i\u015flemlerini ger\u00e7ekle\u015ftirirler. Bu, kal\u0131plar\u0131n proje s\u00fcresince verimli bir \u015fekilde kullan\u0131lmas\u0131n\u0131 sa\u011flar.\n<br>\n<br>\nG\u00fcvenlik Kurallar\u0131na Uygunluk:\n<br>\nKal\u0131p demir i\u015f\u00e7ileri, i\u015f sa\u011fl\u0131\u011f\u0131 ve g\u00fcvenli\u011fi standartlar\u0131na s\u0131k\u0131 bir \u015fekilde uyarlar. \u0130n\u015faat sahas\u0131ndaki riskleri en aza indirmek ve emniyeti sa\u011flamak i\u00e7in gerekli \u00f6nlemleri al\u0131rlar.\n<br>\n<br>\n\nKal\u0131p Demir \u0130\u015f\u00e7ili\u011finin \u00d6nemi:\n<br>\n\nKal\u0131p demir i\u015f\u00e7ili\u011fi, in\u015faat projelerinin ba\u015far\u0131yla tamamlanmas\u0131 i\u00e7in kritik bir rol oynar. Do\u011fru haz\u0131rlanan ve kurulan kal\u0131plar, yap\u0131lar\u0131n dayan\u0131kl\u0131l\u0131\u011f\u0131n\u0131, g\u00fcvenli\u011fini ve estetik g\u00f6r\u00fcn\u00fcm\u00fcn\u00fc belirleyen fakt\u00f6rlerdir. Ayr\u0131ca, kal\u0131p demir i\u015f\u00e7ili\u011fi, in\u015faat maliyetlerini optimize etme ve zaman tasarrufu sa\u011flama a\u00e7\u0131s\u0131ndan da b\u00fcy\u00fck \u00f6neme sahiptir.\n<br>\n<br>\n\nSonu\u00e7 olarak, kal\u0131p demir i\u015f\u00e7ili\u011fi, in\u015faat sekt\u00f6r\u00fcn\u00fcn temel ta\u015flar\u0131ndan biri olarak kabul edilir. Profesyonel kal\u0131p demir i\u015f\u00e7ileri, teknik bilgi, beceri ve deneyimleriyle birlikte, her t\u00fcrl\u00fc in\u015faat projesine de\u011fer katmaktad\u0131r. Bu uzmanl\u0131k alan\u0131, s\u00fcrd\u00fcr\u00fclebilir ve g\u00fcvenli yap\u0131lar in\u015fa etme hedefine y\u00f6nelik \u00f6nemli bir ad\u0131md\u0131r.<\/p>\n                                <\/div>\n                            <\/div>\n\t\t\t\t\t\t\t                        <\/div>\n                    <\/div>\n                <\/div>\n            <\/div>\n        <\/section>\n\t\t\n\t\t             \n\t\t\t\t\t\t<\/div>\n\t\t\t\t<\/div>\n\t\t\t\t<div class=\"elementor-element elementor-element-8814606 elementor-widget elementor-widget-constech_service_details2\" data-id=\"8814606\" data-element_type=\"widget\" data-widget_type=\"constech_service_details2.default\">\n\t\t\t\t<div class=\"elementor-widget-container\">\n\t\t\t\t\t        \n\t\t\t\t\n\t\t\t\t\n\t\t\t\t\n\t\t<section class=\"service-details service-details-3 p_relative \">\n            <div class=\"auto-container\">\n                <div class=\"row clearfix\">\n                    <div class=\"col-lg-12 col-md-12 col-sm-12 content-side\">\n                        <div class=\"service-details-content\">\n                            <div data-animation-box class=\"two-column p_relative d_block mb_70\">\n                                <div class=\"row clearfix\">\n                                    <div class=\"col-lg-6 col-md-6 col-sm-12 text-column\">\n                                        <div class=\"text\">\n                                            <h3 class=\"d_block fs_30 lh_40 fw_sbold mb_25\">Uzman Kadromuzla \u00c7al\u0131\u015f\u0131n<\/h3>\n                                            <p class=\"font_family_poppins mb_25\">%100 Memnuniyet garantisi ile uzman kadromuzla \u00e7al\u0131\u015f\u0131n.<\/p>\n                                            <ul class=\"list clearfix\">\n\t\t\t\t\t\t\t\t\t\t\t\t                                                <li class=\"p_relative pl_30 d_block fs_16 font_family_inter fw_medium color_black mb_8\">Profesyonel<\/li>\n\t\t\t\t\t\t\t\t\t\t\t\t                                                <li class=\"p_relative pl_30 d_block fs_16 font_family_inter fw_medium color_black mb_8\">Dinamik<\/li>\n\t\t\t\t\t\t\t\t\t\t\t\t                                                <li class=\"p_relative pl_30 d_block fs_16 font_family_inter fw_medium color_black mb_8\">Yenilik\u00e7i<\/li>\n\t\t\t\t\t\t\t\t\t\t\t\t                                            <\/ul>\n                                        <\/div>\n                                    <\/div>\n                                    <div class=\"col-lg-6 col-md-6 col-sm-12 image-column\">\n                                        <figure class=\"overlay-anim-black-bg image p_relative d_block b_radius_10 mt_9\" data-animation=\"overlay-animation\">\n\t\t\t\t\t\t\t\t\t\t\t   \n\t\t\t\t\t\t\t\t\t\t\t<img decoding=\"async\" src=\"https:\/\/ayeninsaat.com\/wp-content\/uploads\/2023\/12\/akrilik.jpg\" alt=\"\"\/>\n\t\t\t\t\t\t\t\t\t\t\t\t\t\t\t\t\t\t\t\t\t<\/figure>\n                                    <\/div>\n                                <\/div>\n                            <\/div>\n                            <div class=\"quote-inner p_relative d_block mb_60\">\n                                <blockquote class=\"p_relative d_block b_radius_10 pt_30 pr_180 pb_30 pl_40 m_0\">\n                                    <h6 class=\"fs_16 lh_28 mb_5 fw_normal\">Ayen yap\u0131 alan\u0131nda son derece uzman kadrosu ile kaliteden \u00f6d\u00fcn vermedenb\u00fct\u00e7enize uygun fiyatlar sunarak bir \u00e7ok \u00f6deme se\u00e7ene\u011fi sa\u011flar.<\/h6>\n                                    <h5 class=\"d_block fs_18 lh_30 fw_sbold pl_25\">Ayen \u0130n\u015faat<\/h5>\n                                    <div class=\"icon p_absolute t_45 r_40 fs_55\"><i class=\"icon-176\"><\/i><\/div>\n                                <\/blockquote>\n                            <\/div>\n                        <\/div>\n                    <\/div>\n                <\/div>\n            <\/div>\n        <\/section>\n\t\t\n\t\t             \n\t\t\t\t\t\t<\/div>\n\t\t\t\t<\/div>\n\t\t\t\t\t<\/div>\n\t\t<\/div>\n\t\t\t\t<div class=\"elementor-column elementor-col-33 elementor-top-column elementor-element elementor-element-a2fe347\" data-id=\"a2fe347\" data-element_type=\"column\">\n\t\t\t<div class=\"elementor-widget-wrap elementor-element-populated\">\n\t\t\t\t\t\t<div class=\"elementor-element elementor-element-142ab7c elementor-widget elementor-widget-constech_wi_catagory\" data-id=\"142ab7c\" data-element_type=\"widget\" data-widget_type=\"constech_wi_catagory.default\">\n\t\t\t\t<div class=\"elementor-widget-container\">\n\t\t\t\t\t\t\t\n\t\t\t\t\n\t\t\t\t\n\t\t<section class=\"service-details service-details-2 p_relative \">\n            <div class=\"auto-container\">\n                <div class=\"row clearfix\">\n                    <div class=\"col-lg-12 col-md-12 col-sm-12 sidebar-side\">\n                        <div class=\"service-sidebar p_relative d_block mr_30\">\n                            <div class=\"category-widget p_relative d_block mb_60\">\n                                <ul class=\"category-list clearfix\">\n                                    \t\t\t\t\t\t\t\t\t\t\t\t\t\t\t\t\t\t\n\t\t\t\t\t\t\t\t\t<li class=\"p_relative d_block mb_10\">\n\t\t\t\t\t\t\t\t\t<a href=\"https:\/\/ayeninsaat.com\/index.php\/epoksi-zemin-kaplama\/\" class=\"p_relative d_block fs_16 fw_sbold font_family_inter current\"><i class=\" icon-11\"><\/i>\n\t\t\t\t\t\t\t\t\tEpoksi Zemin Kaplama\t\t\t\t\t\t\t\t\t<\/a>\n\t\t\t\t\t\t\t\t\t<\/li>\n\t\t\t\t\t\t\t\t\t\n\t\t\t\t\t\t\t\t\t\t\t\t\t\t\t\t\t\t\t\t\t\t\t\t\t\t\t\t\t\t\t\t\t\t\t\t\n\t\t\t\t\t\t\t\t\t<li class=\"p_relative d_block mb_10\">\n\t\t\t\t\t\t\t\t\t<a href=\"https:\/\/ayeninsaat.com\/index.php\/kaucuk-zemin-kaplama\/\" class=\"p_relative d_block fs_16 fw_sbold font_family_inter\"><i class=\" icon-12\"><\/i>\n\t\t\t\t\t\t\t\t\t\nKau\u00e7uk Zemin Kaplama\t\t\t\t\t\t\t\t\t<\/a>\n\t\t\t\t\t\t\t\t\t<\/li>\n\t\t\t\t\t\t\t\t\t\n\t\t\t\t\t\t\t\t\t\t\t\t\t\t\t\t\t\t\t\t\t\t\t\t\t\t\t\t\t\t\t\t\t\t\t\t\n\t\t\t\t\t\t\t\t\t<li class=\"p_relative d_block mb_10\">\n\t\t\t\t\t\t\t\t\t<a href=\"https:\/\/ayeninsaat.com\/index.php\/poliuretan-kaplama\/\" class=\"p_relative d_block fs_16 fw_sbold font_family_inter\"><i class=\" icon-13\"><\/i>\n\t\t\t\t\t\t\t\t\tPoli\u00fcretan Kaplama\t\t\t\t\t\t\t\t\t<\/a>\n\t\t\t\t\t\t\t\t\t<\/li>\n\t\t\t\t\t\t\t\t\t\n\t\t\t\t\t\t\t\t\t\t\t\t\t\t\t\t\t\t\t\t\t\t\t\t\t\t\t\t\t\t\t\t\t\t\t\t\n\t\t\t\t\t\t\t\t\t<li class=\"p_relative d_block mb_10\">\n\t\t\t\t\t\t\t\t\t<a href=\"https:\/\/ayeninsaat.com\/index.php\/akrilik-zemin-kaplama\/\" class=\"p_relative d_block fs_16 fw_sbold font_family_inter\"><i class=\" icon-118\"><\/i>\n\t\t\t\t\t\t\t\t\tAkrilik Zemin Kaplama\t\t\t\t\t\t\t\t\t<\/a>\n\t\t\t\t\t\t\t\t\t<\/li>\n\t\t\t\t\t\t\t\t\t\n\t\t\t\t\t\t\t\t\t\t\t\t\t\t\t\t\t\t\t\t\t\t\t\t\t\t\t\t\t\t\t\t\t\t\t\t\n\t\t\t\t\t\t\t\t\t<li class=\"p_relative d_block mb_10\">\n\t\t\t\t\t\t\t\t\t<a href=\"https:\/\/ayeninsaat.com\/index.php\/pvc-zemin-kaplama\/\" class=\"p_relative d_block fs_16 fw_sbold font_family_inter\"><i class=\" icon-121\"><\/i>\n\t\t\t\t\t\t\t\t\tPVC Zemin Kaplama\t\t\t\t\t\t\t\t\t<\/a>\n\t\t\t\t\t\t\t\t\t<\/li>\n\t\t\t\t\t\t\t\t\t\n\t\t\t\t\t\t\t\t\t\t\t\t\t\t\t\t\t\t\t\t\t\t\t\t\t\t\t\t\t\t\t\t\t\t\t\t\n\t\t\t\t\t\t\t\t\t<li class=\"p_relative d_block mb_10\">\n\t\t\t\t\t\t\t\t\t<a href=\"https:\/\/ayeninsaat.com\/index.php\/cati-teras-epoksi-yalitim\/\" class=\"p_relative d_block fs_16 fw_sbold font_family_inter\"><i class=\" icon-121\"><\/i>\n\t\t\t\t\t\t\t\t\t\n\u00c7at\u0131-Teras Epoksi Yal\u0131t\u0131m\t\t\t\t\t\t\t\t\t<\/a>\n\t\t\t\t\t\t\t\t\t<\/li>\n\t\t\t\t\t\t\t\t\t\n\t\t\t\t\t\t\t\t\t\t\t\t\t\t\t\t\t\t\t\t\t\t\t\t\t\t\t\t\t\t\t\t\t\t\t\t\n\t\t\t\t\t\t\t\t\t<li class=\"p_relative d_block mb_10\">\n\t\t\t\t\t\t\t\t\t<a href=\"https:\/\/ayeninsaat.com\/index.php\/havuz-yalitimi-epoksi-islemi\/\" class=\"p_relative d_block fs_16 fw_sbold font_family_inter\"><i class=\" icon-121\"><\/i>\n\t\t\t\t\t\t\t\t\tHavuz Yal\u0131t\u0131m\u0131 Epoksi \u0130\u015flemi\t\t\t\t\t\t\t\t\t<\/a>\n\t\t\t\t\t\t\t\t\t<\/li>\n\t\t\t\t\t\t\t\t\t\n\t\t\t\t\t\t\t\t\t\t\t\t\t\t\t\t\t\t\t\t\t\t\t\t\t\t\t\t\t\t\t\t\t\t\t\t\n\t\t\t\t\t\t\t\t\t<li class=\"p_relative d_block mb_10\">\n\t\t\t\t\t\t\t\t\t<a href=\"https:\/\/ayeninsaat.com\/index.php\/poliurea-kaplama\/\" class=\"p_relative d_block fs_16 fw_sbold font_family_inter\"><i class=\" icon-121\"><\/i>\n\t\t\t\t\t\t\t\t\tPoli\u00fcrea Kaplama\t\t\t\t\t\t\t\t\t<\/a>\n\t\t\t\t\t\t\t\t\t<\/li>\n\t\t\t\t\t\t\t\t\t\n\t\t\t\t\t\t\t\t\t\t\t\t\t\t\t\t\t\t\t\t\t\t\t\t\t\t\t\t\t\t\t\t\t\t\t\t\n\t\t\t\t\t\t\t\t\t<li class=\"p_relative d_block mb_10\">\n\t\t\t\t\t\t\t\t\t<a href=\"https:\/\/ayeninsaat.com\/index.php\/g-e-s-montaj\/\" class=\"p_relative d_block fs_16 fw_sbold font_family_inter\"><i class=\" icon-121\"><\/i>\n\t\t\t\t\t\t\t\t\tG.E.S. Montaj\t\t\t\t\t\t\t\t\t<\/a>\n\t\t\t\t\t\t\t\t\t<\/li>\n\t\t\t\t\t\t\t\t\t\n\t\t\t\t\t\t\t\t\t\t\t\t\t\t\t\t\t\t\t\t\t\t\t\t\t\t\t\t\t\t\t\t\t\t\t\t\n\t\t\t\t\t\t\t\t\t<li class=\"p_relative d_block mb_10\">\n\t\t\t\t\t\t\t\t\t<a href=\"https:\/\/ayeninsaat.com\/index.php\/kalip-demir-isciligi\/\" class=\"p_relative d_block fs_16 fw_sbold font_family_inter\"><i class=\" icon-121\"><\/i>\n\t\t\t\t\t\t\t\t\tKal\u0131p - Demir \u0130\u015f\u00e7ili\u011fi\t\t\t\t\t\t\t\t\t<\/a>\n\t\t\t\t\t\t\t\t\t<\/li>\n\t\t\t\t\t\t\t\t\t\n\t\t\t\t\t\t\t\t\t\t\t\t\t\t\t\t\t\t\t\t\t\t\t\t\t\t\t\t\t\t\t\t\t\t\t\t\n\t\t\t\t\t\t\t\t\t<li class=\"p_relative d_block mb_10\">\n\t\t\t\t\t\t\t\t\t<a href=\"https:\/\/ayeninsaat.com\/index.php\/alci-boya-siva\/\" class=\"p_relative d_block fs_16 fw_sbold font_family_inter\"><i class=\" icon-121\"><\/i>\n\t\t\t\t\t\t\t\t\tAl\u00e7\u0131 - Boya - S\u0131va\t\t\t\t\t\t\t\t\t<\/a>\n\t\t\t\t\t\t\t\t\t<\/li>\n\t\t\t\t\t\t\t\t\t\n\t\t\t\t\t\t\t\t\t\t\t\t\t\t\t\t\t\t\t\t\t\t\t\t\t\t\t\t\t\t\t\t\t\t\t\t\n\t\t\t\t\t\t\t\t\t<li class=\"p_relative d_block mb_10\">\n\t\t\t\t\t\t\t\t\t<a href=\"https:\/\/ayeninsaat.com\/index.php\/mutfak-dekorasyon\/\" class=\"p_relative d_block fs_16 fw_sbold font_family_inter\"><i class=\" icon-121\"><\/i>\n\t\t\t\t\t\t\t\t\tMutfak Dekorasyon\t\t\t\t\t\t\t\t\t<\/a>\n\t\t\t\t\t\t\t\t\t<\/li>\n\t\t\t\t\t\t\t\t\t\n\t\t\t\t\t\t\t\t\t\t\t\t\t\t\t\t\t\t\t\t\t\t\t\t\t\t\t\t\t\t\t\t\t\t\t\t\n\t\t\t\t\t\t\t\t\t<li class=\"p_relative d_block mb_10\">\n\t\t\t\t\t\t\t\t\t<a href=\"https:\/\/ayeninsaat.com\/index.php\/ic-mimarlik-ev-dekorasyon\/\" class=\"p_relative d_block fs_16 fw_sbold font_family_inter\"><i class=\" icon-121\"><\/i>\n\t\t\t\t\t\t\t\t\t\u0130\u00e7 Mimarl\u0131k - Ev Dekorasyon\t\t\t\t\t\t\t\t\t<\/a>\n\t\t\t\t\t\t\t\t\t<\/li>\n\t\t\t\t\t\t\t\t\t\n\t\t\t\t\t\t\t\t\t\t\t\t\t\t\t\t\t\t\t\t\t\t\t\t\t\t\t\t\t\t\t\t\t\t\t\t\n\t\t\t\t\t\t\t\t\t<li class=\"p_relative d_block mb_10\">\n\t\t\t\t\t\t\t\t\t<a href=\"https:\/\/ayeninsaat.com\/index.php\/pergola-tente-kepenk\/\" class=\"p_relative d_block fs_16 fw_sbold font_family_inter\"><i class=\" icon-121\"><\/i>\n\t\t\t\t\t\t\t\t\tPergola - Tente - Kepenk\t\t\t\t\t\t\t\t\t<\/a>\n\t\t\t\t\t\t\t\t\t<\/li>\n\t\t\t\t\t\t\t\t\t\n\t\t\t\t\t\t\t\t\t\t\t\t\t\t\t\t\t\t\t\t\t\t\t\t\t\t\t\t\t\t\t\t\t\t\t\t\n\t\t\t\t\t\t\t\t\t<li class=\"p_relative d_block mb_10\">\n\t\t\t\t\t\t\t\t\t<a href=\"https:\/\/ayeninsaat.com\/index.php\/dekoratif-italyan-boya\/\" class=\"p_relative d_block fs_16 fw_sbold font_family_inter\"><i class=\" icon-121\"><\/i>\n\t\t\t\t\t\t\t\t\tDekoratif \u0130talyan Boya\t\t\t\t\t\t\t\t\t<\/a>\n\t\t\t\t\t\t\t\t\t<\/li>\n\t\t\t\t\t\t\t\t\t\n\t\t\t\t\t\t\t\t\t\t\t\t\t\t\t\t\t\t\t\t\t\t\t\t\t\t\t\t\t\t\t\t\t\t\t\t\n\t\t\t\t\t\t\t\t\t<li class=\"p_relative d_block mb_10\">\n\t\t\t\t\t\t\t\t\t<a href=\"https:\/\/ayeninsaat.com\/index.php\/tekne-yat-epoksi-ve-mobilya-uygulamalari\/\" class=\"p_relative d_block fs_16 fw_sbold font_family_inter\"><i class=\" icon-121\"><\/i>\n\t\t\t\t\t\t\t\t\tTekne - Yat Epoksi ve Mobilya Uygulamalar\u0131\t\t\t\t\t\t\t\t\t<\/a>\n\t\t\t\t\t\t\t\t\t<\/li>\n\t\t\t\t\t\t\t\t\t\n\t\t\t\t\t\t\t\t\t\t\t\t\t\t\t\t\t\t                                <\/ul>\n                            <\/div>\n                        <\/div>\n                    <\/div>\n                <\/div>\n            <\/div>\n        <\/section>\n\t\t\n\t\t\t\t\n\t\t\t\t\n\t\t\t\t\n\t\t\t\t\t\t<\/div>\n\t\t\t\t<\/div>\n\t\t\t\t<div class=\"elementor-element elementor-element-82b06c5 elementor-widget elementor-widget-constech_wi_info\" data-id=\"82b06c5\" data-element_type=\"widget\" data-widget_type=\"constech_wi_info.default\">\n\t\t\t\t<div class=\"elementor-widget-container\">\n\t\t\t\t\t\t\t\n\t\t\t\t\n\t\t\t\t\n\t\t\t\t\n\t\t<section class=\"service-details service-details-3 p_relative pdoff\">\n            <div class=\"auto-container\">\n                <div class=\"row clearfix\">\n                    <div class=\"col-lg-12 col-md-12 col-sm-12 sidebar-side\">\n                        <div class=\"service-sidebar p_relative d_block mr_30\">\n                            <div class=\"contact-widget sidebar-widget p_relative d_block mb_40\">\n\t\t\t\t\t\t\t\t                                <div class=\"widget-title p_relative d_block mb_17\">\n                                    <h3 class=\"d_block fs_24 lh_30 fw_sbold font_family_jost\">\u0130LET\u0130\u015e\u0130M<\/h3>\n                                <\/div>\n\t\t\t\t\t\t\t\t                                <div class=\"text p_relative d_block mb_18\">\n                                    <p class=\"fs_16 font_family_poppins color_black fw_medium\">\u00dccretsiz Ke\u015fif \u0130\u00e7in Arayabilirsiniz.<\/p>\n                                <\/div>\n                                <ul class=\"info-list clearfix\"> \n\t\t\t\t\t\t\t\t\n\t\t\t\t\t\t\t\t\t\t\t\t\t\t\t\t\t\n                                    <li class=\"p_relative d_block fs_15 font_family_inter color_black pl_30 mb_10\"><i class=\" icon-2\"><\/i>\n\t\t\t\t\t\t\t\t\t\n\t\t\t\t\t\t\t\t\tTelefon : \t\t\t\t\t\t\t\t\t<a href=\"tel:05320662703\" class=\"d_iblock color_black\">+90 (532) 066 27 03<\/a><\/li>\n\t\t\t\t\t\t\t\t\t\n\t\t\t\t\t\t\t\t\t\t\t\t\t\t\t\t\t\n                                    <li class=\"p_relative d_block fs_15 font_family_inter color_black pl_30 mb_10\"><i class=\" icon-137\"><\/i>\n\t\t\t\t\t\t\t\t\t\n\t\t\t\t\t\t\t\t\tAdres : \t\t\t\t\t\t\t\t\tG\u00fcrp\u0131nar, 7232\/6 Sk. No:40<br>35060 Bornova\/\u0130zmir<\/li>\n\t\t\t\t\t\t\t\t\t\n\t\t\t\t\t\t\t\t\t\t\t\t\t\t\t\t\t\n                                    <li class=\"p_relative d_block fs_15 font_family_inter color_black pl_30 mb_10\"><i class=\"fas fa-mail-bulk\"><\/i>\n\t\t\t\t\t\t\t\t\t\n\t\t\t\t\t\t\t\t\tE-mail : \t\t\t\t\t\t\t\t\t<a href=\"mailto:iletisim@ayeninsaat.com\" class=\"d_iblock color_black\">iletisim@ayeninsaat.com<\/a><\/li>\n\t\t\t\t\t\t\t\t\t\n\t\t\t\t\t\t\t\t\t\t\t\t\t\t\t\t\t\t\n                                <\/ul>\n                                <ul class=\"social-links clearfix p_relative d_block mt_18\">\n\t\t\t\t\t\t\t\t\n\t\t\t\t\t\t\t\t\t\t\t\t\t\t\t\t\t\n                                    <li class=\"p_relative d_iblock float_left mr_30\"><a href=\"https:\/\/www.instagram.com\/ayeninsaat\/\" class=\"p_relative d_iblock fs_17\"><i class=\"fab fab fa-instagram\"><\/i><\/a><\/li>\n\t\t\t\t\t\t\t\t\t\n\t\t\t\t\t\t\t\t\t\t\t\t\t\t\t\t\t\n                                    <li class=\"p_relative d_iblock float_left mr_30\"><a href=\"https:\/\/www.facebook.com\/ayeninsaat\/\" class=\"p_relative d_iblock fs_17\"><i class=\"fab fab fa-facebook-f\"><\/i><\/a><\/li>\n\t\t\t\t\t\t\t\t\t\n\t\t\t\t\t\t\t\t\t\t\t\t\t\t\t\t\t\n                                    <li class=\"p_relative d_iblock float_left mr_30\"><a href=\"https:\/\/www.youtube.com\/ayeninsaat\" class=\"p_relative d_iblock fs_17\"><i class=\"fab fab fa-youtube\"><\/i><\/a><\/li>\n\t\t\t\t\t\t\t\t\t\n\t\t\t\t\t\t\t\t\t\t\t\t\t\t\t\t\t\t\n                                <\/ul> \n                            <\/div>\n                        <\/div>\n                    <\/div>\n                <\/div>\n            <\/div>\n        <\/section>\n\t\t\n\t\t\t\t\n\t\t\t\t\n\t\t\t\t\t\t<\/div>\n\t\t\t\t<\/div>\n\t\t\t\t<div class=\"elementor-element elementor-element-d63790a elementor-widget elementor-widget-constech_wi_download\" data-id=\"d63790a\" data-element_type=\"widget\" data-widget_type=\"constech_wi_download.default\">\n\t\t\t\t<div class=\"elementor-widget-container\">\n\t\t\t\t\t\t\t\n\t\t\t\t\n        <section class=\"service-details service-details-3 p_relative \">\n            <div class=\"auto-container\">\n                <div class=\"row clearfix\">\n                    <div class=\"col-lg-12 col-md-12 col-sm-12 sidebar-side\">\n                        <div class=\"service-sidebar p_relative d_block mr_30\">\n                            <div class=\"download-widget\">\n\t\t\t\t\t\t\t\n\t\t\t\t\t\t\t\t\t\t\t\t\t\t\t\n                                <div class=\"widget-title p_relative d_block mb_17\">\n                                    <h3 class=\"d_block fs_24 lh_30 fw_sbold\">Katalo\u011fumuza G\u00f6z At\u0131n<\/h3>\n                                <\/div>\n                                <div class=\"text p_relative d_block mb_25\">\n                                    <p class=\"fs_16 font_family_poppins color_black fw_medium\">Son kalite \u00fcr\u00fcnlerimiz ve ustal\u0131\u011f\u0131m\u0131zla hizmetinizdeyiz.<\/p>\n                                <\/div>\n\t\t\t\t\t\t\t\t\n\t\t\t\t\t\t\t\t\t\t\t\t\t\t\t\t\n                                <ul class=\"download-list clearfix\">\n\t\t\t\t\t\t\t\t\n\t\t\t\t\t\t\t\t\t\t\t\t\t\t\t\t\t\n                                    <li class=\"p_relative d_block mb_10\">\n                                        <a href=\"#\" class=\"p_relative d_block pt_17 pr_20 pb_15 pl_65 b_radius_5\">\n                                            <i class=\" icon-175\"><\/i>\n                                            <h6 class=\"d_block fs_15 fw_normal mb_1 lh_20 tran_5\">AYEN \u0130N\u015eAAT - 2024 KATALOG<\/h6>\n                                            <span class=\"p_relative d_block fs_15 font_family_inter lh_20 tran_5\">13.2 MB<\/span>\n                                        <\/a>\n                                    <\/li>\n\t\t\t\t\t\t\t\t\t\n\t\t\t\t\t\t\t\t\t\t\t\t\t\t\t\t\t\t\n                                <\/ul>\n                            <\/div>\n                        <\/div>\n                    <\/div>\n                <\/div>\n            <\/div>\n        <\/section>\n\t\t\n\t\t\t\t\n\t\t\t\t\t\t<\/div>\n\t\t\t\t<\/div>\n\t\t\t\t\t<\/div>\n\t\t<\/div>\n\t\t\t\t\t<\/div>\n\t\t<\/section>\n\t\t\t\t<\/div>\n\t\t","protected":false},"excerpt":{"rendered":"<p>Kal\u0131p &#8211; Demir \u0130\u015f\u00e7ili\u011fi Kal\u0131p Demir \u0130\u015f\u00e7ili\u011fi: \u0130n\u015faat Sekt\u00f6r\u00fcn\u00fcn Temel Ta\u015flar\u0131ndan Birisi \u0130n\u015faat sekt\u00f6r\u00fc, s\u00fcrekli geli\u015fen ve de\u011fi\u015fen bir yap\u0131ya sahip olup, modern mimari ve m\u00fchendislik projelerinin vazge\u00e7ilmez bir par\u00e7as\u0131d\u0131r. Bu projelerin ger\u00e7ekle\u015ftirilmesinde \u00f6nemli bir rol oynayan unsurlardan biri de kal\u0131p demir i\u015f\u00e7ili\u011fidir. Kal\u0131p demir i\u015f\u00e7ileri, betonarme yap\u0131larda kullan\u0131lan kal\u0131plar\u0131n haz\u0131rlanmas\u0131 ve kurulumu konusunda uzmanla\u015fm\u0131\u015f [&hellip;]<\/p>\n","protected":false},"author":1,"featured_media":0,"parent":0,"menu_order":0,"comment_status":"closed","ping_status":"closed","template":"tpl-default-elementor.php","meta":{"om_disable_all_campaigns":false,"_monsterinsights_skip_tracking":false,"_monsterinsights_sitenote_active":false,"_monsterinsights_sitenote_note":"","_monsterinsights_sitenote_category":0,"footnotes":""},"class_list":["post-2982","page","type-page","status-publish","hentry"],"_links":{"self":[{"href":"https:\/\/ayeninsaat.com\/index.php\/wp-json\/wp\/v2\/pages\/2982","targetHints":{"allow":["GET"]}}],"collection":[{"href":"https:\/\/ayeninsaat.com\/index.php\/wp-json\/wp\/v2\/pages"}],"about":[{"href":"https:\/\/ayeninsaat.com\/index.php\/wp-json\/wp\/v2\/types\/page"}],"author":[{"embeddable":true,"href":"https:\/\/ayeninsaat.com\/index.php\/wp-json\/wp\/v2\/users\/1"}],"replies":[{"embeddable":true,"href":"https:\/\/ayeninsaat.com\/index.php\/wp-json\/wp\/v2\/comments?post=2982"}],"version-history":[{"count":13,"href":"https:\/\/ayeninsaat.com\/index.php\/wp-json\/wp\/v2\/pages\/2982\/revisions"}],"predecessor-version":[{"id":3371,"href":"https:\/\/ayeninsaat.com\/index.php\/wp-json\/wp\/v2\/pages\/2982\/revisions\/3371"}],"wp:attachment":[{"href":"https:\/\/ayeninsaat.com\/index.php\/wp-json\/wp\/v2\/media?parent=2982"}],"curies":[{"name":"wp","href":"https:\/\/api.w.org\/{rel}","templated":true}]}}