{"id":2986,"date":"2024-01-11T01:22:28","date_gmt":"2024-01-10T22:22:28","guid":{"rendered":"https:\/\/ayeninsaat.com\/?page_id=2986"},"modified":"2024-06-26T00:39:37","modified_gmt":"2024-06-25T21:39:37","slug":"ic-mimarlik-ev-dekorasyon","status":"publish","type":"page","link":"https:\/\/ayeninsaat.com\/index.php\/ic-mimarlik-ev-dekorasyon\/","title":{"rendered":"\u0130\u00e7 Mimarl\u0131k &#8211; Ev Dekorasyon"},"content":{"rendered":"\t\t<div data-elementor-type=\"wp-page\" data-elementor-id=\"2986\" class=\"elementor elementor-2986\">\n\t\t\t\t\t\t<section class=\"elementor-section elementor-top-section elementor-element elementor-element-9de350b elementor-section-boxed elementor-section-height-default elementor-section-height-default\" data-id=\"9de350b\" data-element_type=\"section\">\n\t\t\t\t\t\t<div class=\"elementor-container elementor-column-gap-no\">\n\t\t\t\t\t<div class=\"elementor-column elementor-col-66 elementor-top-column elementor-element elementor-element-f5a9439\" data-id=\"f5a9439\" data-element_type=\"column\">\n\t\t\t<div class=\"elementor-widget-wrap elementor-element-populated\">\n\t\t\t\t\t\t<div class=\"elementor-element elementor-element-e5674cc elementor-widget elementor-widget-constech_service_details\" data-id=\"e5674cc\" data-element_type=\"widget\" data-widget_type=\"constech_service_details.default\">\n\t\t\t\t<div class=\"elementor-widget-container\">\n\t\t\t\t\t        \n\t\t\t\t\n\t\t\t\t\n\t\t\t\t\n\t\t<section class=\"service-details service-details-3 p_relative\">\n            <div class=\"auto-container\">\n                <div class=\"row clearfix\">\n                    <div class=\"col-lg-12 col-md-12 col-sm-12 content-side\">\n                        <div class=\"service-details-content\">\n                            <div data-animation-box class=\"content-one p_relative d_block mb_65\">\n                                <figure data-animation-text class=\"overlay-anim-black-bg image p_relative d_block mb_60\" data-animation=\"overlay-animation\">\n\t\t\t\t\t\t\t\t\t   \n\t\t\t\t\t\t\t\t\t<img decoding=\"async\" src=\"https:\/\/ayeninsaat.com\/wp-content\/uploads\/2024\/01\/ev-ici-dekorasyon-2.jpg\" alt=\"\"\/>\n\t\t\t\t\t\t\t\t\t\t\t\t\t\t\t\t\t<\/figure>\n                                <div class=\"text p_relative d_block mb_60\">\n                                    <h2 class=\"d_block fs_40 fw_sbold lh_50 mb_25 font_family_jost\">\u0130\u00e7 Mimarl\u0131k - Ev Dekorasyon<\/h2>\n                                    <p class=\"font_family_poppins mb_25\">**\u0130\u00e7 Mimarl\u0131k ve Ev Dekorasyonu: Mekanlar\u0131 Estetik ve Fonksiyonel Hale Getirme Sanat\u0131**\n<br>\n<br>\n\u0130\u00e7 mimarl\u0131k, bir mekan\u0131n tasar\u0131m\u0131n\u0131, d\u00fczenini ve esteti\u011fini olu\u015fturan disiplindir. Ev dekorasyonu ise i\u00e7 mimarl\u0131k prensiplerini ev ortam\u0131na uygulayarak ya\u015fam alanlar\u0131n\u0131 ki\u015fiselle\u015ftirme s\u00fcrecidir. Bu iki alan bir araya geldi\u011finde, evler sadece ya\u015fam alanlar\u0131 olman\u0131n \u00f6tesinde, estetik a\u00e7\u0131dan \u00e7ekici ve fonksiyonel mekanlar haline gelir.\n<br>\n<br>\n**\u0130\u00e7 Mimarl\u0131k ve Ev Dekorasyonunda Temel \u0130lkeler:**\n<br>\n<br>\n1. **Fonksiyonellik ve Konfor:**\n   \u0130\u00e7 mimarl\u0131k ve ev dekorasyonunda en \u00f6nemli ilkelerden biri fonksiyonelliktir. Her tasar\u0131m, mekan\u0131n kullan\u0131m amac\u0131na ve sakinlerin ihtiya\u00e7lar\u0131na uygun olmal\u0131d\u0131r. Konfor, mobilya se\u00e7imi, d\u00fczenleme ve ayd\u0131nlatma gibi unsurlar\u0131n do\u011fru bir \u015fekilde entegre edilmesiyle elde edilir.\n<br>\n<br>\n2. **Renk Se\u00e7imi:**\n   Renk, mekan\u0131n genel atmosferini belirler. Renk paletinin se\u00e7imi, duvarlar, mobilyalar ve aksesuarlar aras\u0131nda uyumlu bir denge sa\u011flanmas\u0131n\u0131 gerektirir. Parlak renkler, enerji katar, n\u00f6tr renkler ise sakinlik ve zarafet yarat\u0131r.\n<br>\n<br>\n3. **Mobilya ve Aksesuar Se\u00e7imi:**\n   Mobilya ve aksesuarlar, i\u00e7 mekan\u0131n karakterini olu\u015fturan unsurlard\u0131r. Tarz, \u00f6l\u00e7ek ve renk uyumu \u00f6nemlidir. Mobilya se\u00e7imi, mekan\u0131n boyutlar\u0131na ve kullan\u0131m amac\u0131na uygun olmal\u0131d\u0131r.\n<br>\n<br>\n4. **Ay\u0131klama ve Minimalizm:**\n   \u0130\u00e7 mimarl\u0131kta minimalizm, fazlal\u0131klar\u0131 ortadan kald\u0131rmay\u0131 ve sade, temiz bir g\u00f6r\u00fcn\u00fcm elde etmeyi ama\u00e7lar. Az ama \u00f6z se\u00e7imlerle mekan\u0131n karma\u015f\u0131kl\u0131\u011f\u0131 azalt\u0131l\u0131r ve ferah bir atmosfer olu\u015fturulur.\n<br>\n<br>\n5. **Do\u011fru Ayd\u0131nlatma:**\n   \u0130yi bir i\u00e7 mekan tasar\u0131m\u0131, do\u011fru ayd\u0131nlatma ile desteklenmelidir. Ayd\u0131nlatma, mekan\u0131n genel atmosferini etkilerken ayn\u0131 zamanda belirli b\u00f6lgeleri vurgular. Do\u011fal \u0131\u015f\u0131k kullan\u0131m\u0131 da g\u00f6z \u00f6n\u00fcnde bulundurulmal\u0131d\u0131r.\n<br>\n<br>\n6. **Mekan\u0131n \u0130yi Kullan\u0131m\u0131:**\n   \u0130\u00e7 mimarl\u0131k, mekan\u0131n en iyi \u015fekilde kullan\u0131lmas\u0131n\u0131 sa\u011flamay\u0131 ama\u00e7lar. Pratik depolama \u00e7\u00f6z\u00fcmleri, \u00e7ok ama\u00e7l\u0131 mobilyalar ve ak\u0131ll\u0131 d\u00fczenleme, mekan\u0131n i\u015flevselli\u011fini art\u0131r\u0131r.\n<br>\n<br>\n7. **Ki\u015fiselle\u015ftirme:**\n   Ev dekorasyonu, sakinlerin ki\u015fisel tarzlar\u0131n\u0131 yans\u0131tabilecekleri bir f\u0131rsatt\u0131r. Ki\u015fisel objeler, aile foto\u011fraflar\u0131 ve \u00f6zel aksesuarlar, mekan\u0131n s\u0131cak ve \u00f6zel bir atmosfer kazanmas\u0131na katk\u0131da bulunur.\n<br>\n<br>\n8. **Teknoloji Entegrasyonu:**\n   Modern i\u00e7 mimarl\u0131k, teknolojinin do\u011fru bir \u015fekilde entegre edilmesine odaklan\u0131r. Ak\u0131ll\u0131 ev sistemleri, enerji verimlili\u011fi ve \u00e7a\u011fda\u015f teknolojik \u00f6zellikler, mekan\u0131 g\u00fcncel ve kullan\u0131\u015fl\u0131 hale getirebilir.\n<br>\n<br>\n**\u0130\u00e7 Mimarl\u0131k ve Ev Dekorasyonunda Trendler:**\n<br>\n<br>\n- **Do\u011fal Malzemeler:** Ah\u015fap, ta\u015f, deri gibi do\u011fal malzemelerin kullan\u0131m\u0131, mekana s\u0131cakl\u0131k ve do\u011fall\u0131k katar.\n  <br>\n<br>\n- **S\u00fcrd\u00fcr\u00fclebilir Tasar\u0131m:** \u00c7evre dostu malzemelerin tercih edilmesi, s\u00fcrd\u00fcr\u00fclebilir i\u00e7 mekan tasar\u0131m trendlerinden biridir.\n<br>\n<br>\n- **Vintage ve Geri D\u00f6n\u00fc\u015f:** Retro mobilya ve eski moda tarzlar\u0131n kullan\u0131m\u0131, ge\u00e7mi\u015fle ba\u011flant\u0131 kurma iste\u011fini yans\u0131t\u0131r.\n<br>\n<br>\n- **Esnek Mekanlar:** Evlerin \u00e7ok fonksiyonlu ve esnek tasarlanmas\u0131, de\u011fi\u015fen ihtiya\u00e7lara cevap verme amac\u0131n\u0131 ta\u015f\u0131r.\n<br>\n<br>\n\u0130\u00e7 mimarl\u0131k ve ev dekorasyonu, mekanlar\u0131 sadece ya\u015fanabilir alanlar olmaktan \u00e7\u0131kar\u0131p, estetik ve fonksiyonelli\u011fi birle\u015ftiren sanatsal bir s\u00fcre\u00e7tir. Her proje, sakinlerin ihtiya\u00e7lar\u0131na ve tarz\u0131na uygun \u00f6zel bir dokunu\u015f ile \u015fekillenir, b\u00f6ylece evler sadece d\u0131\u015ftan g\u00fczel de\u011fil ayn\u0131 zamanda i\u00e7eriden de anlam kazan\u0131r.<\/p>\n                                <\/div>\n                            <\/div>\n\t\t\t\t\t\t\t                        <\/div>\n                    <\/div>\n                <\/div>\n            <\/div>\n        <\/section>\n\t\t\n\t\t             \n\t\t\t\t\t\t<\/div>\n\t\t\t\t<\/div>\n\t\t\t\t<div class=\"elementor-element elementor-element-8814606 elementor-widget elementor-widget-constech_service_details2\" data-id=\"8814606\" data-element_type=\"widget\" data-widget_type=\"constech_service_details2.default\">\n\t\t\t\t<div class=\"elementor-widget-container\">\n\t\t\t\t\t        \n\t\t\t\t\n\t\t\t\t\n\t\t\t\t\n\t\t<section class=\"service-details service-details-3 p_relative \">\n            <div class=\"auto-container\">\n                <div class=\"row clearfix\">\n                    <div class=\"col-lg-12 col-md-12 col-sm-12 content-side\">\n                        <div class=\"service-details-content\">\n                            <div data-animation-box class=\"two-column p_relative d_block mb_70\">\n                                <div class=\"row clearfix\">\n                                    <div class=\"col-lg-6 col-md-6 col-sm-12 text-column\">\n                                        <div class=\"text\">\n                                            <h3 class=\"d_block fs_30 lh_40 fw_sbold mb_25\">Uzman Kadromuzla \u00c7al\u0131\u015f\u0131n<\/h3>\n                                            <p class=\"font_family_poppins mb_25\">%100 Memnuniyet garantisi ile uzman kadromuzla \u00e7al\u0131\u015f\u0131n.<\/p>\n                                            <ul class=\"list clearfix\">\n\t\t\t\t\t\t\t\t\t\t\t\t                                                <li class=\"p_relative pl_30 d_block fs_16 font_family_inter fw_medium color_black mb_8\">Profesyonel<\/li>\n\t\t\t\t\t\t\t\t\t\t\t\t                                                <li class=\"p_relative pl_30 d_block fs_16 font_family_inter fw_medium color_black mb_8\">Dinamik<\/li>\n\t\t\t\t\t\t\t\t\t\t\t\t                                                <li class=\"p_relative pl_30 d_block fs_16 font_family_inter fw_medium color_black mb_8\">Yenilik\u00e7i<\/li>\n\t\t\t\t\t\t\t\t\t\t\t\t                                            <\/ul>\n                                        <\/div>\n                                    <\/div>\n                                    <div class=\"col-lg-6 col-md-6 col-sm-12 image-column\">\n                                        <figure class=\"overlay-anim-black-bg image p_relative d_block b_radius_10 mt_9\" data-animation=\"overlay-animation\">\n\t\t\t\t\t\t\t\t\t\t\t   \n\t\t\t\t\t\t\t\t\t\t\t<img decoding=\"async\" src=\"https:\/\/ayeninsaat.com\/wp-content\/uploads\/2023\/12\/akrilik.jpg\" alt=\"\"\/>\n\t\t\t\t\t\t\t\t\t\t\t\t\t\t\t\t\t\t\t\t\t<\/figure>\n                                    <\/div>\n                                <\/div>\n                            <\/div>\n                            <div class=\"quote-inner p_relative d_block mb_60\">\n                                <blockquote class=\"p_relative d_block b_radius_10 pt_30 pr_180 pb_30 pl_40 m_0\">\n                                    <h6 class=\"fs_16 lh_28 mb_5 fw_normal\">Ayen yap\u0131 alan\u0131nda son derece uzman kadrosu ile kaliteden \u00f6d\u00fcn vermedenb\u00fct\u00e7enize uygun fiyatlar sunarak bir \u00e7ok \u00f6deme se\u00e7ene\u011fi sa\u011flar.<\/h6>\n                                    <h5 class=\"d_block fs_18 lh_30 fw_sbold pl_25\">Ayen \u0130n\u015faat<\/h5>\n                                    <div class=\"icon p_absolute t_45 r_40 fs_55\"><i class=\"icon-176\"><\/i><\/div>\n                                <\/blockquote>\n                            <\/div>\n                        <\/div>\n                    <\/div>\n                <\/div>\n            <\/div>\n        <\/section>\n\t\t\n\t\t             \n\t\t\t\t\t\t<\/div>\n\t\t\t\t<\/div>\n\t\t\t\t\t<\/div>\n\t\t<\/div>\n\t\t\t\t<div class=\"elementor-column elementor-col-33 elementor-top-column elementor-element elementor-element-a2fe347\" data-id=\"a2fe347\" data-element_type=\"column\">\n\t\t\t<div class=\"elementor-widget-wrap elementor-element-populated\">\n\t\t\t\t\t\t<div class=\"elementor-element elementor-element-b1b6854 elementor-widget elementor-widget-constech_wi_catagory\" data-id=\"b1b6854\" data-element_type=\"widget\" data-widget_type=\"constech_wi_catagory.default\">\n\t\t\t\t<div class=\"elementor-widget-container\">\n\t\t\t\t\t\t\t\n\t\t\t\t\n\t\t\t\t\n\t\t<section class=\"service-details service-details-2 p_relative \">\n            <div class=\"auto-container\">\n                <div class=\"row clearfix\">\n                    <div class=\"col-lg-12 col-md-12 col-sm-12 sidebar-side\">\n                        <div class=\"service-sidebar p_relative d_block mr_30\">\n                            <div class=\"category-widget p_relative d_block mb_60\">\n                                <ul class=\"category-list clearfix\">\n                                    \t\t\t\t\t\t\t\t\t\t\t\t\t\t\t\t\t\t\n\t\t\t\t\t\t\t\t\t<li class=\"p_relative d_block mb_10\">\n\t\t\t\t\t\t\t\t\t<a href=\"https:\/\/ayeninsaat.com\/index.php\/epoksi-zemin-kaplama\/\" class=\"p_relative d_block fs_16 fw_sbold font_family_inter current\"><i class=\" icon-11\"><\/i>\n\t\t\t\t\t\t\t\t\tEpoksi Zemin Kaplama\t\t\t\t\t\t\t\t\t<\/a>\n\t\t\t\t\t\t\t\t\t<\/li>\n\t\t\t\t\t\t\t\t\t\n\t\t\t\t\t\t\t\t\t\t\t\t\t\t\t\t\t\t\t\t\t\t\t\t\t\t\t\t\t\t\t\t\t\t\t\t\n\t\t\t\t\t\t\t\t\t<li class=\"p_relative d_block mb_10\">\n\t\t\t\t\t\t\t\t\t<a href=\"https:\/\/ayeninsaat.com\/index.php\/kaucuk-zemin-kaplama\/\" class=\"p_relative d_block fs_16 fw_sbold font_family_inter\"><i class=\" icon-12\"><\/i>\n\t\t\t\t\t\t\t\t\t\nKau\u00e7uk Zemin Kaplama\t\t\t\t\t\t\t\t\t<\/a>\n\t\t\t\t\t\t\t\t\t<\/li>\n\t\t\t\t\t\t\t\t\t\n\t\t\t\t\t\t\t\t\t\t\t\t\t\t\t\t\t\t\t\t\t\t\t\t\t\t\t\t\t\t\t\t\t\t\t\t\n\t\t\t\t\t\t\t\t\t<li class=\"p_relative d_block mb_10\">\n\t\t\t\t\t\t\t\t\t<a href=\"https:\/\/ayeninsaat.com\/index.php\/poliuretan-kaplama\/\" class=\"p_relative d_block fs_16 fw_sbold font_family_inter\"><i class=\" icon-13\"><\/i>\n\t\t\t\t\t\t\t\t\tPoli\u00fcretan Kaplama\t\t\t\t\t\t\t\t\t<\/a>\n\t\t\t\t\t\t\t\t\t<\/li>\n\t\t\t\t\t\t\t\t\t\n\t\t\t\t\t\t\t\t\t\t\t\t\t\t\t\t\t\t\t\t\t\t\t\t\t\t\t\t\t\t\t\t\t\t\t\t\n\t\t\t\t\t\t\t\t\t<li class=\"p_relative d_block mb_10\">\n\t\t\t\t\t\t\t\t\t<a href=\"https:\/\/ayeninsaat.com\/index.php\/akrilik-zemin-kaplama\/\" class=\"p_relative d_block fs_16 fw_sbold font_family_inter\"><i class=\" icon-118\"><\/i>\n\t\t\t\t\t\t\t\t\tAkrilik Zemin Kaplama\t\t\t\t\t\t\t\t\t<\/a>\n\t\t\t\t\t\t\t\t\t<\/li>\n\t\t\t\t\t\t\t\t\t\n\t\t\t\t\t\t\t\t\t\t\t\t\t\t\t\t\t\t\t\t\t\t\t\t\t\t\t\t\t\t\t\t\t\t\t\t\n\t\t\t\t\t\t\t\t\t<li class=\"p_relative d_block mb_10\">\n\t\t\t\t\t\t\t\t\t<a href=\"https:\/\/ayeninsaat.com\/index.php\/pvc-zemin-kaplama\/\" class=\"p_relative d_block fs_16 fw_sbold font_family_inter\"><i class=\" icon-121\"><\/i>\n\t\t\t\t\t\t\t\t\tPVC Zemin Kaplama\t\t\t\t\t\t\t\t\t<\/a>\n\t\t\t\t\t\t\t\t\t<\/li>\n\t\t\t\t\t\t\t\t\t\n\t\t\t\t\t\t\t\t\t\t\t\t\t\t\t\t\t\t\t\t\t\t\t\t\t\t\t\t\t\t\t\t\t\t\t\t\n\t\t\t\t\t\t\t\t\t<li class=\"p_relative d_block mb_10\">\n\t\t\t\t\t\t\t\t\t<a href=\"https:\/\/ayeninsaat.com\/index.php\/cati-teras-epoksi-yalitim\/\" class=\"p_relative d_block fs_16 fw_sbold font_family_inter\"><i class=\" icon-121\"><\/i>\n\t\t\t\t\t\t\t\t\t\n\u00c7at\u0131-Teras Epoksi Yal\u0131t\u0131m\t\t\t\t\t\t\t\t\t<\/a>\n\t\t\t\t\t\t\t\t\t<\/li>\n\t\t\t\t\t\t\t\t\t\n\t\t\t\t\t\t\t\t\t\t\t\t\t\t\t\t\t\t\t\t\t\t\t\t\t\t\t\t\t\t\t\t\t\t\t\t\n\t\t\t\t\t\t\t\t\t<li class=\"p_relative d_block mb_10\">\n\t\t\t\t\t\t\t\t\t<a href=\"https:\/\/ayeninsaat.com\/index.php\/havuz-yalitimi-epoksi-islemi\/\" class=\"p_relative d_block fs_16 fw_sbold font_family_inter\"><i class=\" icon-121\"><\/i>\n\t\t\t\t\t\t\t\t\tHavuz Yal\u0131t\u0131m\u0131 Epoksi \u0130\u015flemi\t\t\t\t\t\t\t\t\t<\/a>\n\t\t\t\t\t\t\t\t\t<\/li>\n\t\t\t\t\t\t\t\t\t\n\t\t\t\t\t\t\t\t\t\t\t\t\t\t\t\t\t\t\t\t\t\t\t\t\t\t\t\t\t\t\t\t\t\t\t\t\n\t\t\t\t\t\t\t\t\t<li class=\"p_relative d_block mb_10\">\n\t\t\t\t\t\t\t\t\t<a href=\"https:\/\/ayeninsaat.com\/index.php\/poliurea-kaplama\/\" class=\"p_relative d_block fs_16 fw_sbold font_family_inter\"><i class=\" icon-121\"><\/i>\n\t\t\t\t\t\t\t\t\tPoli\u00fcrea Kaplama\t\t\t\t\t\t\t\t\t<\/a>\n\t\t\t\t\t\t\t\t\t<\/li>\n\t\t\t\t\t\t\t\t\t\n\t\t\t\t\t\t\t\t\t\t\t\t\t\t\t\t\t\t\t\t\t\t\t\t\t\t\t\t\t\t\t\t\t\t\t\t\n\t\t\t\t\t\t\t\t\t<li class=\"p_relative d_block mb_10\">\n\t\t\t\t\t\t\t\t\t<a href=\"https:\/\/ayeninsaat.com\/index.php\/g-e-s-montaj\/\" class=\"p_relative d_block fs_16 fw_sbold font_family_inter\"><i class=\" icon-121\"><\/i>\n\t\t\t\t\t\t\t\t\tG.E.S. Montaj\t\t\t\t\t\t\t\t\t<\/a>\n\t\t\t\t\t\t\t\t\t<\/li>\n\t\t\t\t\t\t\t\t\t\n\t\t\t\t\t\t\t\t\t\t\t\t\t\t\t\t\t\t\t\t\t\t\t\t\t\t\t\t\t\t\t\t\t\t\t\t\n\t\t\t\t\t\t\t\t\t<li class=\"p_relative d_block mb_10\">\n\t\t\t\t\t\t\t\t\t<a href=\"https:\/\/ayeninsaat.com\/index.php\/kalip-demir-isciligi\/\" class=\"p_relative d_block fs_16 fw_sbold font_family_inter\"><i class=\" icon-121\"><\/i>\n\t\t\t\t\t\t\t\t\tKal\u0131p - Demir \u0130\u015f\u00e7ili\u011fi\t\t\t\t\t\t\t\t\t<\/a>\n\t\t\t\t\t\t\t\t\t<\/li>\n\t\t\t\t\t\t\t\t\t\n\t\t\t\t\t\t\t\t\t\t\t\t\t\t\t\t\t\t\t\t\t\t\t\t\t\t\t\t\t\t\t\t\t\t\t\t\n\t\t\t\t\t\t\t\t\t<li class=\"p_relative d_block mb_10\">\n\t\t\t\t\t\t\t\t\t<a href=\"https:\/\/ayeninsaat.com\/index.php\/alci-boya-siva\/\" class=\"p_relative d_block fs_16 fw_sbold font_family_inter\"><i class=\" icon-121\"><\/i>\n\t\t\t\t\t\t\t\t\tAl\u00e7\u0131 - Boya - S\u0131va\t\t\t\t\t\t\t\t\t<\/a>\n\t\t\t\t\t\t\t\t\t<\/li>\n\t\t\t\t\t\t\t\t\t\n\t\t\t\t\t\t\t\t\t\t\t\t\t\t\t\t\t\t\t\t\t\t\t\t\t\t\t\t\t\t\t\t\t\t\t\t\n\t\t\t\t\t\t\t\t\t<li class=\"p_relative d_block mb_10\">\n\t\t\t\t\t\t\t\t\t<a href=\"https:\/\/ayeninsaat.com\/index.php\/mutfak-dekorasyon\/\" class=\"p_relative d_block fs_16 fw_sbold font_family_inter\"><i class=\" icon-121\"><\/i>\n\t\t\t\t\t\t\t\t\tMutfak Dekorasyon\t\t\t\t\t\t\t\t\t<\/a>\n\t\t\t\t\t\t\t\t\t<\/li>\n\t\t\t\t\t\t\t\t\t\n\t\t\t\t\t\t\t\t\t\t\t\t\t\t\t\t\t\t\t\t\t\t\t\t\t\t\t\t\t\t\t\t\t\t\t\t\n\t\t\t\t\t\t\t\t\t<li class=\"p_relative d_block mb_10\">\n\t\t\t\t\t\t\t\t\t<a href=\"https:\/\/ayeninsaat.com\/index.php\/ic-mimarlik-ev-dekorasyon\/\" class=\"p_relative d_block fs_16 fw_sbold font_family_inter\"><i class=\" icon-121\"><\/i>\n\t\t\t\t\t\t\t\t\t\u0130\u00e7 Mimarl\u0131k - Ev Dekorasyon\t\t\t\t\t\t\t\t\t<\/a>\n\t\t\t\t\t\t\t\t\t<\/li>\n\t\t\t\t\t\t\t\t\t\n\t\t\t\t\t\t\t\t\t\t\t\t\t\t\t\t\t\t\t\t\t\t\t\t\t\t\t\t\t\t\t\t\t\t\t\t\n\t\t\t\t\t\t\t\t\t<li class=\"p_relative d_block mb_10\">\n\t\t\t\t\t\t\t\t\t<a href=\"https:\/\/ayeninsaat.com\/index.php\/pergola-tente-kepenk\/\" class=\"p_relative d_block fs_16 fw_sbold font_family_inter\"><i class=\" icon-121\"><\/i>\n\t\t\t\t\t\t\t\t\tPergola - Tente - Kepenk\t\t\t\t\t\t\t\t\t<\/a>\n\t\t\t\t\t\t\t\t\t<\/li>\n\t\t\t\t\t\t\t\t\t\n\t\t\t\t\t\t\t\t\t\t\t\t\t\t\t\t\t\t\t\t\t\t\t\t\t\t\t\t\t\t\t\t\t\t\t\t\n\t\t\t\t\t\t\t\t\t<li class=\"p_relative d_block mb_10\">\n\t\t\t\t\t\t\t\t\t<a href=\"https:\/\/ayeninsaat.com\/index.php\/dekoratif-italyan-boya\/\" class=\"p_relative d_block fs_16 fw_sbold font_family_inter\"><i class=\" icon-121\"><\/i>\n\t\t\t\t\t\t\t\t\tDekoratif \u0130talyan Boya\t\t\t\t\t\t\t\t\t<\/a>\n\t\t\t\t\t\t\t\t\t<\/li>\n\t\t\t\t\t\t\t\t\t\n\t\t\t\t\t\t\t\t\t\t\t\t\t\t\t\t\t\t\t\t\t\t\t\t\t\t\t\t\t\t\t\t\t\t\t\t\n\t\t\t\t\t\t\t\t\t<li class=\"p_relative d_block mb_10\">\n\t\t\t\t\t\t\t\t\t<a href=\"https:\/\/ayeninsaat.com\/index.php\/tekne-yat-epoksi-ve-mobilya-uygulamalari\/\" class=\"p_relative d_block fs_16 fw_sbold font_family_inter\"><i class=\" icon-121\"><\/i>\n\t\t\t\t\t\t\t\t\tTekne - Yat Epoksi ve Mobilya Uygulamalar\u0131\t\t\t\t\t\t\t\t\t<\/a>\n\t\t\t\t\t\t\t\t\t<\/li>\n\t\t\t\t\t\t\t\t\t\n\t\t\t\t\t\t\t\t\t\t\t\t\t\t\t\t\t\t                                <\/ul>\n                            <\/div>\n                        <\/div>\n                    <\/div>\n                <\/div>\n            <\/div>\n        <\/section>\n\t\t\n\t\t\t\t\n\t\t\t\t\n\t\t\t\t\n\t\t\t\t\t\t<\/div>\n\t\t\t\t<\/div>\n\t\t\t\t<div class=\"elementor-element elementor-element-82b06c5 elementor-widget elementor-widget-constech_wi_info\" data-id=\"82b06c5\" data-element_type=\"widget\" data-widget_type=\"constech_wi_info.default\">\n\t\t\t\t<div class=\"elementor-widget-container\">\n\t\t\t\t\t\t\t\n\t\t\t\t\n\t\t\t\t\n\t\t\t\t\n\t\t<section class=\"service-details service-details-3 p_relative pdoff\">\n            <div class=\"auto-container\">\n                <div class=\"row clearfix\">\n                    <div class=\"col-lg-12 col-md-12 col-sm-12 sidebar-side\">\n                        <div class=\"service-sidebar p_relative d_block mr_30\">\n                            <div class=\"contact-widget sidebar-widget p_relative d_block mb_40\">\n\t\t\t\t\t\t\t\t                                <div class=\"widget-title p_relative d_block mb_17\">\n                                    <h3 class=\"d_block fs_24 lh_30 fw_sbold font_family_jost\">\u0130LET\u0130\u015e\u0130M<\/h3>\n                                <\/div>\n\t\t\t\t\t\t\t\t                                <div class=\"text p_relative d_block mb_18\">\n                                    <p class=\"fs_16 font_family_poppins color_black fw_medium\">\u00dccretsiz Ke\u015fif \u0130\u00e7in Arayabilirsiniz.<\/p>\n                                <\/div>\n                                <ul class=\"info-list clearfix\"> \n\t\t\t\t\t\t\t\t\n\t\t\t\t\t\t\t\t\t\t\t\t\t\t\t\t\t\n                                    <li class=\"p_relative d_block fs_15 font_family_inter color_black pl_30 mb_10\"><i class=\" icon-2\"><\/i>\n\t\t\t\t\t\t\t\t\t\n\t\t\t\t\t\t\t\t\tTelefon : \t\t\t\t\t\t\t\t\t<a href=\"tel:05320662703\" class=\"d_iblock color_black\">+90 (532) 066 27 03<\/a><\/li>\n\t\t\t\t\t\t\t\t\t\n\t\t\t\t\t\t\t\t\t\t\t\t\t\t\t\t\t\n                                    <li class=\"p_relative d_block fs_15 font_family_inter color_black pl_30 mb_10\"><i class=\" icon-137\"><\/i>\n\t\t\t\t\t\t\t\t\t\n\t\t\t\t\t\t\t\t\tAdres : \t\t\t\t\t\t\t\t\tG\u00fcrp\u0131nar, 7232\/6 Sk. No:40<br>35060 Bornova\/\u0130zmir<\/li>\n\t\t\t\t\t\t\t\t\t\n\t\t\t\t\t\t\t\t\t\t\t\t\t\t\t\t\t\n                                    <li class=\"p_relative d_block fs_15 font_family_inter color_black pl_30 mb_10\"><i class=\"fas fa-mail-bulk\"><\/i>\n\t\t\t\t\t\t\t\t\t\n\t\t\t\t\t\t\t\t\tE-mail : \t\t\t\t\t\t\t\t\t<a href=\"mailto:iletisim@ayeninsaat.com\" class=\"d_iblock color_black\">iletisim@ayeninsaat.com<\/a><\/li>\n\t\t\t\t\t\t\t\t\t\n\t\t\t\t\t\t\t\t\t\t\t\t\t\t\t\t\t\t\n                                <\/ul>\n                                <ul class=\"social-links clearfix p_relative d_block mt_18\">\n\t\t\t\t\t\t\t\t\n\t\t\t\t\t\t\t\t\t\t\t\t\t\t\t\t\t\n                                    <li class=\"p_relative d_iblock float_left mr_30\"><a href=\"https:\/\/www.instagram.com\/ayeninsaat\/\" class=\"p_relative d_iblock fs_17\"><i class=\"fab fab fa-instagram\"><\/i><\/a><\/li>\n\t\t\t\t\t\t\t\t\t\n\t\t\t\t\t\t\t\t\t\t\t\t\t\t\t\t\t\n                                    <li class=\"p_relative d_iblock float_left mr_30\"><a href=\"https:\/\/www.facebook.com\/ayeninsaat\/\" class=\"p_relative d_iblock fs_17\"><i class=\"fab fab fa-facebook-f\"><\/i><\/a><\/li>\n\t\t\t\t\t\t\t\t\t\n\t\t\t\t\t\t\t\t\t\t\t\t\t\t\t\t\t\n                                    <li class=\"p_relative d_iblock float_left mr_30\"><a href=\"https:\/\/www.youtube.com\/ayeninsaat\" class=\"p_relative d_iblock fs_17\"><i class=\"fab fab fa-youtube\"><\/i><\/a><\/li>\n\t\t\t\t\t\t\t\t\t\n\t\t\t\t\t\t\t\t\t\t\t\t\t\t\t\t\t\t\n                                <\/ul> \n                            <\/div>\n                        <\/div>\n                    <\/div>\n                <\/div>\n            <\/div>\n        <\/section>\n\t\t\n\t\t\t\t\n\t\t\t\t\n\t\t\t\t\t\t<\/div>\n\t\t\t\t<\/div>\n\t\t\t\t<div class=\"elementor-element elementor-element-d63790a elementor-widget elementor-widget-constech_wi_download\" data-id=\"d63790a\" data-element_type=\"widget\" data-widget_type=\"constech_wi_download.default\">\n\t\t\t\t<div class=\"elementor-widget-container\">\n\t\t\t\t\t\t\t\n\t\t\t\t\n        <section class=\"service-details service-details-3 p_relative \">\n            <div class=\"auto-container\">\n                <div class=\"row clearfix\">\n                    <div class=\"col-lg-12 col-md-12 col-sm-12 sidebar-side\">\n                        <div class=\"service-sidebar p_relative d_block mr_30\">\n                            <div class=\"download-widget\">\n\t\t\t\t\t\t\t\n\t\t\t\t\t\t\t\t\t\t\t\t\t\t\t\n                                <div class=\"widget-title p_relative d_block mb_17\">\n                                    <h3 class=\"d_block fs_24 lh_30 fw_sbold\">Katalo\u011fumuza G\u00f6z At\u0131n<\/h3>\n                                <\/div>\n                                <div class=\"text p_relative d_block mb_25\">\n                                    <p class=\"fs_16 font_family_poppins color_black fw_medium\">Son kalite \u00fcr\u00fcnlerimiz ve ustal\u0131\u011f\u0131m\u0131zla hizmetinizdeyiz.<\/p>\n                                <\/div>\n\t\t\t\t\t\t\t\t\n\t\t\t\t\t\t\t\t\t\t\t\t\t\t\t\t\n                                <ul class=\"download-list clearfix\">\n\t\t\t\t\t\t\t\t\n\t\t\t\t\t\t\t\t\t\t\t\t\t\t\t\t\t\n                                    <li class=\"p_relative d_block mb_10\">\n                                        <a href=\"#\" class=\"p_relative d_block pt_17 pr_20 pb_15 pl_65 b_radius_5\">\n                                            <i class=\" icon-175\"><\/i>\n                                            <h6 class=\"d_block fs_15 fw_normal mb_1 lh_20 tran_5\">AYEN \u0130N\u015eAAT - 2024 KATALOG<\/h6>\n                                            <span class=\"p_relative d_block fs_15 font_family_inter lh_20 tran_5\">13.2 MB<\/span>\n                                        <\/a>\n                                    <\/li>\n\t\t\t\t\t\t\t\t\t\n\t\t\t\t\t\t\t\t\t\t\t\t\t\t\t\t\t\t\n                                <\/ul>\n                            <\/div>\n                        <\/div>\n                    <\/div>\n                <\/div>\n            <\/div>\n        <\/section>\n\t\t\n\t\t\t\t\n\t\t\t\t\t\t<\/div>\n\t\t\t\t<\/div>\n\t\t\t\t\t<\/div>\n\t\t<\/div>\n\t\t\t\t\t<\/div>\n\t\t<\/section>\n\t\t\t\t<\/div>\n\t\t","protected":false},"excerpt":{"rendered":"<p>\u0130\u00e7 Mimarl\u0131k &#8211; Ev Dekorasyon **\u0130\u00e7 Mimarl\u0131k ve Ev Dekorasyonu: Mekanlar\u0131 Estetik ve Fonksiyonel Hale Getirme Sanat\u0131** \u0130\u00e7 mimarl\u0131k, bir mekan\u0131n tasar\u0131m\u0131n\u0131, d\u00fczenini ve esteti\u011fini olu\u015fturan disiplindir. Ev dekorasyonu ise i\u00e7 mimarl\u0131k prensiplerini ev ortam\u0131na uygulayarak ya\u015fam alanlar\u0131n\u0131 ki\u015fiselle\u015ftirme s\u00fcrecidir. Bu iki alan bir araya geldi\u011finde, evler sadece ya\u015fam alanlar\u0131 olman\u0131n \u00f6tesinde, estetik a\u00e7\u0131dan \u00e7ekici [&hellip;]<\/p>\n","protected":false},"author":1,"featured_media":0,"parent":0,"menu_order":0,"comment_status":"closed","ping_status":"closed","template":"tpl-default-elementor.php","meta":{"om_disable_all_campaigns":false,"_monsterinsights_skip_tracking":false,"_monsterinsights_sitenote_active":false,"_monsterinsights_sitenote_note":"","_monsterinsights_sitenote_category":0,"footnotes":""},"class_list":["post-2986","page","type-page","status-publish","hentry"],"_links":{"self":[{"href":"https:\/\/ayeninsaat.com\/index.php\/wp-json\/wp\/v2\/pages\/2986","targetHints":{"allow":["GET"]}}],"collection":[{"href":"https:\/\/ayeninsaat.com\/index.php\/wp-json\/wp\/v2\/pages"}],"about":[{"href":"https:\/\/ayeninsaat.com\/index.php\/wp-json\/wp\/v2\/types\/page"}],"author":[{"embeddable":true,"href":"https:\/\/ayeninsaat.com\/index.php\/wp-json\/wp\/v2\/users\/1"}],"replies":[{"embeddable":true,"href":"https:\/\/ayeninsaat.com\/index.php\/wp-json\/wp\/v2\/comments?post=2986"}],"version-history":[{"count":16,"href":"https:\/\/ayeninsaat.com\/index.php\/wp-json\/wp\/v2\/pages\/2986\/revisions"}],"predecessor-version":[{"id":3368,"href":"https:\/\/ayeninsaat.com\/index.php\/wp-json\/wp\/v2\/pages\/2986\/revisions\/3368"}],"wp:attachment":[{"href":"https:\/\/ayeninsaat.com\/index.php\/wp-json\/wp\/v2\/media?parent=2986"}],"curies":[{"name":"wp","href":"https:\/\/api.w.org\/{rel}","templated":true}]}}