{"id":3148,"date":"2024-04-16T13:59:02","date_gmt":"2024-04-16T10:59:02","guid":{"rendered":"https:\/\/ayeninsaat.com\/?page_id=3148"},"modified":"2024-04-16T15:56:37","modified_gmt":"2024-04-16T12:56:37","slug":"basinda-biz","status":"publish","type":"page","link":"https:\/\/ayeninsaat.com\/index.php\/basinda-biz\/","title":{"rendered":"Bas\u0131nda Biz"},"content":{"rendered":"\t\t<div data-elementor-type=\"wp-page\" data-elementor-id=\"3148\" class=\"elementor elementor-3148\">\n\t\t\t\t<div class=\"elementor-element elementor-element-1c84974 e-flex e-con-boxed e-con e-parent\" data-id=\"1c84974\" data-element_type=\"container\">\n\t\t\t\t\t<div class=\"e-con-inner\">\n\t\t\t\t<div class=\"elementor-element elementor-element-d8197c2 elementor-view-default elementor-position-top elementor-mobile-position-top elementor-widget elementor-widget-icon-box\" data-id=\"d8197c2\" data-element_type=\"widget\" data-widget_type=\"icon-box.default\">\n\t\t\t\t<div class=\"elementor-widget-container\">\n\t\t\t\t\t\t\t<div class=\"elementor-icon-box-wrapper\">\n\n\t\t\t\t\t\t<div class=\"elementor-icon-box-icon\">\n\t\t\t\t<span  class=\"elementor-icon elementor-animation-push\">\n\t\t\t\t<svg aria-hidden=\"true\" class=\"e-font-icon-svg e-far-newspaper\" viewBox=\"0 0 576 512\" xmlns=\"http:\/\/www.w3.org\/2000\/svg\"><path d=\"M552 64H112c-20.858 0-38.643 13.377-45.248 32H24c-13.255 0-24 10.745-24 24v272c0 30.928 25.072 56 56 56h496c13.255 0 24-10.745 24-24V88c0-13.255-10.745-24-24-24zM48 392V144h16v248c0 4.411-3.589 8-8 8s-8-3.589-8-8zm480 8H111.422c.374-2.614.578-5.283.578-8V112h416v288zM172 280h136c6.627 0 12-5.373 12-12v-96c0-6.627-5.373-12-12-12H172c-6.627 0-12 5.373-12 12v96c0 6.627 5.373 12 12 12zm28-80h80v40h-80v-40zm-40 140v-24c0-6.627 5.373-12 12-12h136c6.627 0 12 5.373 12 12v24c0 6.627-5.373 12-12 12H172c-6.627 0-12-5.373-12-12zm192 0v-24c0-6.627 5.373-12 12-12h104c6.627 0 12 5.373 12 12v24c0 6.627-5.373 12-12 12H364c-6.627 0-12-5.373-12-12zm0-144v-24c0-6.627 5.373-12 12-12h104c6.627 0 12 5.373 12 12v24c0 6.627-5.373 12-12 12H364c-6.627 0-12-5.373-12-12zm0 72v-24c0-6.627 5.373-12 12-12h104c6.627 0 12 5.373 12 12v24c0 6.627-5.373 12-12 12H364c-6.627 0-12-5.373-12-12z\"><\/path><\/svg>\t\t\t\t<\/span>\n\t\t\t<\/div>\n\t\t\t\n\t\t\t\n\t\t<\/div>\n\t\t\t\t\t\t<\/div>\n\t\t\t\t<\/div>\n\t\t\t\t\t<\/div>\n\t\t\t\t<\/div>\n\t\t<div class=\"elementor-element elementor-element-2235730 e-flex e-con-boxed e-con e-parent\" data-id=\"2235730\" data-element_type=\"container\">\n\t\t\t\t\t<div class=\"e-con-inner\">\n\t\t\t\t<div class=\"elementor-element elementor-element-bc260b0 elementor-widget elementor-widget-heading\" data-id=\"bc260b0\" data-element_type=\"widget\" data-settings=\"{&quot;_animation&quot;:&quot;none&quot;}\" data-widget_type=\"heading.default\">\n\t\t\t\t<div class=\"elementor-widget-container\">\n\t\t\t\t\t<h2 class=\"elementor-heading-title elementor-size-large\">BASINDA B\u0130Z<\/h2>\t\t\t\t<\/div>\n\t\t\t\t<\/div>\n\t\t\t\t\t<\/div>\n\t\t\t\t<\/div>\n\t\t<div class=\"elementor-element elementor-element-f274e24 e-flex e-con-boxed e-con e-parent\" data-id=\"f274e24\" data-element_type=\"container\">\n\t\t\t\t\t<div class=\"e-con-inner\">\n\t\t\t\t<div class=\"elementor-element elementor-element-410da37 elementor-widget-divider--view-line elementor-widget elementor-widget-divider\" data-id=\"410da37\" data-element_type=\"widget\" data-widget_type=\"divider.default\">\n\t\t\t\t<div class=\"elementor-widget-container\">\n\t\t\t\t\t\t\t<div class=\"elementor-divider\">\n\t\t\t<span class=\"elementor-divider-separator\">\n\t\t\t\t\t\t<\/span>\n\t\t<\/div>\n\t\t\t\t\t\t<\/div>\n\t\t\t\t<\/div>\n\t\t\t\t\t<\/div>\n\t\t\t\t<\/div>\n\t\t<div class=\"elementor-element elementor-element-669f750 e-flex e-con-boxed e-con e-parent\" data-id=\"669f750\" data-element_type=\"container\">\n\t\t\t\t\t<div class=\"e-con-inner\">\n\t\t\t\t<div class=\"elementor-element elementor-element-c079d2a elementor-widget elementor-widget-heading\" data-id=\"c079d2a\" data-element_type=\"widget\" data-widget_type=\"heading.default\">\n\t\t\t\t<div class=\"elementor-widget-container\">\n\t\t\t\t\t<h2 class=\"elementor-heading-title elementor-size-large\">Ayen \u0130n\u015faat, Yenilik\u00e7i Projeleriyle Bas\u0131nda<\/h2>\t\t\t\t<\/div>\n\t\t\t\t<\/div>\n\t\t\t\t\t<\/div>\n\t\t\t\t<\/div>\n\t\t<div class=\"elementor-element elementor-element-5c0fb02 e-flex e-con-boxed e-con e-parent\" data-id=\"5c0fb02\" data-element_type=\"container\">\n\t\t\t\t\t<div class=\"e-con-inner\">\n\t\t\t\t<div class=\"elementor-element elementor-element-639403c elementor-widget elementor-widget-text-editor\" data-id=\"639403c\" data-element_type=\"widget\" data-widget_type=\"text-editor.default\">\n\t\t\t\t<div class=\"elementor-widget-container\">\n\t\t\t\t\t\t\t\t\t<p style=\"text-align: center;\"><span style=\"color: #333333;\">De\u011ferli M\u00fc\u015fterilerimiz ve \u0130\u015f Ortaklar\u0131m\u0131z,<\/span><\/p><p>\u00a0<\/p><p style=\"text-align: center;\"><span style=\"color: #333333;\">Ayen \u0130n\u015faat olarak, y\u0131llard\u0131r sekt\u00f6rdeki varl\u0131\u011f\u0131m\u0131z\u0131 s\u00fcrd\u00fcrmenin gururunu ya\u015f\u0131yoruz. \u0130n\u015faat ve epoksi alan\u0131ndaki deneyimimiz ve yenilik\u00e7i yakla\u015f\u0131m\u0131m\u0131zla, bir kez daha medyan\u0131n ilgisini \u00e7ekmeyi ba\u015fard\u0131k.<\/span><br \/><span style=\"color: #333333;\">Son g\u00fcnlerde bas\u0131nda yer alarak projelerimizin tan\u0131t\u0131m\u0131n\u0131 yapmam\u0131z, bizim i\u00e7in b\u00fcy\u00fck bir memnuniyet kayna\u011f\u0131d\u0131r.<\/span><br \/><span style=\"color: #333333;\">Bu, sadece bizim de\u011fil, ayn\u0131 zamanda siz de\u011ferli m\u00fc\u015fterilerimizin ve i\u015f ortaklar\u0131m\u0131z\u0131n da ba\u015far\u0131s\u0131n\u0131n bir g\u00f6stergesidir.<\/span><br \/><span style=\"color: #333333;\">Ayen \u0130n\u015faat olarak, sekt\u00f6rdeki liderli\u011fimizi korurken, her zaman m\u00fc\u015fteri memnuniyetini ve kaliteyi \u00f6n planda tutmaya devam edece\u011fiz.<\/span><br \/><span style=\"color: #333333;\">Projelerimizle kentlerimize de\u011fer katmaya devam ederken, teknolojiyi ve \u00e7evreye duyarl\u0131l\u0131\u011f\u0131 da esas alarak ilerlemeye devam edece\u011fiz.<\/span><br \/><span style=\"color: #333333;\">Bu vesileyle, bizimle olan deste\u011finiz i\u00e7in te\u015fekk\u00fcr ederiz. Sizlerle birlikte daha nice ba\u015far\u0131lara imza atmay\u0131 d\u00f6rt g\u00f6zle bekliyoruz.<\/span><\/p><p>\u00a0<\/p><p style=\"text-align: center;\"><span style=\"color: #333333;\">Sayg\u0131lar\u0131m\u0131zla,<\/span><\/p><p style=\"text-align: center;\"><span style=\"color: #333333;\">Ayen Yap\u0131 \u0130n\u015faat<\/span><\/p>\t\t\t\t\t\t\t\t<\/div>\n\t\t\t\t<\/div>\n\t\t\t\t\t<\/div>\n\t\t\t\t<\/div>\n\t\t<div class=\"elementor-element elementor-element-9196172 e-flex e-con-boxed e-con e-parent\" data-id=\"9196172\" data-element_type=\"container\">\n\t\t\t\t\t<div class=\"e-con-inner\">\n\t\t\t\t<div class=\"elementor-element elementor-element-ea76f08 elementor-widget-divider--view-line elementor-widget elementor-widget-divider\" data-id=\"ea76f08\" data-element_type=\"widget\" data-widget_type=\"divider.default\">\n\t\t\t\t<div class=\"elementor-widget-container\">\n\t\t\t\t\t\t\t<div class=\"elementor-divider\">\n\t\t\t<span class=\"elementor-divider-separator\">\n\t\t\t\t\t\t<\/span>\n\t\t<\/div>\n\t\t\t\t\t\t<\/div>\n\t\t\t\t<\/div>\n\t\t\t\t\t<\/div>\n\t\t\t\t<\/div>\n\t\t<div class=\"elementor-element elementor-element-0ecef17 e-flex e-con-boxed e-con e-parent\" data-id=\"0ecef17\" data-element_type=\"container\">\n\t\t\t\t\t<div class=\"e-con-inner\">\n\t\t<div class=\"elementor-element elementor-element-ab5c68c e-con-full e-flex e-con e-child\" data-id=\"ab5c68c\" data-element_type=\"container\">\n\t\t\t\t<div class=\"elementor-element elementor-element-d3a16fa elementor-widget elementor-widget-image\" data-id=\"d3a16fa\" data-element_type=\"widget\" data-widget_type=\"image.default\">\n\t\t\t\t<div class=\"elementor-widget-container\">\n\t\t\t\t\t\t\t\t\t\t\t\t\t\t\t\t<a href=\"https:\/\/www.medyaege.com.tr\/ayen-yapidan-is-dunyasina-kazan-kazan-hizmeti-239258h.htm\" target=\"_blank\">\n\t\t\t\t\t\t\t<img decoding=\"async\" src=\"https:\/\/ayeninsaat.com\/wp-content\/uploads\/2024\/04\/haber-1-1.png\" title=\"haber 1-1\" alt=\"haber 1-1\" loading=\"lazy\" \/>\t\t\t\t\t\t\t\t<\/a>\n\t\t\t\t\t\t\t\t\t\t\t\t\t\t\t<\/div>\n\t\t\t\t<\/div>\n\t\t\t\t<\/div>\n\t\t<div class=\"elementor-element elementor-element-6e294b9 e-con-full e-flex e-con e-child\" data-id=\"6e294b9\" data-element_type=\"container\">\n\t\t\t\t<div class=\"elementor-element elementor-element-e0b1f9d elementor-widget elementor-widget-image\" data-id=\"e0b1f9d\" data-element_type=\"widget\" data-widget_type=\"image.default\">\n\t\t\t\t<div class=\"elementor-widget-container\">\n\t\t\t\t\t\t\t\t\t\t\t\t\t\t\t\t<a href=\"https:\/\/www.medyaege.com.tr\/havuzlarda-yeni-trend-epoksi-239643h.htm\" target=\"_blank\">\n\t\t\t\t\t\t\t<img decoding=\"async\" src=\"https:\/\/ayeninsaat.com\/wp-content\/uploads\/2024\/04\/haber-2.png\" title=\"haber 2\" alt=\"haber 2\" loading=\"lazy\" \/>\t\t\t\t\t\t\t\t<\/a>\n\t\t\t\t\t\t\t\t\t\t\t\t\t\t\t<\/div>\n\t\t\t\t<\/div>\n\t\t\t\t<\/div>\n\t\t\t\t\t<\/div>\n\t\t\t\t<\/div>\n\t\t<div class=\"elementor-element elementor-element-c32ed9a e-flex e-con-boxed e-con e-parent\" data-id=\"c32ed9a\" data-element_type=\"container\">\n\t\t\t\t\t<div class=\"e-con-inner\">\n\t\t\t\t<div class=\"elementor-element elementor-element-45dda0e elementor-widget elementor-widget-spacer\" data-id=\"45dda0e\" data-element_type=\"widget\" data-widget_type=\"spacer.default\">\n\t\t\t\t<div class=\"elementor-widget-container\">\n\t\t\t\t\t\t\t<div class=\"elementor-spacer\">\n\t\t\t<div class=\"elementor-spacer-inner\"><\/div>\n\t\t<\/div>\n\t\t\t\t\t\t<\/div>\n\t\t\t\t<\/div>\n\t\t\t\t\t<\/div>\n\t\t\t\t<\/div>\n\t\t\t\t<section class=\"elementor-section elementor-top-section elementor-element elementor-element-248fcd2c elementor-section-full_width elementor-section-height-default elementor-section-height-default\" data-id=\"248fcd2c\" data-element_type=\"section\">\n\t\t\t\t\t\t<div class=\"elementor-container elementor-column-gap-no\">\n\t\t\t\t\t<div class=\"elementor-column elementor-col-100 elementor-top-column elementor-element elementor-element-7108eb81\" data-id=\"7108eb81\" data-element_type=\"column\">\n\t\t\t<div class=\"elementor-widget-wrap elementor-element-populated\">\n\t\t\t\t\t\t<div class=\"elementor-element elementor-element-5328b257 elementor-widget elementor-widget-constech_clients\" data-id=\"5328b257\" data-element_type=\"widget\" data-widget_type=\"constech_clients.default\">\n\t\t\t\t<div class=\"elementor-widget-container\">\n\t\t\t\t\t\t\t\n\n     <script>\n jQuery(document).ready(function($) {\n\n\/\/put the js code under this line \n\n\tif ($(\".five-item-carousel\").length) {\n\t\t$(\".five-item-carousel\").owlCarousel({\n\t\t\tloop:true,\n\t\t\tmargin:30,\n\t\t\tnav:true,\n\t\t\tsmartSpeed: 500,\n\t\t\tautoplay: 1000,\n\t\t\tresponsive:{\n\t\t\t\t0:{\n\t\t\t\t\titems:1\n\t\t\t\t},\n\t\t\t\t480:{\n\t\t\t\t\titems:2\n\t\t\t\t},\n\t\t\t\t600:{\n\t\t\t\t\titems:3\n\t\t\t\t},\n\t\t\t\t800:{\n\t\t\t\t\titems:4\n\t\t\t\t},\n\t\t\t\t1024:{\n\t\t\t\t\titems:5\n\t\t\t\t}\n\t\t\t}\n\t\t});    \t\t\n\t}\n\n\/\/put the code above the line \n\n  });\n<\/script>        \n\t\t\t\t\n\t\t\t\t\n\t\t\t\t\n\t\t\t\t\n\t\t\t\t\n\t\t\t\t\n\t\t\t\t\n\t\t\t\t\n\t\t\t\t\n\t\t<section class=\"clients-one light p_relative pt_100 pb_100 \">\n\t\t\t            <div class=\"pattern-layer p_absolute l_0 t_0\" style=\"background-image: url(https:\/\/ayeninsaat.com\/wp-content\/uploads\/2022\/08\/shape-190.png);\">\n\t\t\t\t\t\t<\/div>\n            <div class=\"auto-container\">\n                <div class=\"five-item-carousel owl-carousel owl-theme owl-nav-none owl-dots-none\">\n\t\t\t\t\n                    \t\t\t\t\n                    <div class=\"clients-logo-box\">\n                        <figure class=\"image\">\n\t\t\t\t\t\t\t<a href=\"https:\/\/23july.hostlin.com\/constech\/our-clients\/\">\n\t\t\t\t\t\t\t\t\t\t\t\t\t\t\t\t<img decoding=\"async\" src=\"https:\/\/ayeninsaat.com\/wp-content\/uploads\/2023\/12\/Basliksiz-1_0004_erdemir-celik-fabrikasi.png\" alt=\"\">\n\t\t\t\t\t\t\t\t\t\t\t\t\t\t\t<\/a>\n\t\t\t\t\t\t<\/figure>\n\t\t\t\t\t\t\n\t\t\t\t\t\t<figure class=\"overlay-image\">\n\t\t\t\t\t\t\t<a href=\"https:\/\/23july.hostlin.com\/constech\/our-clients\/\">\n\t\t\t\t\t\t\t\t\t\t\t\t\t\t\t\t<img decoding=\"async\" src=\"https:\/\/ayeninsaat.com\/wp-content\/uploads\/2023\/12\/Basliksiz-1_0004_erdemir-celik-fabrikasi.png\" alt=\"\">\n\t\t\t\t\t\t\t\t\t\t\t\t\t\t\t<\/a>\n\t\t\t\t\t\t<\/figure>\n                    <\/div>\n\t\t\t\t\t\n\t\t\t\t\t\t\t\t\t\n                    <div class=\"clients-logo-box\">\n                        <figure class=\"image\">\n\t\t\t\t\t\t\t<a href=\"https:\/\/23july.hostlin.com\/constech\/our-clients\/\">\n\t\t\t\t\t\t\t\t\t\t\t\t\t\t\t\t<img decoding=\"async\" src=\"https:\/\/ayeninsaat.com\/wp-content\/uploads\/2023\/12\/Basliksiz-1_0003_izmir-ticaret-odasi.png\" alt=\"\">\n\t\t\t\t\t\t\t\t\t\t\t\t\t\t\t<\/a>\n\t\t\t\t\t\t<\/figure>\n\t\t\t\t\t\t\n\t\t\t\t\t\t<figure class=\"overlay-image\">\n\t\t\t\t\t\t\t<a href=\"https:\/\/23july.hostlin.com\/constech\/our-clients\/\">\n\t\t\t\t\t\t\t\t\t\t\t\t\t\t\t\t<img decoding=\"async\" src=\"https:\/\/ayeninsaat.com\/wp-content\/uploads\/2023\/12\/Basliksiz-1_0003_izmir-ticaret-odasi.png\" alt=\"\">\n\t\t\t\t\t\t\t\t\t\t\t\t\t\t\t<\/a>\n\t\t\t\t\t\t<\/figure>\n                    <\/div>\n\t\t\t\t\t\n\t\t\t\t\t\t\t\t\t\n                    <div class=\"clients-logo-box\">\n                        <figure class=\"image\">\n\t\t\t\t\t\t\t<a href=\"https:\/\/23july.hostlin.com\/constech\/our-clients\/\">\n\t\t\t\t\t\t\t\t\t\t\t\t\t\t\t\t<img decoding=\"async\" src=\"https:\/\/ayeninsaat.com\/wp-content\/uploads\/2023\/12\/Basliksiz-1_0002_star-rafineri.png\" alt=\"\">\n\t\t\t\t\t\t\t\t\t\t\t\t\t\t\t<\/a>\n\t\t\t\t\t\t<\/figure>\n\t\t\t\t\t\t\n\t\t\t\t\t\t<figure class=\"overlay-image\">\n\t\t\t\t\t\t\t<a href=\"https:\/\/23july.hostlin.com\/constech\/our-clients\/\">\n\t\t\t\t\t\t\t\t\t\t\t\t\t\t\t\t<img decoding=\"async\" src=\"https:\/\/ayeninsaat.com\/wp-content\/uploads\/2023\/12\/Basliksiz-1_0002_star-rafineri.png\" alt=\"\">\n\t\t\t\t\t\t\t\t\t\t\t\t\t\t\t<\/a>\n\t\t\t\t\t\t<\/figure>\n                    <\/div>\n\t\t\t\t\t\n\t\t\t\t\t\t\t\t\t\n                    <div class=\"clients-logo-box\">\n                        <figure class=\"image\">\n\t\t\t\t\t\t\t<a href=\"https:\/\/23july.hostlin.com\/constech\/our-clients\/\">\n\t\t\t\t\t\t\t\t\t\t\t\t\t\t\t\t<img decoding=\"async\" src=\"https:\/\/ayeninsaat.com\/wp-content\/uploads\/2023\/12\/Basliksiz-1_0005_egeyurt.png\" alt=\"\">\n\t\t\t\t\t\t\t\t\t\t\t\t\t\t\t<\/a>\n\t\t\t\t\t\t<\/figure>\n\t\t\t\t\t\t\n\t\t\t\t\t\t<figure class=\"overlay-image\">\n\t\t\t\t\t\t\t<a href=\"https:\/\/23july.hostlin.com\/constech\/our-clients\/\">\n\t\t\t\t\t\t\t\t\t\t\t\t\t\t\t\t<img decoding=\"async\" src=\"https:\/\/ayeninsaat.com\/wp-content\/uploads\/2023\/12\/Basliksiz-1_0005_egeyurt.png\" alt=\"\">\n\t\t\t\t\t\t\t\t\t\t\t\t\t\t\t<\/a>\n\t\t\t\t\t\t<\/figure>\n                    <\/div>\n\t\t\t\t\t\n\t\t\t\t\t\t\t\t\t\n                    <div class=\"clients-logo-box\">\n                        <figure class=\"image\">\n\t\t\t\t\t\t\t<a href=\"https:\/\/23july.hostlin.com\/constech\/our-clients\/\">\n\t\t\t\t\t\t\t\t\t\t\t\t\t\t\t\t<img decoding=\"async\" src=\"https:\/\/ayeninsaat.com\/wp-content\/uploads\/2023\/12\/Basliksiz-1_0000_zel-gida-corba-fabrikasi.png\" alt=\"\">\n\t\t\t\t\t\t\t\t\t\t\t\t\t\t\t<\/a>\n\t\t\t\t\t\t<\/figure>\n\t\t\t\t\t\t\n\t\t\t\t\t\t<figure class=\"overlay-image\">\n\t\t\t\t\t\t\t<a href=\"https:\/\/23july.hostlin.com\/constech\/our-clients\/\">\n\t\t\t\t\t\t\t\t\t\t\t\t\t\t\t\t<img decoding=\"async\" src=\"https:\/\/ayeninsaat.com\/wp-content\/uploads\/2023\/12\/Basliksiz-1_0000_zel-gida-corba-fabrikasi.png\" alt=\"\">\n\t\t\t\t\t\t\t\t\t\t\t\t\t\t\t<\/a>\n\t\t\t\t\t\t<\/figure>\n                    <\/div>\n\t\t\t\t\t\n\t\t\t\t\t\t\t\t\t\t\n                <\/div>\n            <\/div>\n        <\/section>\n\t\t\n\t\t\t\t\n\t\t\t\t\t\t<\/div>\n\t\t\t\t<\/div>\n\t\t\t\t\t<\/div>\n\t\t<\/div>\n\t\t\t\t\t<\/div>\n\t\t<\/section>\n\t\t\t\t<\/div>\n\t\t","protected":false},"excerpt":{"rendered":"<p>BASINDA B\u0130Z Ayen \u0130n\u015faat, Yenilik\u00e7i Projeleriyle Bas\u0131nda De\u011ferli M\u00fc\u015fterilerimiz ve \u0130\u015f Ortaklar\u0131m\u0131z, \u00a0 Ayen \u0130n\u015faat olarak, y\u0131llard\u0131r sekt\u00f6rdeki varl\u0131\u011f\u0131m\u0131z\u0131 s\u00fcrd\u00fcrmenin gururunu ya\u015f\u0131yoruz. \u0130n\u015faat ve epoksi alan\u0131ndaki deneyimimiz ve yenilik\u00e7i yakla\u015f\u0131m\u0131m\u0131zla, bir kez daha medyan\u0131n ilgisini \u00e7ekmeyi ba\u015fard\u0131k.Son g\u00fcnlerde bas\u0131nda yer alarak projelerimizin tan\u0131t\u0131m\u0131n\u0131 yapmam\u0131z, bizim i\u00e7in b\u00fcy\u00fck bir memnuniyet kayna\u011f\u0131d\u0131r.Bu, sadece bizim de\u011fil, ayn\u0131 zamanda [&hellip;]<\/p>\n","protected":false},"author":1,"featured_media":0,"parent":0,"menu_order":0,"comment_status":"closed","ping_status":"closed","template":"elementor_header_footer","meta":{"om_disable_all_campaigns":false,"_monsterinsights_skip_tracking":false,"_monsterinsights_sitenote_active":false,"_monsterinsights_sitenote_note":"","_monsterinsights_sitenote_category":0,"footnotes":""},"class_list":["post-3148","page","type-page","status-publish","hentry"],"_links":{"self":[{"href":"https:\/\/ayeninsaat.com\/index.php\/wp-json\/wp\/v2\/pages\/3148","targetHints":{"allow":["GET"]}}],"collection":[{"href":"https:\/\/ayeninsaat.com\/index.php\/wp-json\/wp\/v2\/pages"}],"about":[{"href":"https:\/\/ayeninsaat.com\/index.php\/wp-json\/wp\/v2\/types\/page"}],"author":[{"embeddable":true,"href":"https:\/\/ayeninsaat.com\/index.php\/wp-json\/wp\/v2\/users\/1"}],"replies":[{"embeddable":true,"href":"https:\/\/ayeninsaat.com\/index.php\/wp-json\/wp\/v2\/comments?post=3148"}],"version-history":[{"count":4,"href":"https:\/\/ayeninsaat.com\/index.php\/wp-json\/wp\/v2\/pages\/3148\/revisions"}],"predecessor-version":[{"id":3156,"href":"https:\/\/ayeninsaat.com\/index.php\/wp-json\/wp\/v2\/pages\/3148\/revisions\/3156"}],"wp:attachment":[{"href":"https:\/\/ayeninsaat.com\/index.php\/wp-json\/wp\/v2\/media?parent=3148"}],"curies":[{"name":"wp","href":"https:\/\/api.w.org\/{rel}","templated":true}]}}