{"id":3209,"date":"2024-06-06T14:01:02","date_gmt":"2024-06-06T11:01:02","guid":{"rendered":"https:\/\/ayeninsaat.com\/?page_id=3209"},"modified":"2024-06-06T16:45:46","modified_gmt":"2024-06-06T13:45:46","slug":"videolarimiz","status":"publish","type":"page","link":"https:\/\/ayeninsaat.com\/index.php\/videolarimiz\/","title":{"rendered":"Videolar\u0131m\u0131z"},"content":{"rendered":"\t\t<div data-elementor-type=\"wp-page\" data-elementor-id=\"3209\" class=\"elementor elementor-3209\">\n\t\t\t\t<div class=\"elementor-element elementor-element-1c84974 e-flex e-con-boxed e-con e-parent\" data-id=\"1c84974\" data-element_type=\"container\">\n\t\t\t\t\t<div class=\"e-con-inner\">\n\t\t\t\t<div class=\"elementor-element elementor-element-d8197c2 elementor-view-default elementor-position-top elementor-mobile-position-top elementor-widget elementor-widget-icon-box\" data-id=\"d8197c2\" data-element_type=\"widget\" data-widget_type=\"icon-box.default\">\n\t\t\t\t<div class=\"elementor-widget-container\">\n\t\t\t\t\t\t\t<div class=\"elementor-icon-box-wrapper\">\n\n\t\t\t\t\t\t<div class=\"elementor-icon-box-icon\">\n\t\t\t\t<a href=\"https:\/\/www.youtube.com\/@ayeninsaat\" target=\"_blank\" class=\"elementor-icon elementor-animation-push\" tabindex=\"-1\">\n\t\t\t\t<svg aria-hidden=\"true\" class=\"e-font-icon-svg e-fas-video\" viewBox=\"0 0 576 512\" xmlns=\"http:\/\/www.w3.org\/2000\/svg\"><path d=\"M336.2 64H47.8C21.4 64 0 85.4 0 111.8v288.4C0 426.6 21.4 448 47.8 448h288.4c26.4 0 47.8-21.4 47.8-47.8V111.8c0-26.4-21.4-47.8-47.8-47.8zm189.4 37.7L416 177.3v157.4l109.6 75.5c21.2 14.6 50.4-.3 50.4-25.8V127.5c0-25.4-29.1-40.4-50.4-25.8z\"><\/path><\/svg>\t\t\t\t<\/a>\n\t\t\t<\/div>\n\t\t\t\n\t\t\t\n\t\t<\/div>\n\t\t\t\t\t\t<\/div>\n\t\t\t\t<\/div>\n\t\t\t\t\t<\/div>\n\t\t\t\t<\/div>\n\t\t<div class=\"elementor-element elementor-element-2235730 e-flex e-con-boxed e-con e-parent\" data-id=\"2235730\" data-element_type=\"container\">\n\t\t\t\t\t<div class=\"e-con-inner\">\n\t\t\t\t<div class=\"elementor-element elementor-element-bc260b0 elementor-widget elementor-widget-heading\" data-id=\"bc260b0\" data-element_type=\"widget\" data-settings=\"{&quot;_animation&quot;:&quot;none&quot;}\" data-widget_type=\"heading.default\">\n\t\t\t\t<div class=\"elementor-widget-container\">\n\t\t\t\t\t<h2 class=\"elementor-heading-title elementor-size-large\">V\u0130DEOLARIMIZ<\/h2>\t\t\t\t<\/div>\n\t\t\t\t<\/div>\n\t\t\t\t\t<\/div>\n\t\t\t\t<\/div>\n\t\t<div class=\"elementor-element elementor-element-669f750 e-flex e-con-boxed e-con e-parent\" data-id=\"669f750\" data-element_type=\"container\">\n\t\t\t\t\t<div class=\"e-con-inner\">\n\t\t\t\t<div class=\"elementor-element elementor-element-c079d2a elementor-widget elementor-widget-heading\" data-id=\"c079d2a\" data-element_type=\"widget\" data-widget_type=\"heading.default\">\n\t\t\t\t<div class=\"elementor-widget-container\">\n\t\t\t\t\t<h2 class=\"elementor-heading-title elementor-size-large\"><a href=\"https:\/\/www.youtube.com\/@ayeninsaat\" target=\"_blank\">YouTube Kanal\u0131m\u0131z<\/a><\/h2>\t\t\t\t<\/div>\n\t\t\t\t<\/div>\n\t\t\t\t\t<\/div>\n\t\t\t\t<\/div>\n\t\t<div class=\"elementor-element elementor-element-9196172 e-flex e-con-boxed e-con e-parent\" data-id=\"9196172\" data-element_type=\"container\">\n\t\t\t\t\t<div class=\"e-con-inner\">\n\t\t\t\t<div class=\"elementor-element elementor-element-ea76f08 elementor-widget-divider--view-line elementor-widget elementor-widget-divider\" data-id=\"ea76f08\" data-element_type=\"widget\" data-widget_type=\"divider.default\">\n\t\t\t\t<div class=\"elementor-widget-container\">\n\t\t\t\t\t\t\t<div class=\"elementor-divider\">\n\t\t\t<span class=\"elementor-divider-separator\">\n\t\t\t\t\t\t<\/span>\n\t\t<\/div>\n\t\t\t\t\t\t<\/div>\n\t\t\t\t<\/div>\n\t\t\t\t\t<\/div>\n\t\t\t\t<\/div>\n\t\t<div class=\"elementor-element elementor-element-7cfa448 e-grid e-con-boxed e-con e-parent\" data-id=\"7cfa448\" data-element_type=\"container\">\n\t\t\t\t\t<div class=\"e-con-inner\">\n\t\t\t\t<div class=\"elementor-element elementor-element-57b6cd6 elementor-widget elementor-widget-video\" data-id=\"57b6cd6\" data-element_type=\"widget\" data-settings=\"{&quot;video_type&quot;:&quot;hosted&quot;,&quot;controls&quot;:&quot;yes&quot;}\" data-widget_type=\"video.default\">\n\t\t\t\t<div class=\"elementor-widget-container\">\n\t\t\t\t\t\t\t<div class=\"e-hosted-video elementor-wrapper elementor-open-inline\">\n\t\t\t\t\t<video class=\"elementor-video\" src=\"https:\/\/ayeninsaat.com\/wp-content\/uploads\/2024\/06\/Ayen-Loose-Cafe.mp4\" controls=\"\" preload=\"metadata\" controlsList=\"nodownload\" poster=\"https:\/\/ayeninsaat.com\/wp-content\/uploads\/2024\/06\/Loose-Cafe-Reels-Kapak.png\"><\/video>\n\t\t\t\t<\/div>\n\t\t\t\t\t\t<\/div>\n\t\t\t\t<\/div>\n\t\t\t\t<div class=\"elementor-element elementor-element-b945508 elementor-widget elementor-widget-video\" data-id=\"b945508\" data-element_type=\"widget\" data-settings=\"{&quot;video_type&quot;:&quot;hosted&quot;,&quot;controls&quot;:&quot;yes&quot;}\" data-widget_type=\"video.default\">\n\t\t\t\t<div class=\"elementor-widget-container\">\n\t\t\t\t\t\t\t<div class=\"e-hosted-video elementor-wrapper elementor-open-inline\">\n\t\t\t\t\t<video class=\"elementor-video\" src=\"https:\/\/ayeninsaat.com\/wp-content\/uploads\/2024\/06\/Ayen-Kula.mp4\" controls=\"\" preload=\"metadata\" controlsList=\"nodownload\" poster=\"https:\/\/ayeninsaat.com\/wp-content\/uploads\/2024\/06\/Reels-Kapak.png\"><\/video>\n\t\t\t\t<\/div>\n\t\t\t\t\t\t<\/div>\n\t\t\t\t<\/div>\n\t\t\t\t<div class=\"elementor-element elementor-element-b7bfc45 elementor-widget elementor-widget-video\" data-id=\"b7bfc45\" data-element_type=\"widget\" data-settings=\"{&quot;video_type&quot;:&quot;hosted&quot;,&quot;controls&quot;:&quot;yes&quot;}\" data-widget_type=\"video.default\">\n\t\t\t\t<div class=\"elementor-widget-container\">\n\t\t\t\t\t\t\t<div class=\"e-hosted-video elementor-wrapper elementor-open-inline\">\n\t\t\t\t\t<video class=\"elementor-video\" src=\"https:\/\/ayeninsaat.com\/wp-content\/uploads\/2024\/06\/2.mp4\" controls=\"\" preload=\"metadata\" controlsList=\"nodownload\" poster=\"https:\/\/ayeninsaat.com\/wp-content\/uploads\/2024\/06\/Epoksi-Story-2.png\"><\/video>\n\t\t\t\t<\/div>\n\t\t\t\t\t\t<\/div>\n\t\t\t\t<\/div>\n\t\t\t\t<div class=\"elementor-element elementor-element-aed6ecf elementor-widget elementor-widget-video\" data-id=\"aed6ecf\" data-element_type=\"widget\" data-settings=\"{&quot;video_type&quot;:&quot;hosted&quot;,&quot;controls&quot;:&quot;yes&quot;}\" data-widget_type=\"video.default\">\n\t\t\t\t<div class=\"elementor-widget-container\">\n\t\t\t\t\t\t\t<div class=\"e-hosted-video elementor-wrapper elementor-open-inline\">\n\t\t\t\t\t<video class=\"elementor-video\" src=\"https:\/\/ayeninsaat.com\/wp-content\/uploads\/2024\/06\/1.mp4\" controls=\"\" preload=\"metadata\" controlsList=\"nodownload\"><\/video>\n\t\t\t\t<\/div>\n\t\t\t\t\t\t<\/div>\n\t\t\t\t<\/div>\n\t\t\t\t\t<\/div>\n\t\t\t\t<\/div>\n\t\t<div class=\"elementor-element elementor-element-c32ed9a e-flex e-con-boxed e-con e-parent\" data-id=\"c32ed9a\" data-element_type=\"container\">\n\t\t\t\t\t<div class=\"e-con-inner\">\n\t\t\t\t<div class=\"elementor-element elementor-element-45dda0e elementor-widget elementor-widget-spacer\" data-id=\"45dda0e\" data-element_type=\"widget\" data-widget_type=\"spacer.default\">\n\t\t\t\t<div class=\"elementor-widget-container\">\n\t\t\t\t\t\t\t<div class=\"elementor-spacer\">\n\t\t\t<div class=\"elementor-spacer-inner\"><\/div>\n\t\t<\/div>\n\t\t\t\t\t\t<\/div>\n\t\t\t\t<\/div>\n\t\t\t\t\t<\/div>\n\t\t\t\t<\/div>\n\t\t\t\t<section class=\"elementor-section elementor-top-section elementor-element elementor-element-248fcd2c elementor-section-full_width elementor-section-height-default elementor-section-height-default\" data-id=\"248fcd2c\" data-element_type=\"section\">\n\t\t\t\t\t\t<div class=\"elementor-container elementor-column-gap-no\">\n\t\t\t\t\t<div class=\"elementor-column elementor-col-100 elementor-top-column elementor-element elementor-element-7108eb81\" data-id=\"7108eb81\" data-element_type=\"column\">\n\t\t\t<div class=\"elementor-widget-wrap elementor-element-populated\">\n\t\t\t\t\t\t<div class=\"elementor-element elementor-element-5328b257 elementor-widget elementor-widget-constech_clients\" data-id=\"5328b257\" data-element_type=\"widget\" data-widget_type=\"constech_clients.default\">\n\t\t\t\t<div class=\"elementor-widget-container\">\n\t\t\t\t\t\t\t\n\n     <script>\n jQuery(document).ready(function($) {\n\n\/\/put the js code under this line \n\n\tif ($(\".five-item-carousel\").length) {\n\t\t$(\".five-item-carousel\").owlCarousel({\n\t\t\tloop:true,\n\t\t\tmargin:30,\n\t\t\tnav:true,\n\t\t\tsmartSpeed: 500,\n\t\t\tautoplay: 1000,\n\t\t\tresponsive:{\n\t\t\t\t0:{\n\t\t\t\t\titems:1\n\t\t\t\t},\n\t\t\t\t480:{\n\t\t\t\t\titems:2\n\t\t\t\t},\n\t\t\t\t600:{\n\t\t\t\t\titems:3\n\t\t\t\t},\n\t\t\t\t800:{\n\t\t\t\t\titems:4\n\t\t\t\t},\n\t\t\t\t1024:{\n\t\t\t\t\titems:5\n\t\t\t\t}\n\t\t\t}\n\t\t});    \t\t\n\t}\n\n\/\/put the code above the line \n\n  });\n<\/script>        \n\t\t\t\t\n\t\t\t\t\n\t\t\t\t\n\t\t\t\t\n\t\t\t\t\n\t\t\t\t\n\t\t\t\t\n\t\t\t\t\n\t\t\t\t\n\t\t<section class=\"clients-one light p_relative pt_100 pb_100 \">\n\t\t\t            <div class=\"pattern-layer p_absolute l_0 t_0\" style=\"background-image: url(https:\/\/ayeninsaat.com\/wp-content\/uploads\/2022\/08\/shape-190.png);\">\n\t\t\t\t\t\t<\/div>\n            <div class=\"auto-container\">\n                <div class=\"five-item-carousel owl-carousel owl-theme owl-nav-none owl-dots-none\">\n\t\t\t\t\n                    \t\t\t\t\n                    <div class=\"clients-logo-box\">\n                        <figure class=\"image\">\n\t\t\t\t\t\t\t<a href=\"https:\/\/23july.hostlin.com\/constech\/our-clients\/\">\n\t\t\t\t\t\t\t\t\t\t\t\t\t\t\t\t<img decoding=\"async\" src=\"https:\/\/ayeninsaat.com\/wp-content\/uploads\/2023\/12\/Basliksiz-1_0004_erdemir-celik-fabrikasi.png\" alt=\"\">\n\t\t\t\t\t\t\t\t\t\t\t\t\t\t\t<\/a>\n\t\t\t\t\t\t<\/figure>\n\t\t\t\t\t\t\n\t\t\t\t\t\t<figure class=\"overlay-image\">\n\t\t\t\t\t\t\t<a href=\"https:\/\/23july.hostlin.com\/constech\/our-clients\/\">\n\t\t\t\t\t\t\t\t\t\t\t\t\t\t\t\t<img decoding=\"async\" src=\"https:\/\/ayeninsaat.com\/wp-content\/uploads\/2023\/12\/Basliksiz-1_0004_erdemir-celik-fabrikasi.png\" alt=\"\">\n\t\t\t\t\t\t\t\t\t\t\t\t\t\t\t<\/a>\n\t\t\t\t\t\t<\/figure>\n                    <\/div>\n\t\t\t\t\t\n\t\t\t\t\t\t\t\t\t\n                    <div class=\"clients-logo-box\">\n                        <figure class=\"image\">\n\t\t\t\t\t\t\t<a href=\"https:\/\/23july.hostlin.com\/constech\/our-clients\/\">\n\t\t\t\t\t\t\t\t\t\t\t\t\t\t\t\t<img decoding=\"async\" src=\"https:\/\/ayeninsaat.com\/wp-content\/uploads\/2023\/12\/Basliksiz-1_0003_izmir-ticaret-odasi.png\" alt=\"\">\n\t\t\t\t\t\t\t\t\t\t\t\t\t\t\t<\/a>\n\t\t\t\t\t\t<\/figure>\n\t\t\t\t\t\t\n\t\t\t\t\t\t<figure class=\"overlay-image\">\n\t\t\t\t\t\t\t<a href=\"https:\/\/23july.hostlin.com\/constech\/our-clients\/\">\n\t\t\t\t\t\t\t\t\t\t\t\t\t\t\t\t<img decoding=\"async\" src=\"https:\/\/ayeninsaat.com\/wp-content\/uploads\/2023\/12\/Basliksiz-1_0003_izmir-ticaret-odasi.png\" alt=\"\">\n\t\t\t\t\t\t\t\t\t\t\t\t\t\t\t<\/a>\n\t\t\t\t\t\t<\/figure>\n                    <\/div>\n\t\t\t\t\t\n\t\t\t\t\t\t\t\t\t\n                    <div class=\"clients-logo-box\">\n                        <figure class=\"image\">\n\t\t\t\t\t\t\t<a href=\"https:\/\/23july.hostlin.com\/constech\/our-clients\/\">\n\t\t\t\t\t\t\t\t\t\t\t\t\t\t\t\t<img decoding=\"async\" src=\"https:\/\/ayeninsaat.com\/wp-content\/uploads\/2023\/12\/Basliksiz-1_0002_star-rafineri.png\" alt=\"\">\n\t\t\t\t\t\t\t\t\t\t\t\t\t\t\t<\/a>\n\t\t\t\t\t\t<\/figure>\n\t\t\t\t\t\t\n\t\t\t\t\t\t<figure class=\"overlay-image\">\n\t\t\t\t\t\t\t<a href=\"https:\/\/23july.hostlin.com\/constech\/our-clients\/\">\n\t\t\t\t\t\t\t\t\t\t\t\t\t\t\t\t<img decoding=\"async\" src=\"https:\/\/ayeninsaat.com\/wp-content\/uploads\/2023\/12\/Basliksiz-1_0002_star-rafineri.png\" alt=\"\">\n\t\t\t\t\t\t\t\t\t\t\t\t\t\t\t<\/a>\n\t\t\t\t\t\t<\/figure>\n                    <\/div>\n\t\t\t\t\t\n\t\t\t\t\t\t\t\t\t\n                    <div class=\"clients-logo-box\">\n                        <figure class=\"image\">\n\t\t\t\t\t\t\t<a href=\"https:\/\/23july.hostlin.com\/constech\/our-clients\/\">\n\t\t\t\t\t\t\t\t\t\t\t\t\t\t\t\t<img decoding=\"async\" src=\"https:\/\/ayeninsaat.com\/wp-content\/uploads\/2023\/12\/Basliksiz-1_0005_egeyurt.png\" alt=\"\">\n\t\t\t\t\t\t\t\t\t\t\t\t\t\t\t<\/a>\n\t\t\t\t\t\t<\/figure>\n\t\t\t\t\t\t\n\t\t\t\t\t\t<figure class=\"overlay-image\">\n\t\t\t\t\t\t\t<a href=\"https:\/\/23july.hostlin.com\/constech\/our-clients\/\">\n\t\t\t\t\t\t\t\t\t\t\t\t\t\t\t\t<img decoding=\"async\" src=\"https:\/\/ayeninsaat.com\/wp-content\/uploads\/2023\/12\/Basliksiz-1_0005_egeyurt.png\" alt=\"\">\n\t\t\t\t\t\t\t\t\t\t\t\t\t\t\t<\/a>\n\t\t\t\t\t\t<\/figure>\n                    <\/div>\n\t\t\t\t\t\n\t\t\t\t\t\t\t\t\t\n                    <div class=\"clients-logo-box\">\n                        <figure class=\"image\">\n\t\t\t\t\t\t\t<a href=\"https:\/\/23july.hostlin.com\/constech\/our-clients\/\">\n\t\t\t\t\t\t\t\t\t\t\t\t\t\t\t\t<img decoding=\"async\" src=\"https:\/\/ayeninsaat.com\/wp-content\/uploads\/2023\/12\/Basliksiz-1_0000_zel-gida-corba-fabrikasi.png\" alt=\"\">\n\t\t\t\t\t\t\t\t\t\t\t\t\t\t\t<\/a>\n\t\t\t\t\t\t<\/figure>\n\t\t\t\t\t\t\n\t\t\t\t\t\t<figure class=\"overlay-image\">\n\t\t\t\t\t\t\t<a href=\"https:\/\/23july.hostlin.com\/constech\/our-clients\/\">\n\t\t\t\t\t\t\t\t\t\t\t\t\t\t\t\t<img decoding=\"async\" src=\"https:\/\/ayeninsaat.com\/wp-content\/uploads\/2023\/12\/Basliksiz-1_0000_zel-gida-corba-fabrikasi.png\" alt=\"\">\n\t\t\t\t\t\t\t\t\t\t\t\t\t\t\t<\/a>\n\t\t\t\t\t\t<\/figure>\n                    <\/div>\n\t\t\t\t\t\n\t\t\t\t\t\t\t\t\t\t\n                <\/div>\n            <\/div>\n        <\/section>\n\t\t\n\t\t\t\t\n\t\t\t\t\t\t<\/div>\n\t\t\t\t<\/div>\n\t\t\t\t\t<\/div>\n\t\t<\/div>\n\t\t\t\t\t<\/div>\n\t\t<\/section>\n\t\t\t\t<\/div>\n\t\t","protected":false},"excerpt":{"rendered":"<p>V\u0130DEOLARIMIZ YouTube Kanal\u0131m\u0131z https:\/\/ayeninsaat.com\/wp-content\/uploads\/2024\/06\/Ayen-Loose-Cafe.mp4https:\/\/ayeninsaat.com\/wp-content\/uploads\/2024\/06\/Ayen-Kula.mp4https:\/\/ayeninsaat.com\/wp-content\/uploads\/2024\/06\/2.mp4https:\/\/ayeninsaat.com\/wp-content\/uploads\/2024\/06\/1.mp4<\/p>\n","protected":false},"author":1,"featured_media":0,"parent":0,"menu_order":0,"comment_status":"closed","ping_status":"closed","template":"elementor_header_footer","meta":{"om_disable_all_campaigns":false,"_monsterinsights_skip_tracking":false,"_monsterinsights_sitenote_active":false,"_monsterinsights_sitenote_note":"","_monsterinsights_sitenote_category":0,"footnotes":""},"class_list":["post-3209","page","type-page","status-publish","hentry"],"_links":{"self":[{"href":"https:\/\/ayeninsaat.com\/index.php\/wp-json\/wp\/v2\/pages\/3209","targetHints":{"allow":["GET"]}}],"collection":[{"href":"https:\/\/ayeninsaat.com\/index.php\/wp-json\/wp\/v2\/pages"}],"about":[{"href":"https:\/\/ayeninsaat.com\/index.php\/wp-json\/wp\/v2\/types\/page"}],"author":[{"embeddable":true,"href":"https:\/\/ayeninsaat.com\/index.php\/wp-json\/wp\/v2\/users\/1"}],"replies":[{"embeddable":true,"href":"https:\/\/ayeninsaat.com\/index.php\/wp-json\/wp\/v2\/comments?post=3209"}],"version-history":[{"count":16,"href":"https:\/\/ayeninsaat.com\/index.php\/wp-json\/wp\/v2\/pages\/3209\/revisions"}],"predecessor-version":[{"id":3266,"href":"https:\/\/ayeninsaat.com\/index.php\/wp-json\/wp\/v2\/pages\/3209\/revisions\/3266"}],"wp:attachment":[{"href":"https:\/\/ayeninsaat.com\/index.php\/wp-json\/wp\/v2\/media?parent=3209"}],"curies":[{"name":"wp","href":"https:\/\/api.w.org\/{rel}","templated":true}]}}