{"id":3230,"date":"2024-06-06T15:33:40","date_gmt":"2024-06-06T12:33:40","guid":{"rendered":"https:\/\/ayeninsaat.com\/?page_id=3230"},"modified":"2024-06-06T16:05:11","modified_gmt":"2024-06-06T13:05:11","slug":"zel-gida-corba-fabrikasi","status":"publish","type":"page","link":"https:\/\/ayeninsaat.com\/index.php\/zel-gida-corba-fabrikasi\/","title":{"rendered":"Zel G\u0131da \u00c7orba Fabrikas\u0131"},"content":{"rendered":"\t\t<div data-elementor-type=\"wp-page\" data-elementor-id=\"3230\" class=\"elementor elementor-3230\">\n\t\t\t\t\t\t<section class=\"elementor-section elementor-top-section elementor-element elementor-element-4e50d99 elementor-section-full_width elementor-section-height-default elementor-section-height-default\" data-id=\"4e50d99\" data-element_type=\"section\">\n\t\t\t\t\t\t<div class=\"elementor-container elementor-column-gap-no\">\n\t\t\t\t\t<div class=\"elementor-column elementor-col-100 elementor-top-column elementor-element elementor-element-88f705c\" data-id=\"88f705c\" data-element_type=\"column\">\n\t\t\t<div class=\"elementor-widget-wrap elementor-element-populated\">\n\t\t\t\t\t\t<div class=\"elementor-element elementor-element-40d793f elementor-widget elementor-widget-constech_project_details1\" data-id=\"40d793f\" data-element_type=\"widget\" data-widget_type=\"constech_project_details1.default\">\n\t\t\t\t<div class=\"elementor-widget-container\">\n\t\t\t\t\t        \n\t\t\t\t\n\t\t\t\t\n\t\t\t\t\n\t\t\n\t\t\n\t\t\t\t\n\t\t<section class=\"project-details project-details-4 p_relative \">\n            <div class=\"auto-container\">\n                <div class=\"project-details-content p_relative d_block\">\n\t\t\t\t\n\t\t\t\t\t\t\t\t\t\n                    <div data-animation-box class=\"image-box p_relative d_block\">\n                        <figure data-animation-text class=\"overlay-anim-black-bg image p_relative d_block b_radius_10 mb_100\" data-animation=\"overlay-animation\"><a href=\"https:\/\/ayeninsaat.com\/wp-content\/uploads\/2024\/01\/20200904_162052-1024x768-1.jpg\" class=\"lightbox-image\" data-fancybox=\"gallery\">\n\t\t\t\t\t\t\t\t\t\t\t\t\t\t<img decoding=\"async\" src=\"https:\/\/ayeninsaat.com\/wp-content\/uploads\/2024\/01\/20200904_162052-1024x768-1.jpg\" alt=\"\">\n\t\t\t\t\t\t\t\t\t\t\t\t\t<\/a><\/figure>\n                    <\/div>\n\t\t\t\t\t\n\t\t\t\t\t\t\t\t\t\n                    <div data-animation-box class=\"image-box p_relative d_block\">\n                        <figure data-animation-text class=\"overlay-anim-black-bg image p_relative d_block b_radius_10 mb_100\" data-animation=\"overlay-animation\"><a href=\"https:\/\/ayeninsaat.com\/wp-content\/uploads\/2024\/01\/20200904_162041-768x1024-1.jpg\" class=\"lightbox-image\" data-fancybox=\"gallery\">\n\t\t\t\t\t\t\t\t\t\t\t\t\t\t<img decoding=\"async\" src=\"https:\/\/ayeninsaat.com\/wp-content\/uploads\/2024\/01\/20200904_162041-768x1024-1.jpg\" alt=\"\">\n\t\t\t\t\t\t\t\t\t\t\t\t\t<\/a><\/figure>\n                    <\/div>\n\t\t\t\t\t\n\t\t\t\t\t\t\t\t\t\n                    <div data-animation-box class=\"image-box p_relative d_block\">\n                        <figure data-animation-text class=\"overlay-anim-black-bg image p_relative d_block b_radius_10 mb_100\" data-animation=\"overlay-animation\"><a href=\"https:\/\/ayeninsaat.com\/wp-content\/uploads\/2024\/01\/20200902_153857-1024x768-1.jpg\" class=\"lightbox-image\" data-fancybox=\"gallery\">\n\t\t\t\t\t\t\t\t\t\t\t\t\t\t<img decoding=\"async\" src=\"https:\/\/ayeninsaat.com\/wp-content\/uploads\/2024\/01\/20200902_153857-1024x768-1.jpg\" alt=\"\">\n\t\t\t\t\t\t\t\t\t\t\t\t\t<\/a><\/figure>\n                    <\/div>\n\t\t\t\t\t\n\t\t\t\t\t\t\t\t\t\t\n                <\/div>\n            <\/div>\n        <\/section>\n\t\t\n\t\t\t\t\n\t\t             \n\t\t\t\t\t\t<\/div>\n\t\t\t\t<\/div>\n\t\t\t\t\t<\/div>\n\t\t<\/div>\n\t\t\t\t\t<\/div>\n\t\t<\/section>\n\t\t\t\t<\/div>\n\t\t","protected":false},"excerpt":{"rendered":"","protected":false},"author":1,"featured_media":0,"parent":0,"menu_order":0,"comment_status":"closed","ping_status":"closed","template":"tpl-default-elementor.php","meta":{"om_disable_all_campaigns":false,"_monsterinsights_skip_tracking":false,"_monsterinsights_sitenote_active":false,"_monsterinsights_sitenote_note":"","_monsterinsights_sitenote_category":0,"footnotes":""},"class_list":["post-3230","page","type-page","status-publish","hentry"],"_links":{"self":[{"href":"https:\/\/ayeninsaat.com\/index.php\/wp-json\/wp\/v2\/pages\/3230","targetHints":{"allow":["GET"]}}],"collection":[{"href":"https:\/\/ayeninsaat.com\/index.php\/wp-json\/wp\/v2\/pages"}],"about":[{"href":"https:\/\/ayeninsaat.com\/index.php\/wp-json\/wp\/v2\/types\/page"}],"author":[{"embeddable":true,"href":"https:\/\/ayeninsaat.com\/index.php\/wp-json\/wp\/v2\/users\/1"}],"replies":[{"embeddable":true,"href":"https:\/\/ayeninsaat.com\/index.php\/wp-json\/wp\/v2\/comments?post=3230"}],"version-history":[{"count":3,"href":"https:\/\/ayeninsaat.com\/index.php\/wp-json\/wp\/v2\/pages\/3230\/revisions"}],"predecessor-version":[{"id":3246,"href":"https:\/\/ayeninsaat.com\/index.php\/wp-json\/wp\/v2\/pages\/3230\/revisions\/3246"}],"wp:attachment":[{"href":"https:\/\/ayeninsaat.com\/index.php\/wp-json\/wp\/v2\/media?parent=3230"}],"curies":[{"name":"wp","href":"https:\/\/api.w.org\/{rel}","templated":true}]}}