{"id":343,"date":"2022-08-22T05:51:45","date_gmt":"2022-08-22T05:51:45","guid":{"rendered":"https:\/\/ftpdemo.com\/konstech\/?page_id=343"},"modified":"2024-01-09T16:07:33","modified_gmt":"2024-01-09T13:07:33","slug":"s-s-s","status":"publish","type":"page","link":"https:\/\/ayeninsaat.com\/index.php\/s-s-s\/","title":{"rendered":"S.S.S"},"content":{"rendered":"\t\t<div data-elementor-type=\"wp-page\" data-elementor-id=\"343\" class=\"elementor elementor-343\">\n\t\t\t\t\t\t<section class=\"elementor-section elementor-top-section elementor-element elementor-element-2801f29 elementor-section-boxed elementor-section-height-default elementor-section-height-default\" data-id=\"2801f29\" data-element_type=\"section\">\n\t\t\t\t\t\t<div class=\"elementor-container elementor-column-gap-no\">\n\t\t\t\t\t<div class=\"elementor-column elementor-col-50 elementor-top-column elementor-element elementor-element-7009131\" data-id=\"7009131\" data-element_type=\"column\">\n\t\t\t<div class=\"elementor-widget-wrap elementor-element-populated\">\n\t\t\t\t\t\t<div class=\"elementor-element elementor-element-eccb080 elementor-widget elementor-widget-constech_faq\" data-id=\"eccb080\" data-element_type=\"widget\" data-widget_type=\"constech_faq.default\">\n\t\t\t\t<div class=\"elementor-widget-container\">\n\t\t\t\t\t        \n\t\t\t\t\n\t\t\t\t\n\t\t\t\t\n\t\t\t\t\n\t\t\t\t\n\t\t\t\t\n\t\t<section class=\"faq-page-section faq-page-3 p_relative \">\n            <div class=\"auto-container\">\n                <div class=\"row clearfix\">\n                    <div class=\"col-lg-12 col-md-12 col-sm-12 faq-column\">\n                        <div class=\"faq-content\">\n                            <div class=\"content_block_five\">\n                                <div class=\"content-box p_relative d_block\">\n                                    <ul class=\"accordion-box\">\n\t\t\t\t\t\t\t\t\t\n\t\t\t\t\t\t\t\t\t\t\t\t\t\t\t\t\t\t\t\n                                        <li class=\"accordion block  p_relative d_block mb_30\">\n                                            <div class=\"acc-btn  p_relative d_block tran_5 pt_16 pr_80 pb_16 pl_30\">\n                                                <div class=\"icon-outer p_absolute fs_10 tran_5 z_1\"><i class=\"icon-29\"><\/i><\/div>\n                                                <h4 class=\"p_relative d_block fs_20 lh_30 fw_medium font_family_jost\">Epoksi zemin kaplama nedir?<\/h4>\n                                            <\/div>\n                                            <div class=\"acc-content  p_relative pt_25 pr_50 pl_30\">\n                                                <div class=\"text p_relative d_block\">\n                                                    <p class=\"font_family_poppins\">Epoksi zemin kaplama, epoksi re\u00e7ine ve sertle\u015ftirici kar\u0131\u015f\u0131m\u0131n\u0131n birle\u015fimiyle olu\u015fturulan dayan\u0131kl\u0131 bir zemin kaplama sistemidir. Bu kaplama, \u00f6zellikle end\u00fcstriyel alanlarda, garajlarda, depolarda ve ticari mekanlarda kullan\u0131lan dayan\u0131kl\u0131, kolay temizlenebilir bir zemin y\u00fczeyi sa\u011flar.<\/p>\n                                                <\/div>\n                                            <\/div>\n                                        <\/li>\n\t\t\t\t\t\t\t\t\t\t\n\t\t\t\t\t\t\t\t\t\t\t\t\t\t\t\t\t\t\t\n                                        <li class=\"accordion block active-block p_relative d_block mb_30\">\n                                            <div class=\"acc-btn active p_relative d_block tran_5 pt_16 pr_80 pb_16 pl_30\">\n                                                <div class=\"icon-outer p_absolute fs_10 tran_5 z_1\"><i class=\"icon-29\"><\/i><\/div>\n                                                <h4 class=\"p_relative d_block fs_20 lh_30 fw_medium font_family_jost\">Epoksi zemin kaplaman\u0131n avantajlar\u0131 nelerdir?<\/h4>\n                                            <\/div>\n                                            <div class=\"acc-content current p_relative pt_25 pr_50 pl_30\">\n                                                <div class=\"text p_relative d_block\">\n                                                    <p class=\"font_family_poppins\">Dayan\u0131kl\u0131 ve a\u015f\u0131nmaya kar\u015f\u0131 diren\u00e7li.\n<br>\nKimyasallara kar\u015f\u0131 dayan\u0131kl\u0131.\n<br>\nKolay temizlenebilir ve hijyeniktir.\n<br>\nEstetik tasar\u0131m se\u00e7enekleri sunar.\n<br>\nUygulama s\u00fcreci h\u0131zl\u0131 ve pratiktir.\n<br>\nY\u00fczeydeki \u00e7atlaklar\u0131 ve deformasyonlar\u0131 \u00f6nler.\n<br>\nIs\u0131ya ve UV \u0131\u015f\u0131nlar\u0131na dayan\u0131kl\u0131d\u0131r.<\/p>\n                                                <\/div>\n                                            <\/div>\n                                        <\/li>\n\t\t\t\t\t\t\t\t\t\t\n\t\t\t\t\t\t\t\t\t\t\t\t\t\t\t\t\t\t\t\n                                        <li class=\"accordion block  p_relative d_block mb_30\">\n                                            <div class=\"acc-btn  p_relative d_block tran_5 pt_16 pr_80 pb_16 pl_30\">\n                                                <div class=\"icon-outer p_absolute fs_10 tran_5 z_1\"><i class=\"icon-29\"><\/i><\/div>\n                                                <h4 class=\"p_relative d_block fs_20 lh_30 fw_medium font_family_jost\">Epoksi zemin kaplamada renk ve desen se\u00e7enekleri nelerdir?<\/h4>\n                                            <\/div>\n                                            <div class=\"acc-content  p_relative pt_25 pr_50 pl_30\">\n                                                <div class=\"text p_relative d_block\">\n                                                    <p class=\"font_family_poppins\">Epoksi zemin kaplamada geni\u015f bir renk paleti ve desen se\u00e7enekleri bulunur. M\u00fc\u015fteriler genellikle ihtiya\u00e7lar\u0131na ve mekan tasar\u0131mlar\u0131na uygun renkleri se\u00e7ebilir veya \u00f6zel desenler olu\u015fturabilir.<\/p>\n                                                <\/div>\n                                            <\/div>\n                                        <\/li>\n\t\t\t\t\t\t\t\t\t\t\n\t\t\t\t\t\t\t\t\t\t\t\t\t\t\t\t\t\t\t\n                                        <li class=\"accordion block  p_relative d_block mb_30\">\n                                            <div class=\"acc-btn  p_relative d_block tran_5 pt_16 pr_80 pb_16 pl_30\">\n                                                <div class=\"icon-outer p_absolute fs_10 tran_5 z_1\"><i class=\"icon-29\"><\/i><\/div>\n                                                <h4 class=\"p_relative d_block fs_20 lh_30 fw_medium font_family_jost\">Epoksi zemin kaplama ne kadar s\u00fcrede uygulan\u0131r?<\/h4>\n                                            <\/div>\n                                            <div class=\"acc-content  p_relative pt_25 pr_50 pl_30\">\n                                                <div class=\"text p_relative d_block\">\n                                                    <p class=\"font_family_poppins\">Uygulama s\u00fcresi, mekan\u0131n b\u00fcy\u00fckl\u00fc\u011f\u00fcne ve haz\u0131rl\u0131k \u00e7al\u0131\u015fmalar\u0131na ba\u011fl\u0131 olarak de\u011fi\u015febilir. Ayen Yap\u0131 \u0130n\u015faat olarak epoksi zemin kaplama hizmeti h\u0131zl\u0131 bir \u015fekilde uygulan\u0131r ve k\u0131sa s\u00fcrede kullan\u0131ma haz\u0131r hale gelir.<\/p>\n                                                <\/div>\n                                            <\/div>\n                                        <\/li>\n\t\t\t\t\t\t\t\t\t\t\n\t\t\t\t\t\t\t\t\t\t\t\t\t\t\t\t\t\t\t\t\n                                    <\/ul>\n                                <\/div>\n                            <\/div>\n                        <\/div>\n                    <\/div>\n                <\/div>\n            <\/div>\n        <\/section>\n\t\t\n\t\t             \n\t\t\t\t\t\t<\/div>\n\t\t\t\t<\/div>\n\t\t\t\t\t<\/div>\n\t\t<\/div>\n\t\t\t\t<div class=\"elementor-column elementor-col-50 elementor-top-column elementor-element elementor-element-dca7b99\" data-id=\"dca7b99\" data-element_type=\"column\">\n\t\t\t<div class=\"elementor-widget-wrap elementor-element-populated\">\n\t\t\t\t\t\t<div class=\"elementor-element elementor-element-c6bbdf5 elementor-widget elementor-widget-constech_faq\" data-id=\"c6bbdf5\" data-element_type=\"widget\" data-widget_type=\"constech_faq.default\">\n\t\t\t\t<div class=\"elementor-widget-container\">\n\t\t\t\t\t        \n\t\t\t\t\n\t\t\t\t\n\t\t\t\t\n\t\t\t\t\n\t\t<section class=\"faq-page-section p_relative kuk\">\n            <div class=\"auto-container\">\n                <div class=\"row clearfix\">\n                    <div class=\"col-lg-12 col-md-12 col-sm-12 content-side\">\n                        <div class=\"faq-content\">\n                            <div class=\"content-three p_relative d_block\">\n\t\t\t\t\t\t\t\t                                <div class=\"content_block_five\">\n                                    <div class=\"content-box p_relative d_block\">\n                                        <ul class=\"accordion-box\">\n\t\t\t\t\t\t\t\t\t\t\n\t\t\t\t\t\t\t\t\t\t\t\t\t\t\t\t\t\t\t\t\t\n                                            <li class=\"accordion block p_relative d_block mb_30\">\n                                                <div class=\"acc-btn p_relative d_block tran_5 pt_16 pr_80 pb_16 pl_30\">\n                                                    <div class=\"icon-outer p_absolute fs_10 tran_5 z_1\"><i class=\"icon-29\"><\/i><\/div>\n                                                    <h4 class=\"p_relative d_block fs_20 lh_30 fw_medium font_family_jost\">Epoksi zemin kaplama nerede kullan\u0131l\u0131r?<\/h4>\n                                                <\/div>\n                                                <div class=\"acc-content p_relative pt_25 pr_50 pl_30\">\n                                                    <div class=\"text p_relative d_block\">\n                                                        <p class=\"font_family_poppins\">Epoksi zemin kaplamalar, end\u00fcstriyel tesisler, garajlar, depolar, hastaneler, oteller, ofis binalar\u0131 ve konut alanlar\u0131 gibi bir\u00e7ok farkl\u0131 mekanda kullan\u0131labilir. Bu kaplamalar\u0131n \u00e7ok y\u00f6nl\u00fc olmas\u0131, \u00e7e\u015fitli sekt\u00f6rlerde tercih edilmelerini sa\u011flar.<\/p>\n                                                    <\/div>\n                                                <\/div>\n                                            <\/li>\n\t\t\t\t\t\t\t\t\t\t\t\n\t\t\t\t\t\t\t\t\t\t\t\t\t\t\t\t\t\t\t\t\t\n                                            <li class=\"accordion block p_relative d_block mb_30\">\n                                                <div class=\"acc-btn p_relative d_block tran_5 pt_16 pr_80 pb_16 pl_30\">\n                                                    <div class=\"icon-outer p_absolute fs_10 tran_5 z_1\"><i class=\"icon-29\"><\/i><\/div>\n                                                    <h4 class=\"p_relative d_block fs_20 lh_30 fw_medium font_family_jost\">Epoksi zemin kaplama su yal\u0131t\u0131m \u00f6zelliklerine sahip midir?<\/h4>\n                                                <\/div>\n                                                <div class=\"acc-content p_relative pt_25 pr_50 pl_30\">\n                                                    <div class=\"text p_relative d_block\">\n                                                        <p class=\"font_family_poppins\">Evet, epoksi zemin kaplamalar genellikle su yal\u0131t\u0131m \u00f6zelliklerine sahiptir. Su ge\u00e7irmez bir tabaka olu\u015fturarak zeminin alt\u0131ndaki y\u00fczeyleri nemden korur.<\/p>\n                                                    <\/div>\n                                                <\/div>\n                                            <\/li>\n\t\t\t\t\t\t\t\t\t\t\t\n\t\t\t\t\t\t\t\t\t\t\t\t\t\t\t\t\t\t\t\t\t\n                                            <li class=\"accordion block p_relative d_block mb_30\">\n                                                <div class=\"acc-btn p_relative d_block tran_5 pt_16 pr_80 pb_16 pl_30\">\n                                                    <div class=\"icon-outer p_absolute fs_10 tran_5 z_1\"><i class=\"icon-29\"><\/i><\/div>\n                                                    <h4 class=\"p_relative d_block fs_20 lh_30 fw_medium font_family_jost\">\u0130zmir'de epoksi zemin kaplama firmas\u0131 se\u00e7erken nelere dikkat etmeliyim?<\/h4>\n                                                <\/div>\n                                                <div class=\"acc-content p_relative pt_25 pr_50 pl_30\">\n                                                    <div class=\"text p_relative d_block\">\n                                                        <p class=\"font_family_poppins\">Referanslar\u0131 kontrol edin.\nDaha \u00f6nceki projelerini inceleyin.\nSertifikal\u0131 ve deneyimli bir ekip aray\u0131n.\nKullan\u0131lan malzeme kalitesini sorun.\nFiyat tekliflerini kar\u015f\u0131la\u015ft\u0131r\u0131n.\nM\u00fc\u015fteri yorumlar\u0131n\u0131 g\u00f6zden ge\u00e7irin.<\/p>\n                                                    <\/div>\n                                                <\/div>\n                                            <\/li>\n\t\t\t\t\t\t\t\t\t\t\t\n\t\t\t\t\t\t\t\t\t\t\t\t\t\t\t\t\t\t\t\t\t\n                                            <li class=\"accordion block p_relative d_block mb_30\">\n                                                <div class=\"acc-btn p_relative d_block tran_5 pt_16 pr_80 pb_16 pl_30\">\n                                                    <div class=\"icon-outer p_absolute fs_10 tran_5 z_1\"><i class=\"icon-29\"><\/i><\/div>\n                                                    <h4 class=\"p_relative d_block fs_20 lh_30 fw_medium font_family_jost\">Epoksi zemin kaplama uygulamas\u0131n\u0131n i\u015f s\u00fcreci nas\u0131l ilerler?<\/h4>\n                                                <\/div>\n                                                <div class=\"acc-content p_relative pt_25 pr_50 pl_30\">\n                                                    <div class=\"text p_relative d_block\">\n                                                        <p class=\"font_family_poppins\">\u0130\u015f s\u00fcreci genellikle \u015fu ad\u0131mlar\u0131 i\u00e7erir: haz\u0131rl\u0131k \u00e7al\u0131\u015fmalar\u0131 (zemin temizli\u011fi, d\u00fczeltmeler), epoksi kar\u0131\u015f\u0131m\u0131n\u0131n haz\u0131rlanmas\u0131, uygulama, kuruma s\u00fcreci ve son olarak zeminin kontrol\u00fc ve teslimi.<\/p>\n                                                    <\/div>\n                                                <\/div>\n                                            <\/li>\n\t\t\t\t\t\t\t\t\t\t\t\n\t\t\t\t\t\t\t\t\t\t\t\t\t\t\t\t\t\t\t\t\t\n                                            <li class=\"accordion block p_relative d_block mb_30\">\n                                                <div class=\"acc-btn p_relative d_block tran_5 pt_16 pr_80 pb_16 pl_30\">\n                                                    <div class=\"icon-outer p_absolute fs_10 tran_5 z_1\"><i class=\"icon-29\"><\/i><\/div>\n                                                    <h4 class=\"p_relative d_block fs_20 lh_30 fw_medium font_family_jost\">Epoksi zemin kaplamalar a\u011f\u0131r kimyasallara kar\u015f\u0131 dayan\u0131kl\u0131 m\u0131d\u0131r?<\/h4>\n                                                <\/div>\n                                                <div class=\"acc-content p_relative pt_25 pr_50 pl_30\">\n                                                    <div class=\"text p_relative d_block\">\n                                                        <p class=\"font_family_poppins\">Evet, genellikle epoksi zemin kaplamalar a\u011f\u0131r kimyasallara kar\u015f\u0131 diren\u00e7lidir. Bu kaplamalar, end\u00fcstriyel tesislerde ve laboratuvarlarda kullan\u0131lmak \u00fczere \u00f6zel olarak tasarlanm\u0131\u015ft\u0131r ve kimyasal dayan\u0131kl\u0131l\u0131k \u00f6zellikleri i\u00e7erir.<\/p>\n                                                    <\/div>\n                                                <\/div>\n                                            <\/li>\n\t\t\t\t\t\t\t\t\t\t\t\n\t\t\t\t\t\t\t\t\t\t\t\t\t\t\t\t\t\t\t\t\t\t\n                                        <\/ul>\n                                    <\/div>\n                                <\/div>\n                            <\/div>\n                        <\/div>\n                    <\/div>\n                <\/div>\n            <\/div>\n        <\/section>\n\t\t\n\t\t\t\t\n\t\t\t\t\n\t\t             \n\t\t\t\t\t\t<\/div>\n\t\t\t\t<\/div>\n\t\t\t\t\t<\/div>\n\t\t<\/div>\n\t\t\t\t\t<\/div>\n\t\t<\/section>\n\t\t\t\t<\/div>\n\t\t","protected":false},"excerpt":{"rendered":"<p>Epoksi zemin kaplama nedir? Epoksi zemin kaplama, epoksi re\u00e7ine ve sertle\u015ftirici kar\u0131\u015f\u0131m\u0131n\u0131n birle\u015fimiyle olu\u015fturulan dayan\u0131kl\u0131 bir zemin kaplama sistemidir. Bu kaplama, \u00f6zellikle end\u00fcstriyel alanlarda, garajlarda, depolarda ve ticari mekanlarda kullan\u0131lan dayan\u0131kl\u0131, kolay temizlenebilir bir zemin y\u00fczeyi sa\u011flar. Epoksi zemin kaplaman\u0131n avantajlar\u0131 nelerdir? Dayan\u0131kl\u0131 ve a\u015f\u0131nmaya kar\u015f\u0131 diren\u00e7li. Kimyasallara kar\u015f\u0131 dayan\u0131kl\u0131. Kolay temizlenebilir ve hijyeniktir. Estetik [&hellip;]<\/p>\n","protected":false},"author":1,"featured_media":0,"parent":0,"menu_order":0,"comment_status":"closed","ping_status":"closed","template":"tpl-default-elementor.php","meta":{"om_disable_all_campaigns":false,"_monsterinsights_skip_tracking":false,"_monsterinsights_sitenote_active":false,"_monsterinsights_sitenote_note":"","_monsterinsights_sitenote_category":0,"footnotes":""},"class_list":["post-343","page","type-page","status-publish","hentry"],"_links":{"self":[{"href":"https:\/\/ayeninsaat.com\/index.php\/wp-json\/wp\/v2\/pages\/343","targetHints":{"allow":["GET"]}}],"collection":[{"href":"https:\/\/ayeninsaat.com\/index.php\/wp-json\/wp\/v2\/pages"}],"about":[{"href":"https:\/\/ayeninsaat.com\/index.php\/wp-json\/wp\/v2\/types\/page"}],"author":[{"embeddable":true,"href":"https:\/\/ayeninsaat.com\/index.php\/wp-json\/wp\/v2\/users\/1"}],"replies":[{"embeddable":true,"href":"https:\/\/ayeninsaat.com\/index.php\/wp-json\/wp\/v2\/comments?post=343"}],"version-history":[{"count":22,"href":"https:\/\/ayeninsaat.com\/index.php\/wp-json\/wp\/v2\/pages\/343\/revisions"}],"predecessor-version":[{"id":2568,"href":"https:\/\/ayeninsaat.com\/index.php\/wp-json\/wp\/v2\/pages\/343\/revisions\/2568"}],"wp:attachment":[{"href":"https:\/\/ayeninsaat.com\/index.php\/wp-json\/wp\/v2\/media?parent=343"}],"curies":[{"name":"wp","href":"https:\/\/api.w.org\/{rel}","templated":true}]}}