{"id":3501,"date":"2025-03-13T21:51:34","date_gmt":"2025-03-13T18:51:34","guid":{"rendered":"https:\/\/ayeninsaat.com\/?page_id=3501"},"modified":"2025-03-13T22:41:04","modified_gmt":"2025-03-13T19:41:04","slug":"beton-silim-ve-beton-parlatma","status":"publish","type":"page","link":"https:\/\/ayeninsaat.com\/index.php\/beton-silim-ve-beton-parlatma\/","title":{"rendered":"Beton Silim ve Beton Parlatma"},"content":{"rendered":"\t\t<div data-elementor-type=\"wp-page\" data-elementor-id=\"3501\" class=\"elementor elementor-3501\">\n\t\t\t\t\t\t<section class=\"elementor-section elementor-top-section elementor-element elementor-element-9de350b elementor-section-boxed elementor-section-height-default elementor-section-height-default\" data-id=\"9de350b\" data-element_type=\"section\">\n\t\t\t\t\t\t<div class=\"elementor-container elementor-column-gap-no\">\n\t\t\t\t\t<div class=\"elementor-column elementor-col-66 elementor-top-column elementor-element elementor-element-f5a9439\" data-id=\"f5a9439\" data-element_type=\"column\">\n\t\t\t<div class=\"elementor-widget-wrap elementor-element-populated\">\n\t\t\t\t\t\t<div class=\"elementor-element elementor-element-e5674cc elementor-widget elementor-widget-constech_service_details\" data-id=\"e5674cc\" data-element_type=\"widget\" data-widget_type=\"constech_service_details.default\">\n\t\t\t\t<div class=\"elementor-widget-container\">\n\t\t\t\t\t        \n\t\t\t\t\n\t\t\t\t\n\t\t\t\t\n\t\t<section class=\"service-details service-details-3 p_relative\">\n            <div class=\"auto-container\">\n                <div class=\"row clearfix\">\n                    <div class=\"col-lg-12 col-md-12 col-sm-12 content-side\">\n                        <div class=\"service-details-content\">\n                            <div data-animation-box class=\"content-one p_relative d_block mb_65\">\n                                <figure data-animation-text class=\"overlay-anim-black-bg image p_relative d_block mb_60\" data-animation=\"overlay-animation\">\n\t\t\t\t\t\t\t\t\t   \n\t\t\t\t\t\t\t\t\t<img decoding=\"async\" src=\"https:\/\/ayeninsaat.com\/wp-content\/uploads\/2025\/03\/beton-silim-ve-parlatma.jpg\" alt=\"\"\/>\n\t\t\t\t\t\t\t\t\t\t\t\t\t\t\t\t\t<\/figure>\n                                <div class=\"text p_relative d_block mb_60\">\n                                    <h2 class=\"d_block fs_40 fw_sbold lh_50 mb_25 font_family_jost\">Beton Silim ve Beton Parlatma<\/h2>\n                                    <p class=\"font_family_poppins mb_25\">Beton Silim ve Beton Parlatma, beton y\u00fczeylerin estetik ve dayan\u0131kl\u0131l\u0131k a\u00e7\u0131s\u0131ndan iyile\u015ftirilmesi i\u00e7in uygulanan i\u015flemlerdir. <br><br>\nHer iki i\u015flem de betonun g\u00f6r\u00fcn\u00fcm\u00fcn\u00fc iyile\u015ftirir ve y\u00fczeyini daha sa\u011flam, p\u00fcr\u00fczs\u00fcz ve temiz hale getirir, ancak bu i\u015flemler farkl\u0131 ama\u00e7lara ve tekniklere dayan\u0131r. \u0130\u015fte her birinin a\u00e7\u0131klamalar\u0131:<br>\n<br>\n1. Beton Silim\nBeton silim, beton y\u00fczeyindeki kir, lekeler ve p\u00fcr\u00fczl\u00fcl\u00fcklerin giderilmesi amac\u0131yla yap\u0131lan bir i\u015flemdir. Bu i\u015flem, beton y\u00fczeyini daha d\u00fczg\u00fcn ve temiz hale getirmeyi hedefler. Beton silim i\u015flemi genellikle \u015fu ad\u0131mlarla ger\u00e7ekle\u015ftirilir:\n<br>\n<br>\nZemin Haz\u0131rl\u0131\u011f\u0131: \u0130lk olarak, beton y\u00fczeyi uygun \u015fekilde temizlenir ve t\u00fcm yabanc\u0131 maddelerden ar\u0131nd\u0131r\u0131l\u0131r.\n<br>\n<br>\nMakine ile Silim: Silim i\u015flemi i\u00e7in \u00f6zel makineler (genellikle end\u00fcstriyel zemin silme makineleri) kullan\u0131l\u0131r. Bu makineler, beton y\u00fczeyine belirli bir bas\u0131n\u00e7la f\u0131r\u00e7alar veya ta\u015flar ile s\u00fcrt\u00fcnme yaparak p\u00fcr\u00fczl\u00fc y\u00fczeyi d\u00fczle\u015ftirir.\n<br>\n<br>\n\u0130stenilen P\u00fcr\u00fczl\u00fcl\u00fck Seviyesi: Beton silim i\u015flemi, y\u00fczeydeki p\u00fcr\u00fczl\u00fcl\u00fck seviyesini azaltmay\u0131 ama\u00e7lar. Bu i\u015flem, zeminlerin daha d\u00fczg\u00fcn ve temiz g\u00f6r\u00fcnmesini sa\u011flar.\n<br>\n<br>\nBeton silim i\u015flemi, genellikle end\u00fcstriyel alanlar, depolar, garajlar, konut i\u00e7 mekanlar\u0131 gibi alanlarda kullan\u0131l\u0131r. Ayr\u0131ca, zeminlerin daha sa\u011flam olmas\u0131n\u0131 ve daha az kir tutmas\u0131n\u0131 sa\u011flar.\n<br>\n<br>\n2. Beton Parlatma\nBeton parlatma, beton y\u00fczeyinin parlak ve d\u00fczg\u00fcn hale getirilmesi i\u00e7in yap\u0131lan bir i\u015flemdir. Beton parlatma, beton silim i\u015fleminden sonra yap\u0131lan bir i\u015flem olabilir. Bu i\u015flem, daha estetik bir g\u00f6r\u00fcn\u00fcm elde etmek ve betonu daha dayan\u0131kl\u0131 hale getirmek i\u00e7in yap\u0131l\u0131r. Beton parlatma \u015fu ad\u0131mlar\u0131 i\u00e7erir:\n<br>\n<br>\nBeton Silimi: Beton parlatma i\u015flemine ba\u015flamadan \u00f6nce, betonun d\u00fczg\u00fcn ve temiz bir y\u00fczeyine sahip olmas\u0131 gerekir. Bu nedenle, \u00f6ncelikle beton silim yap\u0131l\u0131r.\n<br>\n<br>\nParlatma \u0130\u015flemi: Beton parlatma i\u015fleminde, \u00f6zel parlatma makineleri kullan\u0131l\u0131r. Bu makineler, beton y\u00fczeyine s\u00fcrt\u00fcnme yaparak, p\u00fcr\u00fczs\u00fcz ve parlak bir y\u00fczey olu\u015fturur. Bu i\u015flemde kullan\u0131lan diskler genellikle a\u015f\u0131nd\u0131r\u0131c\u0131 \u00f6zelliklere sahip olup, y\u00fczeydeki mikroskobik p\u00fcr\u00fczleri ortadan kald\u0131r\u0131r.\n<br>\n<br>\nKoruyucu Katman: Beton parlatma i\u015fleminden sonra, y\u00fczeyi korumak ve parlakl\u0131\u011f\u0131n uzun s\u00fcre devam etmesini sa\u011flamak i\u00e7in koruyucu bir madde uygulanabilir. Bu, betonun suya, lekelere ve a\u015f\u0131nmaya kar\u015f\u0131 dayan\u0131kl\u0131l\u0131\u011f\u0131n\u0131 art\u0131r\u0131r.\nBeton parlatma, genellikle modern i\u00e7 mekanlar, ma\u011faza zeminleri, ofis binalar\u0131, al\u0131\u015fveri\u015f merkezleri gibi alanlarda tercih edilir. Bu i\u015flem, zeminlerin daha estetik ve prestijli g\u00f6r\u00fcnmesini sa\u011flar. Ayr\u0131ca, parlat\u0131lm\u0131\u015f beton zeminler, temizlik a\u00e7\u0131s\u0131ndan kolayl\u0131k sa\u011flar ve uzun \u00f6m\u00fcrl\u00fcd\u00fcr.\n<br>\n<br>\nTemel Farklar:\n<br>\n<br>\nBeton Silim: Beton y\u00fczeyindeki p\u00fcr\u00fczl\u00fcl\u00fcklerin giderilmesi ve y\u00fczeyin d\u00fczg\u00fcnle\u015ftirilmesi i\u00e7in yap\u0131l\u0131r.\nBeton Parlatma: Beton y\u00fczeyinin parlak hale getirilmesi, estetik ve dayan\u0131kl\u0131l\u0131\u011f\u0131n art\u0131r\u0131lmas\u0131 amac\u0131yla yap\u0131lan bir i\u015flemdir.\nHer iki i\u015flem de betonun dayan\u0131kl\u0131l\u0131\u011f\u0131n\u0131 art\u0131rabilir ve estetik a\u00e7\u0131dan ho\u015f bir g\u00f6r\u00fcn\u00fcm sa\u011flar.<\/p>\n                                <\/div>\n                            <\/div>\n\t\t\t\t\t\t\t                        <\/div>\n                    <\/div>\n                <\/div>\n            <\/div>\n        <\/section>\n\t\t\n\t\t             \n\t\t\t\t\t\t<\/div>\n\t\t\t\t<\/div>\n\t\t\t\t<div class=\"elementor-element elementor-element-8814606 elementor-widget elementor-widget-constech_service_details2\" data-id=\"8814606\" data-element_type=\"widget\" data-widget_type=\"constech_service_details2.default\">\n\t\t\t\t<div class=\"elementor-widget-container\">\n\t\t\t\t\t        \n\t\t\t\t\n\t\t\t\t\n\t\t\t\t\n\t\t<section class=\"service-details service-details-3 p_relative \">\n            <div class=\"auto-container\">\n                <div class=\"row clearfix\">\n                    <div class=\"col-lg-12 col-md-12 col-sm-12 content-side\">\n                        <div class=\"service-details-content\">\n                            <div data-animation-box class=\"two-column p_relative d_block mb_70\">\n                                <div class=\"row clearfix\">\n                                    <div class=\"col-lg-6 col-md-6 col-sm-12 text-column\">\n                                        <div class=\"text\">\n                                            <h3 class=\"d_block fs_30 lh_40 fw_sbold mb_25\">Uzman Kadromuzla \u00c7al\u0131\u015f\u0131n<\/h3>\n                                            <p class=\"font_family_poppins mb_25\">%100 Memnuniyet garantisi ile uzman kadromuzla \u00e7al\u0131\u015f\u0131n.<\/p>\n                                            <ul class=\"list clearfix\">\n\t\t\t\t\t\t\t\t\t\t\t\t                                                <li class=\"p_relative pl_30 d_block fs_16 font_family_inter fw_medium color_black mb_8\">Profesyonel<\/li>\n\t\t\t\t\t\t\t\t\t\t\t\t                                                <li class=\"p_relative pl_30 d_block fs_16 font_family_inter fw_medium color_black mb_8\">Dinamik<\/li>\n\t\t\t\t\t\t\t\t\t\t\t\t                                                <li class=\"p_relative pl_30 d_block fs_16 font_family_inter fw_medium color_black mb_8\">Yenilik\u00e7i<\/li>\n\t\t\t\t\t\t\t\t\t\t\t\t                                            <\/ul>\n                                        <\/div>\n                                    <\/div>\n                                    <div class=\"col-lg-6 col-md-6 col-sm-12 image-column\">\n                                        <figure class=\"overlay-anim-black-bg image p_relative d_block b_radius_10 mt_9\" data-animation=\"overlay-animation\">\n\t\t\t\t\t\t\t\t\t\t\t   \n\t\t\t\t\t\t\t\t\t\t\t<img decoding=\"async\" src=\"https:\/\/ayeninsaat.com\/wp-content\/uploads\/2023\/12\/akrilik.jpg\" alt=\"\"\/>\n\t\t\t\t\t\t\t\t\t\t\t\t\t\t\t\t\t\t\t\t\t<\/figure>\n                                    <\/div>\n                                <\/div>\n                            <\/div>\n                            <div class=\"quote-inner p_relative d_block mb_60\">\n                                <blockquote class=\"p_relative d_block b_radius_10 pt_30 pr_180 pb_30 pl_40 m_0\">\n                                    <h6 class=\"fs_16 lh_28 mb_5 fw_normal\">Ayen yap\u0131 alan\u0131nda son derece uzman kadrosu ile kaliteden \u00f6d\u00fcn vermedenb\u00fct\u00e7enize uygun fiyatlar sunarak bir \u00e7ok \u00f6deme se\u00e7ene\u011fi sa\u011flar.<\/h6>\n                                    <h5 class=\"d_block fs_18 lh_30 fw_sbold pl_25\">Ayen \u0130n\u015faat<\/h5>\n                                    <div class=\"icon p_absolute t_45 r_40 fs_55\"><i class=\"icon-176\"><\/i><\/div>\n                                <\/blockquote>\n                            <\/div>\n                        <\/div>\n                    <\/div>\n                <\/div>\n            <\/div>\n        <\/section>\n\t\t\n\t\t             \n\t\t\t\t\t\t<\/div>\n\t\t\t\t<\/div>\n\t\t\t\t\t<\/div>\n\t\t<\/div>\n\t\t\t\t<div class=\"elementor-column elementor-col-33 elementor-top-column elementor-element elementor-element-a2fe347\" data-id=\"a2fe347\" data-element_type=\"column\">\n\t\t\t<div class=\"elementor-widget-wrap elementor-element-populated\">\n\t\t\t\t\t\t<div class=\"elementor-element elementor-element-7f8f8c1 elementor-widget elementor-widget-constech_wi_catagory\" data-id=\"7f8f8c1\" data-element_type=\"widget\" data-widget_type=\"constech_wi_catagory.default\">\n\t\t\t\t<div class=\"elementor-widget-container\">\n\t\t\t\t\t\t\t\n\t\t\t\t\n\t\t\t\t\n\t\t<section class=\"service-details service-details-2 p_relative \">\n            <div class=\"auto-container\">\n                <div class=\"row clearfix\">\n                    <div class=\"col-lg-12 col-md-12 col-sm-12 sidebar-side\">\n                        <div class=\"service-sidebar p_relative d_block mr_30\">\n                            <div class=\"category-widget p_relative d_block mb_60\">\n                                <ul class=\"category-list clearfix\">\n                                    \t\t\t\t\t\t\t\t\t\t\t\t\t\t\t\t\t\t\n\t\t\t\t\t\t\t\t\t<li class=\"p_relative d_block mb_10\">\n\t\t\t\t\t\t\t\t\t<a href=\"https:\/\/ayeninsaat.com\/index.php\/epoksi-zemin-kaplama\/\" class=\"p_relative d_block fs_16 fw_sbold font_family_inter current\"><i class=\" icon-11\"><\/i>\n\t\t\t\t\t\t\t\t\tEpoksi Zemin Kaplama\t\t\t\t\t\t\t\t\t<\/a>\n\t\t\t\t\t\t\t\t\t<\/li>\n\t\t\t\t\t\t\t\t\t\n\t\t\t\t\t\t\t\t\t\t\t\t\t\t\t\t\t\t\t\t\t\t\t\t\t\t\t\t\t\t\t\t\t\t\t\t\n\t\t\t\t\t\t\t\t\t<li class=\"p_relative d_block mb_10\">\n\t\t\t\t\t\t\t\t\t<a href=\"https:\/\/ayeninsaat.com\/index.php\/kaucuk-zemin-kaplama\/\" class=\"p_relative d_block fs_16 fw_sbold font_family_inter\"><i class=\" icon-12\"><\/i>\n\t\t\t\t\t\t\t\t\t\nKau\u00e7uk Zemin Kaplama\t\t\t\t\t\t\t\t\t<\/a>\n\t\t\t\t\t\t\t\t\t<\/li>\n\t\t\t\t\t\t\t\t\t\n\t\t\t\t\t\t\t\t\t\t\t\t\t\t\t\t\t\t\t\t\t\t\t\t\t\t\t\t\t\t\t\t\t\t\t\t\n\t\t\t\t\t\t\t\t\t<li class=\"p_relative d_block mb_10\">\n\t\t\t\t\t\t\t\t\t<a href=\"https:\/\/ayeninsaat.com\/index.php\/poliuretan-kaplama\/\" class=\"p_relative d_block fs_16 fw_sbold font_family_inter\"><i class=\" icon-13\"><\/i>\n\t\t\t\t\t\t\t\t\tPoli\u00fcretan Kaplama\t\t\t\t\t\t\t\t\t<\/a>\n\t\t\t\t\t\t\t\t\t<\/li>\n\t\t\t\t\t\t\t\t\t\n\t\t\t\t\t\t\t\t\t\t\t\t\t\t\t\t\t\t\t\t\t\t\t\t\t\t\t\t\t\t\t\t\t\t\t\t\n\t\t\t\t\t\t\t\t\t<li class=\"p_relative d_block mb_10\">\n\t\t\t\t\t\t\t\t\t<a href=\"https:\/\/ayeninsaat.com\/index.php\/akrilik-zemin-kaplama\/\" class=\"p_relative d_block fs_16 fw_sbold font_family_inter\"><i class=\" icon-118\"><\/i>\n\t\t\t\t\t\t\t\t\tAkrilik Zemin Kaplama\t\t\t\t\t\t\t\t\t<\/a>\n\t\t\t\t\t\t\t\t\t<\/li>\n\t\t\t\t\t\t\t\t\t\n\t\t\t\t\t\t\t\t\t\t\t\t\t\t\t\t\t\t\t\t\t\t\t\t\t\t\t\t\t\t\t\t\t\t\t\t\n\t\t\t\t\t\t\t\t\t<li class=\"p_relative d_block mb_10\">\n\t\t\t\t\t\t\t\t\t<a href=\"https:\/\/ayeninsaat.com\/index.php\/pvc-zemin-kaplama\/\" class=\"p_relative d_block fs_16 fw_sbold font_family_inter\"><i class=\" icon-121\"><\/i>\n\t\t\t\t\t\t\t\t\tPVC Zemin Kaplama\t\t\t\t\t\t\t\t\t<\/a>\n\t\t\t\t\t\t\t\t\t<\/li>\n\t\t\t\t\t\t\t\t\t\n\t\t\t\t\t\t\t\t\t\t\t\t\t\t\t\t\t\t\t\t\t\t\t\t\t\t\t\t\t\t\t\t\t\t\t\t\n\t\t\t\t\t\t\t\t\t<li class=\"p_relative d_block mb_10\">\n\t\t\t\t\t\t\t\t\t<a href=\"https:\/\/ayeninsaat.com\/index.php\/cati-teras-epoksi-yalitim\/\" class=\"p_relative d_block fs_16 fw_sbold font_family_inter\"><i class=\" icon-121\"><\/i>\n\t\t\t\t\t\t\t\t\t\n\u00c7at\u0131-Teras Epoksi Yal\u0131t\u0131m\t\t\t\t\t\t\t\t\t<\/a>\n\t\t\t\t\t\t\t\t\t<\/li>\n\t\t\t\t\t\t\t\t\t\n\t\t\t\t\t\t\t\t\t\t\t\t\t\t\t\t\t\t\t\t\t\t\t\t\t\t\t\t\t\t\t\t\t\t\t\t\n\t\t\t\t\t\t\t\t\t<li class=\"p_relative d_block mb_10\">\n\t\t\t\t\t\t\t\t\t<a href=\"https:\/\/ayeninsaat.com\/index.php\/havuz-yalitimi-epoksi-islemi\/\" class=\"p_relative d_block fs_16 fw_sbold font_family_inter\"><i class=\" icon-121\"><\/i>\n\t\t\t\t\t\t\t\t\tHavuz Yal\u0131t\u0131m\u0131 Epoksi \u0130\u015flemi\t\t\t\t\t\t\t\t\t<\/a>\n\t\t\t\t\t\t\t\t\t<\/li>\n\t\t\t\t\t\t\t\t\t\n\t\t\t\t\t\t\t\t\t\t\t\t\t\t\t\t\t\t\t\t\t\t\t\t\t\t\t\t\t\t\t\t\t\t\t\t\n\t\t\t\t\t\t\t\t\t<li class=\"p_relative d_block mb_10\">\n\t\t\t\t\t\t\t\t\t<a href=\"https:\/\/ayeninsaat.com\/index.php\/poliurea-kaplama\/\" class=\"p_relative d_block fs_16 fw_sbold font_family_inter\"><i class=\" icon-121\"><\/i>\n\t\t\t\t\t\t\t\t\tPoli\u00fcrea Kaplama\t\t\t\t\t\t\t\t\t<\/a>\n\t\t\t\t\t\t\t\t\t<\/li>\n\t\t\t\t\t\t\t\t\t\n\t\t\t\t\t\t\t\t\t\t\t\t\t\t\t\t\t\t\t\t\t\t\t\t\t\t\t\t\t\t\t\t\t\t\t\t\n\t\t\t\t\t\t\t\t\t<li class=\"p_relative d_block mb_10\">\n\t\t\t\t\t\t\t\t\t<a href=\"https:\/\/ayeninsaat.com\/index.php\/alci-boya-siva\/\" class=\"p_relative d_block fs_16 fw_sbold font_family_inter\"><i class=\" icon-121\"><\/i>\n\t\t\t\t\t\t\t\t\tAl\u00e7\u0131 - Boya - S\u0131va\t\t\t\t\t\t\t\t\t<\/a>\n\t\t\t\t\t\t\t\t\t<\/li>\n\t\t\t\t\t\t\t\t\t\n\t\t\t\t\t\t\t\t\t\t\t\t\t\t\t\t\t\t\t\t\t\t\t\t\t\t\t\t\t\t\t\t\t\t\t\t\n\t\t\t\t\t\t\t\t\t<li class=\"p_relative d_block mb_10\">\n\t\t\t\t\t\t\t\t\t<a href=\"https:\/\/ayeninsaat.com\/index.php\/dekoratif-italyan-boya\/\" class=\"p_relative d_block fs_16 fw_sbold font_family_inter\"><i class=\" icon-121\"><\/i>\n\t\t\t\t\t\t\t\t\tDekoratif \u0130talyan Boya\t\t\t\t\t\t\t\t\t<\/a>\n\t\t\t\t\t\t\t\t\t<\/li>\n\t\t\t\t\t\t\t\t\t\n\t\t\t\t\t\t\t\t\t\t\t\t\t\t\t\t\t\t\t\t\t\t\t\t\t\t\t\t\t\t\t\t\t\t\t\t\n\t\t\t\t\t\t\t\t\t<li class=\"p_relative d_block mb_10\">\n\t\t\t\t\t\t\t\t\t<a href=\"https:\/\/ayeninsaat.com\/index.php\/tekne-yat-epoksi-ve-mobilya-uygulamalari\/\" class=\"p_relative d_block fs_16 fw_sbold font_family_inter\"><i class=\" icon-121\"><\/i>\n\t\t\t\t\t\t\t\t\tTekne - Yat Epoksi ve Mobilya Uygulamalar\u0131\t\t\t\t\t\t\t\t\t<\/a>\n\t\t\t\t\t\t\t\t\t<\/li>\n\t\t\t\t\t\t\t\t\t\n\t\t\t\t\t\t\t\t\t\t\t\t\t\t\t\t\t\t\t\t\t\t\t\t\t\t\t\t\t\t\t\t\t\t\t\t\n\t\t\t\t\t\t\t\t\t<li class=\"p_relative d_block mb_10\">\n\t\t\t\t\t\t\t\t\t<a href=\"https:\/\/ayeninsaat.com\/index.php\/tas-hali-stone-carpet\/\" class=\"p_relative d_block fs_16 fw_sbold font_family_inter\"><i class=\" icon-121\"><\/i>\n\t\t\t\t\t\t\t\t\tTa\u015f Hal\u0131 (Stone Carpet)\t\t\t\t\t\t\t\t\t<\/a>\n\t\t\t\t\t\t\t\t\t<\/li>\n\t\t\t\t\t\t\t\t\t\n\t\t\t\t\t\t\t\t\t\t\t\t\t\t\t\t\t\t\t\t\t\t\t\t\t\t\t\t\t\t\t\t\t\t\t\t\n\t\t\t\t\t\t\t\t\t<li class=\"p_relative d_block mb_10\">\n\t\t\t\t\t\t\t\t\t<a href=\"https:\/\/ayeninsaat.com\/index.php\/beton-silim-ve-beton-parlatma\/\" class=\"p_relative d_block fs_16 fw_sbold font_family_inter\"><i class=\" icon-121\"><\/i>\n\t\t\t\t\t\t\t\t\tBeton Silim ve Beton Parlatma\t\t\t\t\t\t\t\t\t<\/a>\n\t\t\t\t\t\t\t\t\t<\/li>\n\t\t\t\t\t\t\t\t\t\n\t\t\t\t\t\t\t\t\t\t\t\t\t\t\t\t\t\t\t\t\t\t\t\t\t\t\t\t\t\t\t\t\t\t\t\t\n\t\t\t\t\t\t\t\t\t<li class=\"p_relative d_block mb_10\">\n\t\t\t\t\t\t\t\t\t<a href=\"https:\/\/ayeninsaat.com\/index.php\/mikro-beton\/\" class=\"p_relative d_block fs_16 fw_sbold font_family_inter\"><i class=\" icon-121\"><\/i>\n\t\t\t\t\t\t\t\t\tMikro Beton\t\t\t\t\t\t\t\t\t<\/a>\n\t\t\t\t\t\t\t\t\t<\/li>\n\t\t\t\t\t\t\t\t\t\n\t\t\t\t\t\t\t\t\t\t\t\t\t\t\t\t\t\t\t\t\t\t\t\t\t\t\t\t\t\t\t\t\t\t\t\t\n\t\t\t\t\t\t\t\t\t<li class=\"p_relative d_block mb_10\">\n\t\t\t\t\t\t\t\t\t<a href=\"https:\/\/ayeninsaat.com\/index.php\/epoksi-su-depolari-atik-su-borulari-yalitim-urunleri\/\" class=\"p_relative d_block fs_16 fw_sbold font_family_inter\"><i class=\" icon-121\"><\/i>\n\t\t\t\t\t\t\t\t\tEpoksi Su Depolar\u0131 &amp; At\u0131k Su Depolar\u0131 Yal\u0131t\u0131m \u00dcr\u00fcnleri\n\t\t\t\t\t\t\t\t\t<\/a>\n\t\t\t\t\t\t\t\t\t<\/li>\n\t\t\t\t\t\t\t\t\t\n\t\t\t\t\t\t\t\t\t\t\t\t\t\t\t\t\t\t                                <\/ul>\n                            <\/div>\n                        <\/div>\n                    <\/div>\n                <\/div>\n            <\/div>\n        <\/section>\n\t\t\n\t\t\t\t\n\t\t\t\t\n\t\t\t\t\n\t\t\t\t\t\t<\/div>\n\t\t\t\t<\/div>\n\t\t\t\t<div class=\"elementor-element elementor-element-82b06c5 elementor-widget elementor-widget-constech_wi_info\" data-id=\"82b06c5\" data-element_type=\"widget\" data-widget_type=\"constech_wi_info.default\">\n\t\t\t\t<div class=\"elementor-widget-container\">\n\t\t\t\t\t\t\t\n\t\t\t\t\n\t\t\t\t\n\t\t\t\t\n\t\t<section class=\"service-details service-details-3 p_relative pdoff\">\n            <div class=\"auto-container\">\n                <div class=\"row clearfix\">\n                    <div class=\"col-lg-12 col-md-12 col-sm-12 sidebar-side\">\n                        <div class=\"service-sidebar p_relative d_block mr_30\">\n                            <div class=\"contact-widget sidebar-widget p_relative d_block mb_40\">\n\t\t\t\t\t\t\t\t                                <div class=\"widget-title p_relative d_block mb_17\">\n                                    <h3 class=\"d_block fs_24 lh_30 fw_sbold font_family_jost\">\u0130LET\u0130\u015e\u0130M<\/h3>\n                                <\/div>\n\t\t\t\t\t\t\t\t                                <div class=\"text p_relative d_block mb_18\">\n                                    <p class=\"fs_16 font_family_poppins color_black fw_medium\">\u00dccretsiz Ke\u015fif \u0130\u00e7in Arayabilirsiniz.<\/p>\n                                <\/div>\n                                <ul class=\"info-list clearfix\"> \n\t\t\t\t\t\t\t\t\n\t\t\t\t\t\t\t\t\t\t\t\t\t\t\t\t\t\n                                    <li class=\"p_relative d_block fs_15 font_family_inter color_black pl_30 mb_10\"><i class=\" icon-2\"><\/i>\n\t\t\t\t\t\t\t\t\t\n\t\t\t\t\t\t\t\t\tTelefon : \t\t\t\t\t\t\t\t\t<a href=\"tel:05320662703\" class=\"d_iblock color_black\">+90 (532) 066 27 03<\/a><\/li>\n\t\t\t\t\t\t\t\t\t\n\t\t\t\t\t\t\t\t\t\t\t\t\t\t\t\t\t\n                                    <li class=\"p_relative d_block fs_15 font_family_inter color_black pl_30 mb_10\"><i class=\" icon-137\"><\/i>\n\t\t\t\t\t\t\t\t\t\n\t\t\t\t\t\t\t\t\tAdres : \t\t\t\t\t\t\t\t\tG\u00fcrp\u0131nar, 7232\/6 Sk. No:40<br>35060 Bornova\/\u0130zmir<\/li>\n\t\t\t\t\t\t\t\t\t\n\t\t\t\t\t\t\t\t\t\t\t\t\t\t\t\t\t\n                                    <li class=\"p_relative d_block fs_15 font_family_inter color_black pl_30 mb_10\"><i class=\"fas fa-mail-bulk\"><\/i>\n\t\t\t\t\t\t\t\t\t\n\t\t\t\t\t\t\t\t\tE-mail : \t\t\t\t\t\t\t\t\t<a href=\"mailto:iletisim@ayeninsaat.com\" class=\"d_iblock color_black\">iletisim@ayeninsaat.com<\/a><\/li>\n\t\t\t\t\t\t\t\t\t\n\t\t\t\t\t\t\t\t\t\t\t\t\t\t\t\t\t\t\n                                <\/ul>\n                                <ul class=\"social-links clearfix p_relative d_block mt_18\">\n\t\t\t\t\t\t\t\t\n\t\t\t\t\t\t\t\t\t\t\t\t\t\t\t\t\t\n                                    <li class=\"p_relative d_iblock float_left mr_30\"><a href=\"https:\/\/www.instagram.com\/ayeninsaat\/\" class=\"p_relative d_iblock fs_17\"><i class=\"fab fab fa-instagram\"><\/i><\/a><\/li>\n\t\t\t\t\t\t\t\t\t\n\t\t\t\t\t\t\t\t\t\t\t\t\t\t\t\t\t\n                                    <li class=\"p_relative d_iblock float_left mr_30\"><a href=\"https:\/\/www.facebook.com\/ayeninsaat\/\" class=\"p_relative d_iblock fs_17\"><i class=\"fab fab fa-facebook-f\"><\/i><\/a><\/li>\n\t\t\t\t\t\t\t\t\t\n\t\t\t\t\t\t\t\t\t\t\t\t\t\t\t\t\t\n                                    <li class=\"p_relative d_iblock float_left mr_30\"><a href=\"https:\/\/www.youtube.com\/ayeninsaat\" class=\"p_relative d_iblock fs_17\"><i class=\"fab fab fa-youtube\"><\/i><\/a><\/li>\n\t\t\t\t\t\t\t\t\t\n\t\t\t\t\t\t\t\t\t\t\t\t\t\t\t\t\t\t\n                                <\/ul> \n                            <\/div>\n                        <\/div>\n                    <\/div>\n                <\/div>\n            <\/div>\n        <\/section>\n\t\t\n\t\t\t\t\n\t\t\t\t\n\t\t\t\t\t\t<\/div>\n\t\t\t\t<\/div>\n\t\t\t\t<div class=\"elementor-element elementor-element-d63790a elementor-widget elementor-widget-constech_wi_download\" data-id=\"d63790a\" data-element_type=\"widget\" data-widget_type=\"constech_wi_download.default\">\n\t\t\t\t<div class=\"elementor-widget-container\">\n\t\t\t\t\t\t\t\n\t\t\t\t\n        <section class=\"service-details service-details-3 p_relative \">\n            <div class=\"auto-container\">\n                <div class=\"row clearfix\">\n                    <div class=\"col-lg-12 col-md-12 col-sm-12 sidebar-side\">\n                        <div class=\"service-sidebar p_relative d_block mr_30\">\n                            <div class=\"download-widget\">\n\t\t\t\t\t\t\t\n\t\t\t\t\t\t\t\t\t\t\t\t\t\t\t\n                                <div class=\"widget-title p_relative d_block mb_17\">\n                                    <h3 class=\"d_block fs_24 lh_30 fw_sbold\">Katalo\u011fumuza G\u00f6z At\u0131n<\/h3>\n                                <\/div>\n                                <div class=\"text p_relative d_block mb_25\">\n                                    <p class=\"fs_16 font_family_poppins color_black fw_medium\">Son kalite \u00fcr\u00fcnlerimiz ve ustal\u0131\u011f\u0131m\u0131zla hizmetinizdeyiz.<\/p>\n                                <\/div>\n\t\t\t\t\t\t\t\t\n\t\t\t\t\t\t\t\t\t\t\t\t\t\t\t\t\n                                <ul class=\"download-list clearfix\">\n\t\t\t\t\t\t\t\t\n\t\t\t\t\t\t\t\t\t\t\t\t\t\t\t\t\t\n                                    <li class=\"p_relative d_block mb_10\">\n                                        <a href=\"#\" class=\"p_relative d_block pt_17 pr_20 pb_15 pl_65 b_radius_5\">\n                                            <i class=\" icon-175\"><\/i>\n                                            <h6 class=\"d_block fs_15 fw_normal mb_1 lh_20 tran_5\">AYEN \u0130N\u015eAAT - 2024 KATALOG<\/h6>\n                                            <span class=\"p_relative d_block fs_15 font_family_inter lh_20 tran_5\">13.2 MB<\/span>\n                                        <\/a>\n                                    <\/li>\n\t\t\t\t\t\t\t\t\t\n\t\t\t\t\t\t\t\t\t\t\t\t\t\t\t\t\t\t\n                                <\/ul>\n                            <\/div>\n                        <\/div>\n                    <\/div>\n                <\/div>\n            <\/div>\n        <\/section>\n\t\t\n\t\t\t\t\n\t\t\t\t\t\t<\/div>\n\t\t\t\t<\/div>\n\t\t\t\t\t<\/div>\n\t\t<\/div>\n\t\t\t\t\t<\/div>\n\t\t<\/section>\n\t\t\t\t<\/div>\n\t\t","protected":false},"excerpt":{"rendered":"<p>Beton Silim ve Beton Parlatma Beton Silim ve Beton Parlatma, beton y\u00fczeylerin estetik ve dayan\u0131kl\u0131l\u0131k a\u00e7\u0131s\u0131ndan iyile\u015ftirilmesi i\u00e7in uygulanan i\u015flemlerdir. Her iki i\u015flem de betonun g\u00f6r\u00fcn\u00fcm\u00fcn\u00fc iyile\u015ftirir ve y\u00fczeyini daha sa\u011flam, p\u00fcr\u00fczs\u00fcz ve temiz hale getirir, ancak bu i\u015flemler farkl\u0131 ama\u00e7lara ve tekniklere dayan\u0131r. \u0130\u015fte her birinin a\u00e7\u0131klamalar\u0131: 1. Beton Silim Beton silim, beton y\u00fczeyindeki [&hellip;]<\/p>\n","protected":false},"author":1,"featured_media":0,"parent":0,"menu_order":0,"comment_status":"closed","ping_status":"closed","template":"tpl-default-elementor.php","meta":{"om_disable_all_campaigns":false,"_monsterinsights_skip_tracking":false,"_monsterinsights_sitenote_active":false,"_monsterinsights_sitenote_note":"","_monsterinsights_sitenote_category":0,"footnotes":""},"class_list":["post-3501","page","type-page","status-publish","hentry"],"_links":{"self":[{"href":"https:\/\/ayeninsaat.com\/index.php\/wp-json\/wp\/v2\/pages\/3501","targetHints":{"allow":["GET"]}}],"collection":[{"href":"https:\/\/ayeninsaat.com\/index.php\/wp-json\/wp\/v2\/pages"}],"about":[{"href":"https:\/\/ayeninsaat.com\/index.php\/wp-json\/wp\/v2\/types\/page"}],"author":[{"embeddable":true,"href":"https:\/\/ayeninsaat.com\/index.php\/wp-json\/wp\/v2\/users\/1"}],"replies":[{"embeddable":true,"href":"https:\/\/ayeninsaat.com\/index.php\/wp-json\/wp\/v2\/comments?post=3501"}],"version-history":[{"count":7,"href":"https:\/\/ayeninsaat.com\/index.php\/wp-json\/wp\/v2\/pages\/3501\/revisions"}],"predecessor-version":[{"id":3563,"href":"https:\/\/ayeninsaat.com\/index.php\/wp-json\/wp\/v2\/pages\/3501\/revisions\/3563"}],"wp:attachment":[{"href":"https:\/\/ayeninsaat.com\/index.php\/wp-json\/wp\/v2\/media?parent=3501"}],"curies":[{"name":"wp","href":"https:\/\/api.w.org\/{rel}","templated":true}]}}