{"id":365,"date":"2022-08-22T05:56:58","date_gmt":"2022-08-22T05:56:58","guid":{"rendered":"https:\/\/ftpdemo.com\/konstech\/?page_id=365"},"modified":"2025-04-02T18:15:26","modified_gmt":"2025-04-02T15:15:26","slug":"iletisim","status":"publish","type":"page","link":"https:\/\/ayeninsaat.com\/index.php\/iletisim\/","title":{"rendered":"\u0130leti\u015fim"},"content":{"rendered":"\t\t<div data-elementor-type=\"wp-page\" data-elementor-id=\"365\" class=\"elementor elementor-365\">\n\t\t\t\t\t\t<section class=\"elementor-section elementor-top-section elementor-element elementor-element-e9d0161 elementor-section-full_width elementor-section-height-default elementor-section-height-default\" data-id=\"e9d0161\" data-element_type=\"section\">\n\t\t\t\t\t\t<div class=\"elementor-container elementor-column-gap-no\">\n\t\t\t\t\t<div class=\"elementor-column elementor-col-100 elementor-top-column elementor-element elementor-element-be42d81\" data-id=\"be42d81\" data-element_type=\"column\">\n\t\t\t<div class=\"elementor-widget-wrap elementor-element-populated\">\n\t\t\t\t\t\t<div class=\"elementor-element elementor-element-1974450 elementor-widget elementor-widget-heading\" data-id=\"1974450\" data-element_type=\"widget\" data-widget_type=\"heading.default\">\n\t\t\t\t<div class=\"elementor-widget-container\">\n\t\t\t\t\t<h2 class=\"elementor-heading-title elementor-size-xl\">\u0130leti\u015fim \/ \u00dccretsiz Ke\u015fif<\/h2>\t\t\t\t<\/div>\n\t\t\t\t<\/div>\n\t\t\t\t<div class=\"elementor-element elementor-element-2ba2947 elementor-widget elementor-widget-constech_contactinfo\" data-id=\"2ba2947\" data-element_type=\"widget\" data-widget_type=\"constech_contactinfo.default\">\n\t\t\t\t<div class=\"elementor-widget-container\">\n\t\t\t\t\t        \n\t\t\t\t\n        <section class=\"contactinfo-one p_relative pt_130 centred pdoff\">\n            <div class=\"bg-color p_absolute l_0 t_0 r_0 bg-color-1\"><\/div>\n            <div class=\"auto-container\">\n\t\t\t\t                <div class=\"row clearfix\">\n\t\t\t\t\n\t\t\t\t\t\t\t\t\t\n                    <div class=\"col-lg-4 col-md-6 col-sm-12 info-column\">\n                        <div class=\"info-block-one wow fadeInUp animated\" data-wow-delay=\"00ms\" data-wow-duration=\"1500ms\">\n                            <div class=\"inner-box p_relative d_block b_radius_10 b_shadow_6 pt_40 pr_40 pb_35 pl_40\">\n                                <div class=\"icon-box p_relative d_iblock w_80 h_80 lh_80 b_radius_50 text-center fs_45 z_1 mb_25 tran_5\">\n                                    <div class=\"icon p_relative d_iblock\"><i class=\" icon-182\"><\/i><\/div>\n                                    <div class=\"icon-img hidden-icon\">\n\t\t\t\t\t\t\t\t\t\t\t\t\t\t\t\t\t\t\t\t<div class=\"noimage\"><\/div>\n\t\t\t\t\t\t\t\t\t\t\t\t\t\t\t\t\t\t\t<\/div>\n                                <\/div>\n                                <h4 class=\"d_block fs_20 lh_30 fw_sbold mb_7\">Telefon<\/h4>\n                                <p class=\"font_family_poppins\"><a href=\"tel:05332219297\">+90 (533) 221 92 97<\/a><br \/><a href=\"tel:05332219297\"><\/a><\/p>\n                            <\/div>\n                        <\/div>\n                    <\/div>\n\t\t\t\t\t\n\t\t\t\t\t\t\t\t\t\n                    <div class=\"col-lg-4 col-md-6 col-sm-12 info-column\">\n                        <div class=\"info-block-one wow fadeInUp animated\" data-wow-delay=\"00ms\" data-wow-duration=\"1500ms\">\n                            <div class=\"inner-box p_relative d_block b_radius_10 b_shadow_6 pt_40 pr_40 pb_35 pl_40\">\n                                <div class=\"icon-box p_relative d_iblock w_80 h_80 lh_80 b_radius_50 text-center fs_45 z_1 mb_25 tran_5\">\n                                    <div class=\"icon p_relative d_iblock\"><i class=\" icon-181\"><\/i><\/div>\n                                    <div class=\"icon-img hidden-icon\">\n\t\t\t\t\t\t\t\t\t\t\t\t\t\t\t\t\t\t\t\t<div class=\"noimage\"><\/div>\n\t\t\t\t\t\t\t\t\t\t\t\t\t\t\t\t\t\t\t<\/div>\n                                <\/div>\n                                <h4 class=\"d_block fs_20 lh_30 fw_sbold mb_7\">E-mail<\/h4>\n                                <p class=\"font_family_poppins\"><a href=\"mailto:iletisim@ayeninsaat.com\">iletisim@ayeninsaat.com<\/a><br \/><a href=\"mailto:example@gmail.com\"><\/a><\/p>\n                            <\/div>\n                        <\/div>\n                    <\/div>\n\t\t\t\t\t\n\t\t\t\t\t\t\t\t\t\n                    <div class=\"col-lg-4 col-md-6 col-sm-12 info-column\">\n                        <div class=\"info-block-one wow fadeInUp animated\" data-wow-delay=\"00ms\" data-wow-duration=\"1500ms\">\n                            <div class=\"inner-box p_relative d_block b_radius_10 b_shadow_6 pt_40 pr_40 pb_35 pl_40\">\n                                <div class=\"icon-box p_relative d_iblock w_80 h_80 lh_80 b_radius_50 text-center fs_45 z_1 mb_25 tran_5\">\n                                    <div class=\"icon p_relative d_iblock\"><i class=\" icon-180\"><\/i><\/div>\n                                    <div class=\"icon-img hidden-icon\">\n\t\t\t\t\t\t\t\t\t\t\t\t\t\t\t\t\t\t\t\t<div class=\"noimage\"><\/div>\n\t\t\t\t\t\t\t\t\t\t\t\t\t\t\t\t\t\t\t<\/div>\n                                <\/div>\n                                <h4 class=\"d_block fs_20 lh_30 fw_sbold mb_7\">Adres<\/h4>\n                                <p class=\"font_family_poppins\">G\u00fcrp\u0131nar, 7232\/6. Sk No:40, 35060 G\u00f6kdere\/Bornova\/\u0130zmir<\/p>\n                            <\/div>\n                        <\/div>\n                    <\/div>\n\t\t\t\t\t\n\t\t\t\t\t\t\t\t\t\t\n                <\/div>\n            <\/div>\n        <\/section>\n\t\t\n\t\t\t\t\n\t\t\t\t\n\t\t\t\t\n\t\t\t\t\n\t\t\n\t\t\t\t\n             \n\t\t\t\t\t\t<\/div>\n\t\t\t\t<\/div>\n\t\t\t\t\t<\/div>\n\t\t<\/div>\n\t\t\t\t\t<\/div>\n\t\t<\/section>\n\t\t\t\t<section class=\"elementor-section elementor-top-section elementor-element elementor-element-77cb3b1 elementor-section-full_width elementor-section-height-default elementor-section-height-default\" data-id=\"77cb3b1\" data-element_type=\"section\" data-settings=\"{&quot;background_background&quot;:&quot;classic&quot;}\">\n\t\t\t\t\t\t<div class=\"elementor-container elementor-column-gap-no\">\n\t\t\t\t\t<div class=\"elementor-column elementor-col-100 elementor-top-column elementor-element elementor-element-db83678\" data-id=\"db83678\" data-element_type=\"column\">\n\t\t\t<div class=\"elementor-widget-wrap elementor-element-populated\">\n\t\t\t\t\t\t<div class=\"elementor-element elementor-element-5b3f8b9 elementor-widget elementor-widget-google_maps\" data-id=\"5b3f8b9\" data-element_type=\"widget\" data-widget_type=\"google_maps.default\">\n\t\t\t\t<div class=\"elementor-widget-container\">\n\t\t\t\t\t\t\t<div class=\"elementor-custom-embed\">\n\t\t\t<iframe loading=\"lazy\"\n\t\t\t\t\tsrc=\"https:\/\/maps.google.com\/maps?q=G%C3%BCrp%C4%B1nar%2C%207232%2F6.%20Sk%20No%3A40%2C%2035060%20G%C3%B6kdere%2FBornova%2F%C4%B0zmir&#038;t=m&#038;z=12&#038;output=embed&#038;iwloc=near\"\n\t\t\t\t\ttitle=\"G\u00fcrp\u0131nar, 7232\/6. Sk No:40, 35060 G\u00f6kdere\/Bornova\/\u0130zmir\"\n\t\t\t\t\taria-label=\"G\u00fcrp\u0131nar, 7232\/6. Sk No:40, 35060 G\u00f6kdere\/Bornova\/\u0130zmir\"\n\t\t\t><\/iframe>\n\t\t<\/div>\n\t\t\t\t\t\t<\/div>\n\t\t\t\t<\/div>\n\t\t\t\t\t<\/div>\n\t\t<\/div>\n\t\t\t\t\t<\/div>\n\t\t<\/section>\n\t\t\t\t<\/div>\n\t\t","protected":false},"excerpt":{"rendered":"<p>\u0130leti\u015fim \/ \u00dccretsiz Ke\u015fif Telefon +90 (533) 221 92 97 E-mail iletisim@ayeninsaat.com Adres G\u00fcrp\u0131nar, 7232\/6. Sk No:40, 35060 G\u00f6kdere\/Bornova\/\u0130zmir<\/p>\n","protected":false},"author":1,"featured_media":0,"parent":0,"menu_order":0,"comment_status":"closed","ping_status":"closed","template":"tpl-default-elementor.php","meta":{"om_disable_all_campaigns":false,"_monsterinsights_skip_tracking":false,"_monsterinsights_sitenote_active":false,"_monsterinsights_sitenote_note":"","_monsterinsights_sitenote_category":0,"footnotes":""},"class_list":["post-365","page","type-page","status-publish","hentry"],"_links":{"self":[{"href":"https:\/\/ayeninsaat.com\/index.php\/wp-json\/wp\/v2\/pages\/365","targetHints":{"allow":["GET"]}}],"collection":[{"href":"https:\/\/ayeninsaat.com\/index.php\/wp-json\/wp\/v2\/pages"}],"about":[{"href":"https:\/\/ayeninsaat.com\/index.php\/wp-json\/wp\/v2\/types\/page"}],"author":[{"embeddable":true,"href":"https:\/\/ayeninsaat.com\/index.php\/wp-json\/wp\/v2\/users\/1"}],"replies":[{"embeddable":true,"href":"https:\/\/ayeninsaat.com\/index.php\/wp-json\/wp\/v2\/comments?post=365"}],"version-history":[{"count":16,"href":"https:\/\/ayeninsaat.com\/index.php\/wp-json\/wp\/v2\/pages\/365\/revisions"}],"predecessor-version":[{"id":3598,"href":"https:\/\/ayeninsaat.com\/index.php\/wp-json\/wp\/v2\/pages\/365\/revisions\/3598"}],"wp:attachment":[{"href":"https:\/\/ayeninsaat.com\/index.php\/wp-json\/wp\/v2\/media?parent=365"}],"curies":[{"name":"wp","href":"https:\/\/api.w.org\/{rel}","templated":true}]}}