{"id":820,"date":"2022-08-24T08:09:36","date_gmt":"2022-08-24T08:09:36","guid":{"rendered":"https:\/\/ftpdemo.com\/konstech\/?page_id=820"},"modified":"2025-03-13T22:40:05","modified_gmt":"2025-03-13T19:40:05","slug":"havuz-yalitimi-epoksi-islemi","status":"publish","type":"page","link":"https:\/\/ayeninsaat.com\/index.php\/havuz-yalitimi-epoksi-islemi\/","title":{"rendered":"Havuz Yal\u0131t\u0131m\u0131 Epoksi \u0130\u015flemi"},"content":{"rendered":"\t\t<div data-elementor-type=\"wp-page\" data-elementor-id=\"820\" class=\"elementor elementor-820\">\n\t\t\t\t\t\t<section class=\"elementor-section elementor-top-section elementor-element elementor-element-1190935 elementor-section-boxed elementor-section-height-default elementor-section-height-default\" data-id=\"1190935\" data-element_type=\"section\">\n\t\t\t\t\t\t<div class=\"elementor-container elementor-column-gap-no\">\n\t\t\t\t\t<div class=\"elementor-column elementor-col-66 elementor-top-column elementor-element elementor-element-4639837\" data-id=\"4639837\" data-element_type=\"column\">\n\t\t\t<div class=\"elementor-widget-wrap elementor-element-populated\">\n\t\t\t\t\t\t<div class=\"elementor-element elementor-element-3d581ad elementor-widget elementor-widget-constech_service_details\" data-id=\"3d581ad\" data-element_type=\"widget\" data-widget_type=\"constech_service_details.default\">\n\t\t\t\t<div class=\"elementor-widget-container\">\n\t\t\t\t\t        \n\t\t\t\t\n\t\t\t\t\n\t\t\t\t\n\t\t<section class=\"service-details service-details-3 p_relative\">\n            <div class=\"auto-container\">\n                <div class=\"row clearfix\">\n                    <div class=\"col-lg-12 col-md-12 col-sm-12 content-side\">\n                        <div class=\"service-details-content\">\n                            <div data-animation-box class=\"content-one p_relative d_block mb_65\">\n                                <figure data-animation-text class=\"overlay-anim-black-bg image p_relative d_block mb_60\" data-animation=\"overlay-animation\">\n\t\t\t\t\t\t\t\t\t   \n\t\t\t\t\t\t\t\t\t<img decoding=\"async\" src=\"https:\/\/ayeninsaat.com\/wp-content\/uploads\/2023\/12\/havuz-yalitimi-1.jpg\" alt=\"\"\/>\n\t\t\t\t\t\t\t\t\t\t\t\t\t\t\t\t\t<\/figure>\n                                <div class=\"text p_relative d_block mb_60\">\n                                    <h2 class=\"d_block fs_40 fw_sbold lh_50 mb_25 font_family_jost\">Havuz Yal\u0131t\u0131m\u0131 Epoksi \u0130\u015flemi<\/h2>\n                                    <p class=\"font_family_poppins mb_25\">Havuz yal\u0131t\u0131m\u0131 epoksi i\u015flemi, y\u00fcksek kaliteli epoksi re\u00e7inelerin havuz y\u00fczeyine uygulanmas\u0131yla ger\u00e7ekle\u015ftirilen bir kaplama i\u015flemidir. Bu i\u015flem, havuzun suya dayan\u0131kl\u0131 hale getirilmesini sa\u011flar ve su s\u0131z\u0131nt\u0131lar\u0131n\u0131 engeller. Epoksi kaplama, havuzun dayan\u0131kl\u0131l\u0131\u011f\u0131n\u0131 art\u0131r\u0131rken estetik bir g\u00f6r\u00fcn\u00fcm de sunar.\n<br>\n<br>\nAvantajlar\u0131\n<br>\n<br>\nSu Ge\u00e7irmezlik: Havuz yal\u0131t\u0131m\u0131 epoksi i\u015flemi, havuzun su ge\u00e7irmez hale gelmesini sa\u011flar. Epoksi kaplama, su s\u0131z\u0131nt\u0131lar\u0131n\u0131 \u00f6nler ve havuzun uzun \u00f6m\u00fcrl\u00fc olmas\u0131n\u0131 sa\u011flar. Bu, hem havuzun dayan\u0131kl\u0131l\u0131\u011f\u0131n\u0131 art\u0131r\u0131r hem de su kaynakl\u0131 sorunlar\u0131 en aza indirir.\n<br>\n<br>\nKimyasal Diren\u00e7: Epoksi kaplama, havuzun kimyasallara dayan\u0131kl\u0131 hale gelmesini sa\u011flar. Havuzlarda kullan\u0131lan dezenfektanlar, pH d\u00fczenleyiciler ve di\u011fer kimyasallar havuz y\u00fczeyine zarar verebilir. Ancak, havuz yal\u0131t\u0131m\u0131 epoksi i\u015flemi, bu etkilere kar\u015f\u0131 diren\u00e7li bir bariyer olu\u015fturarak havuzun korunmas\u0131n\u0131 sa\u011flar.\n<br>\n<br>\nDayan\u0131kl\u0131l\u0131k: Epoksi kaplama, havuzun dayan\u0131kl\u0131l\u0131\u011f\u0131n\u0131 art\u0131r\u0131r. \u00c7atlaklara, \u00e7izilmelere ve a\u015f\u0131nmalara kar\u015f\u0131 diren\u00e7 g\u00f6sterir. Bu, havuzun uzun s\u00fcre kullan\u0131labilir ve dayan\u0131kl\u0131 olmas\u0131n\u0131 sa\u011flar.\n<br>\n<br>\nEstetik G\u00f6r\u00fcn\u00fcm: Havuz yal\u0131t\u0131m\u0131 epoksi i\u015flemi, havuzun estetik g\u00f6r\u00fcn\u00fcm\u00fcn\u00fc iyile\u015ftirir. Farkl\u0131 renk ve desen se\u00e7enekleri sunarak havuza tarz ve karakter katar. Ayr\u0131ca, p\u00fcr\u00fczs\u00fcz ve parlak bir y\u00fczey olu\u015fturarak havuzun \u00e7ekicili\u011fini art\u0131r\u0131r.\n<br>\n<br>\nKolay Bak\u0131m: Epoksi kaplama, d\u00fc\u015f\u00fck bak\u0131m gerektiren bir se\u00e7enektir. Toz, kir ve lekeler kolayca temizlenir. Ayr\u0131ca, havuzun y\u00fczeyini p\u00fcr\u00fczs\u00fcz ve kaygan hale getirerek bak\u0131m s\u00fcrecini kolayla\u015ft\u0131r\u0131r.<\/p>\n                                <\/div>\n                            <\/div>\n\t\t\t\t\t\t\t                        <\/div>\n                    <\/div>\n                <\/div>\n            <\/div>\n        <\/section>\n\t\t\n\t\t             \n\t\t\t\t\t\t<\/div>\n\t\t\t\t<\/div>\n\t\t\t\t<div class=\"elementor-element elementor-element-c180c4c elementor-widget elementor-widget-constech_service_details2\" data-id=\"c180c4c\" data-element_type=\"widget\" data-widget_type=\"constech_service_details2.default\">\n\t\t\t\t<div class=\"elementor-widget-container\">\n\t\t\t\t\t        \n\t\t\t\t\n\t\t\t\t\n\t\t\t\t\n\t\t<section class=\"service-details service-details-3 p_relative \">\n            <div class=\"auto-container\">\n                <div class=\"row clearfix\">\n                    <div class=\"col-lg-12 col-md-12 col-sm-12 content-side\">\n                        <div class=\"service-details-content\">\n                            <div data-animation-box class=\"two-column p_relative d_block mb_70\">\n                                <div class=\"row clearfix\">\n                                    <div class=\"col-lg-6 col-md-6 col-sm-12 text-column\">\n                                        <div class=\"text\">\n                                            <h3 class=\"d_block fs_30 lh_40 fw_sbold mb_25\">Uzman Kadromuzla \u00c7al\u0131\u015f\u0131n<\/h3>\n                                            <p class=\"font_family_poppins mb_25\">%100 Memnuniyet garantisi ile uzman kadromuzla \u00e7al\u0131\u015f\u0131n.<\/p>\n                                            <ul class=\"list clearfix\">\n\t\t\t\t\t\t\t\t\t\t\t\t                                                <li class=\"p_relative pl_30 d_block fs_16 font_family_inter fw_medium color_black mb_8\">Profesyonel<\/li>\n\t\t\t\t\t\t\t\t\t\t\t\t                                                <li class=\"p_relative pl_30 d_block fs_16 font_family_inter fw_medium color_black mb_8\">Dinamik<\/li>\n\t\t\t\t\t\t\t\t\t\t\t\t                                                <li class=\"p_relative pl_30 d_block fs_16 font_family_inter fw_medium color_black mb_8\">Yenilik\u00e7i<\/li>\n\t\t\t\t\t\t\t\t\t\t\t\t                                            <\/ul>\n                                        <\/div>\n                                    <\/div>\n                                    <div class=\"col-lg-6 col-md-6 col-sm-12 image-column\">\n                                        <figure class=\"overlay-anim-black-bg image p_relative d_block b_radius_10 mt_9\" data-animation=\"overlay-animation\">\n\t\t\t\t\t\t\t\t\t\t\t   \n\t\t\t\t\t\t\t\t\t\t\t<img decoding=\"async\" src=\"https:\/\/ayeninsaat.com\/wp-content\/uploads\/2023\/12\/havuz-yalitimi.jpg\" alt=\"\"\/>\n\t\t\t\t\t\t\t\t\t\t\t\t\t\t\t\t\t\t\t\t\t<\/figure>\n                                    <\/div>\n                                <\/div>\n                            <\/div>\n                            <div class=\"quote-inner p_relative d_block mb_60\">\n                                <blockquote class=\"p_relative d_block b_radius_10 pt_30 pr_180 pb_30 pl_40 m_0\">\n                                    <h6 class=\"fs_16 lh_28 mb_5 fw_normal\">Ayen yap\u0131 alan\u0131nda son derece uzman kadrosu ile kaliteden \u00f6d\u00fcn vermedenb\u00fct\u00e7enize uygun fiyatlar sunarak bir \u00e7ok \u00f6deme se\u00e7ene\u011fi sa\u011flar.<\/h6>\n                                    <h5 class=\"d_block fs_18 lh_30 fw_sbold pl_25\">Ayen \u0130n\u015faat<\/h5>\n                                    <div class=\"icon p_absolute t_45 r_40 fs_55\"><i class=\"icon-176\"><\/i><\/div>\n                                <\/blockquote>\n                            <\/div>\n                        <\/div>\n                    <\/div>\n                <\/div>\n            <\/div>\n        <\/section>\n\t\t\n\t\t             \n\t\t\t\t\t\t<\/div>\n\t\t\t\t<\/div>\n\t\t\t\t\t<\/div>\n\t\t<\/div>\n\t\t\t\t<div class=\"elementor-column elementor-col-33 elementor-top-column elementor-element elementor-element-701bbc7\" data-id=\"701bbc7\" data-element_type=\"column\">\n\t\t\t<div class=\"elementor-widget-wrap elementor-element-populated\">\n\t\t\t\t\t\t<div class=\"elementor-element elementor-element-373de3f elementor-widget elementor-widget-constech_wi_catagory\" data-id=\"373de3f\" data-element_type=\"widget\" data-widget_type=\"constech_wi_catagory.default\">\n\t\t\t\t<div class=\"elementor-widget-container\">\n\t\t\t\t\t\t\t\n\t\t\t\t\n\t\t\t\t\n\t\t<section class=\"service-details service-details-2 p_relative \">\n            <div class=\"auto-container\">\n                <div class=\"row clearfix\">\n                    <div class=\"col-lg-12 col-md-12 col-sm-12 sidebar-side\">\n                        <div class=\"service-sidebar p_relative d_block mr_30\">\n                            <div class=\"category-widget p_relative d_block mb_60\">\n                                <ul class=\"category-list clearfix\">\n                                    \t\t\t\t\t\t\t\t\t\t\t\t\t\t\t\t\t\t\n\t\t\t\t\t\t\t\t\t<li class=\"p_relative d_block mb_10\">\n\t\t\t\t\t\t\t\t\t<a href=\"https:\/\/ayeninsaat.com\/index.php\/epoksi-zemin-kaplama\/\" class=\"p_relative d_block fs_16 fw_sbold font_family_inter current\"><i class=\" icon-11\"><\/i>\n\t\t\t\t\t\t\t\t\tEpoksi Zemin Kaplama\t\t\t\t\t\t\t\t\t<\/a>\n\t\t\t\t\t\t\t\t\t<\/li>\n\t\t\t\t\t\t\t\t\t\n\t\t\t\t\t\t\t\t\t\t\t\t\t\t\t\t\t\t\t\t\t\t\t\t\t\t\t\t\t\t\t\t\t\t\t\t\n\t\t\t\t\t\t\t\t\t<li class=\"p_relative d_block mb_10\">\n\t\t\t\t\t\t\t\t\t<a href=\"https:\/\/ayeninsaat.com\/index.php\/kaucuk-zemin-kaplama\/\" class=\"p_relative d_block fs_16 fw_sbold font_family_inter\"><i class=\" icon-12\"><\/i>\n\t\t\t\t\t\t\t\t\t\nKau\u00e7uk Zemin Kaplama\t\t\t\t\t\t\t\t\t<\/a>\n\t\t\t\t\t\t\t\t\t<\/li>\n\t\t\t\t\t\t\t\t\t\n\t\t\t\t\t\t\t\t\t\t\t\t\t\t\t\t\t\t\t\t\t\t\t\t\t\t\t\t\t\t\t\t\t\t\t\t\n\t\t\t\t\t\t\t\t\t<li class=\"p_relative d_block mb_10\">\n\t\t\t\t\t\t\t\t\t<a href=\"https:\/\/ayeninsaat.com\/index.php\/poliuretan-kaplama\/\" class=\"p_relative d_block fs_16 fw_sbold font_family_inter\"><i class=\" icon-13\"><\/i>\n\t\t\t\t\t\t\t\t\tPoli\u00fcretan Kaplama\t\t\t\t\t\t\t\t\t<\/a>\n\t\t\t\t\t\t\t\t\t<\/li>\n\t\t\t\t\t\t\t\t\t\n\t\t\t\t\t\t\t\t\t\t\t\t\t\t\t\t\t\t\t\t\t\t\t\t\t\t\t\t\t\t\t\t\t\t\t\t\n\t\t\t\t\t\t\t\t\t<li class=\"p_relative d_block mb_10\">\n\t\t\t\t\t\t\t\t\t<a href=\"https:\/\/ayeninsaat.com\/index.php\/akrilik-zemin-kaplama\/\" class=\"p_relative d_block fs_16 fw_sbold font_family_inter\"><i class=\" icon-118\"><\/i>\n\t\t\t\t\t\t\t\t\tAkrilik Zemin Kaplama\t\t\t\t\t\t\t\t\t<\/a>\n\t\t\t\t\t\t\t\t\t<\/li>\n\t\t\t\t\t\t\t\t\t\n\t\t\t\t\t\t\t\t\t\t\t\t\t\t\t\t\t\t\t\t\t\t\t\t\t\t\t\t\t\t\t\t\t\t\t\t\n\t\t\t\t\t\t\t\t\t<li class=\"p_relative d_block mb_10\">\n\t\t\t\t\t\t\t\t\t<a href=\"https:\/\/ayeninsaat.com\/index.php\/pvc-zemin-kaplama\/\" class=\"p_relative d_block fs_16 fw_sbold font_family_inter\"><i class=\" icon-121\"><\/i>\n\t\t\t\t\t\t\t\t\tPVC Zemin Kaplama\t\t\t\t\t\t\t\t\t<\/a>\n\t\t\t\t\t\t\t\t\t<\/li>\n\t\t\t\t\t\t\t\t\t\n\t\t\t\t\t\t\t\t\t\t\t\t\t\t\t\t\t\t\t\t\t\t\t\t\t\t\t\t\t\t\t\t\t\t\t\t\n\t\t\t\t\t\t\t\t\t<li class=\"p_relative d_block mb_10\">\n\t\t\t\t\t\t\t\t\t<a href=\"https:\/\/ayeninsaat.com\/index.php\/cati-teras-epoksi-yalitim\/\" class=\"p_relative d_block fs_16 fw_sbold font_family_inter\"><i class=\" icon-121\"><\/i>\n\t\t\t\t\t\t\t\t\t\n\u00c7at\u0131-Teras Epoksi Yal\u0131t\u0131m\t\t\t\t\t\t\t\t\t<\/a>\n\t\t\t\t\t\t\t\t\t<\/li>\n\t\t\t\t\t\t\t\t\t\n\t\t\t\t\t\t\t\t\t\t\t\t\t\t\t\t\t\t\t\t\t\t\t\t\t\t\t\t\t\t\t\t\t\t\t\t\n\t\t\t\t\t\t\t\t\t<li class=\"p_relative d_block mb_10\">\n\t\t\t\t\t\t\t\t\t<a href=\"https:\/\/ayeninsaat.com\/index.php\/havuz-yalitimi-epoksi-islemi\/\" class=\"p_relative d_block fs_16 fw_sbold font_family_inter\"><i class=\" icon-121\"><\/i>\n\t\t\t\t\t\t\t\t\tHavuz Yal\u0131t\u0131m\u0131 Epoksi \u0130\u015flemi\t\t\t\t\t\t\t\t\t<\/a>\n\t\t\t\t\t\t\t\t\t<\/li>\n\t\t\t\t\t\t\t\t\t\n\t\t\t\t\t\t\t\t\t\t\t\t\t\t\t\t\t\t\t\t\t\t\t\t\t\t\t\t\t\t\t\t\t\t\t\t\n\t\t\t\t\t\t\t\t\t<li class=\"p_relative d_block mb_10\">\n\t\t\t\t\t\t\t\t\t<a href=\"https:\/\/ayeninsaat.com\/index.php\/poliurea-kaplama\/\" class=\"p_relative d_block fs_16 fw_sbold font_family_inter\"><i class=\" icon-121\"><\/i>\n\t\t\t\t\t\t\t\t\tPoli\u00fcrea Kaplama\t\t\t\t\t\t\t\t\t<\/a>\n\t\t\t\t\t\t\t\t\t<\/li>\n\t\t\t\t\t\t\t\t\t\n\t\t\t\t\t\t\t\t\t\t\t\t\t\t\t\t\t\t\t\t\t\t\t\t\t\t\t\t\t\t\t\t\t\t\t\t\n\t\t\t\t\t\t\t\t\t<li class=\"p_relative d_block mb_10\">\n\t\t\t\t\t\t\t\t\t<a href=\"https:\/\/ayeninsaat.com\/index.php\/alci-boya-siva\/\" class=\"p_relative d_block fs_16 fw_sbold font_family_inter\"><i class=\" icon-121\"><\/i>\n\t\t\t\t\t\t\t\t\tAl\u00e7\u0131 - Boya - S\u0131va\t\t\t\t\t\t\t\t\t<\/a>\n\t\t\t\t\t\t\t\t\t<\/li>\n\t\t\t\t\t\t\t\t\t\n\t\t\t\t\t\t\t\t\t\t\t\t\t\t\t\t\t\t\t\t\t\t\t\t\t\t\t\t\t\t\t\t\t\t\t\t\n\t\t\t\t\t\t\t\t\t<li class=\"p_relative d_block mb_10\">\n\t\t\t\t\t\t\t\t\t<a href=\"https:\/\/ayeninsaat.com\/index.php\/dekoratif-italyan-boya\/\" class=\"p_relative d_block fs_16 fw_sbold font_family_inter\"><i class=\" icon-121\"><\/i>\n\t\t\t\t\t\t\t\t\tDekoratif \u0130talyan Boya\t\t\t\t\t\t\t\t\t<\/a>\n\t\t\t\t\t\t\t\t\t<\/li>\n\t\t\t\t\t\t\t\t\t\n\t\t\t\t\t\t\t\t\t\t\t\t\t\t\t\t\t\t\t\t\t\t\t\t\t\t\t\t\t\t\t\t\t\t\t\t\n\t\t\t\t\t\t\t\t\t<li class=\"p_relative d_block mb_10\">\n\t\t\t\t\t\t\t\t\t<a href=\"https:\/\/ayeninsaat.com\/index.php\/tekne-yat-epoksi-ve-mobilya-uygulamalari\/\" class=\"p_relative d_block fs_16 fw_sbold font_family_inter\"><i class=\" icon-121\"><\/i>\n\t\t\t\t\t\t\t\t\tTekne - Yat Epoksi ve Mobilya Uygulamalar\u0131\t\t\t\t\t\t\t\t\t<\/a>\n\t\t\t\t\t\t\t\t\t<\/li>\n\t\t\t\t\t\t\t\t\t\n\t\t\t\t\t\t\t\t\t\t\t\t\t\t\t\t\t\t\t\t\t\t\t\t\t\t\t\t\t\t\t\t\t\t\t\t\n\t\t\t\t\t\t\t\t\t<li class=\"p_relative d_block mb_10\">\n\t\t\t\t\t\t\t\t\t<a href=\"https:\/\/ayeninsaat.com\/index.php\/tas-hali-stone-carpet\/\" class=\"p_relative d_block fs_16 fw_sbold font_family_inter\"><i class=\" icon-121\"><\/i>\n\t\t\t\t\t\t\t\t\tTa\u015f Hal\u0131 (Stone Carpet)\t\t\t\t\t\t\t\t\t<\/a>\n\t\t\t\t\t\t\t\t\t<\/li>\n\t\t\t\t\t\t\t\t\t\n\t\t\t\t\t\t\t\t\t\t\t\t\t\t\t\t\t\t\t\t\t\t\t\t\t\t\t\t\t\t\t\t\t\t\t\t\n\t\t\t\t\t\t\t\t\t<li class=\"p_relative d_block mb_10\">\n\t\t\t\t\t\t\t\t\t<a href=\"https:\/\/ayeninsaat.com\/index.php\/beton-silim-ve-beton-parlatma\/\" class=\"p_relative d_block fs_16 fw_sbold font_family_inter\"><i class=\" icon-121\"><\/i>\n\t\t\t\t\t\t\t\t\tBeton Silim ve Beton Parlatma\t\t\t\t\t\t\t\t\t<\/a>\n\t\t\t\t\t\t\t\t\t<\/li>\n\t\t\t\t\t\t\t\t\t\n\t\t\t\t\t\t\t\t\t\t\t\t\t\t\t\t\t\t\t\t\t\t\t\t\t\t\t\t\t\t\t\t\t\t\t\t\n\t\t\t\t\t\t\t\t\t<li class=\"p_relative d_block mb_10\">\n\t\t\t\t\t\t\t\t\t<a href=\"https:\/\/ayeninsaat.com\/index.php\/mikro-beton\/\" class=\"p_relative d_block fs_16 fw_sbold font_family_inter\"><i class=\" icon-121\"><\/i>\n\t\t\t\t\t\t\t\t\tMikro Beton\t\t\t\t\t\t\t\t\t<\/a>\n\t\t\t\t\t\t\t\t\t<\/li>\n\t\t\t\t\t\t\t\t\t\n\t\t\t\t\t\t\t\t\t\t\t\t\t\t\t\t\t\t\t\t\t\t\t\t\t\t\t\t\t\t\t\t\t\t\t\t\n\t\t\t\t\t\t\t\t\t<li class=\"p_relative d_block mb_10\">\n\t\t\t\t\t\t\t\t\t<a href=\"https:\/\/ayeninsaat.com\/index.php\/epoksi-su-depolari-atik-su-borulari-yalitim-urunleri\/\" class=\"p_relative d_block fs_16 fw_sbold font_family_inter\"><i class=\" icon-121\"><\/i>\n\t\t\t\t\t\t\t\t\tEpoksi Su Depolar\u0131 &amp; At\u0131k Su Depolar\u0131 Yal\u0131t\u0131m \u00dcr\u00fcnleri\n\t\t\t\t\t\t\t\t\t<\/a>\n\t\t\t\t\t\t\t\t\t<\/li>\n\t\t\t\t\t\t\t\t\t\n\t\t\t\t\t\t\t\t\t\t\t\t\t\t\t\t\t\t                                <\/ul>\n                            <\/div>\n                        <\/div>\n                    <\/div>\n                <\/div>\n            <\/div>\n        <\/section>\n\t\t\n\t\t\t\t\n\t\t\t\t\n\t\t\t\t\n\t\t\t\t\t\t<\/div>\n\t\t\t\t<\/div>\n\t\t\t\t<div class=\"elementor-element elementor-element-f346c64 elementor-widget elementor-widget-constech_wi_info\" data-id=\"f346c64\" data-element_type=\"widget\" data-widget_type=\"constech_wi_info.default\">\n\t\t\t\t<div class=\"elementor-widget-container\">\n\t\t\t\t\t\t\t\n\t\t\t\t\n\t\t\t\t\n\t\t\t\t\n\t\t<section class=\"service-details service-details-3 p_relative pdoff\">\n            <div class=\"auto-container\">\n                <div class=\"row clearfix\">\n                    <div class=\"col-lg-12 col-md-12 col-sm-12 sidebar-side\">\n                        <div class=\"service-sidebar p_relative d_block mr_30\">\n                            <div class=\"contact-widget sidebar-widget p_relative d_block mb_40\">\n\t\t\t\t\t\t\t\t                                <div class=\"widget-title p_relative d_block mb_17\">\n                                    <h3 class=\"d_block fs_24 lh_30 fw_sbold font_family_jost\">\u0130LET\u0130\u015e\u0130M<\/h3>\n                                <\/div>\n\t\t\t\t\t\t\t\t                                <div class=\"text p_relative d_block mb_18\">\n                                    <p class=\"fs_16 font_family_poppins color_black fw_medium\">\u00dccretsiz Ke\u015fif \u0130\u00e7in Arayabilirsiniz.<\/p>\n                                <\/div>\n                                <ul class=\"info-list clearfix\"> \n\t\t\t\t\t\t\t\t\n\t\t\t\t\t\t\t\t\t\t\t\t\t\t\t\t\t\n                                    <li class=\"p_relative d_block fs_15 font_family_inter color_black pl_30 mb_10\"><i class=\" icon-2\"><\/i>\n\t\t\t\t\t\t\t\t\t\n\t\t\t\t\t\t\t\t\tTelefon : \t\t\t\t\t\t\t\t\t<a href=\"tel:05320662703\" class=\"d_iblock color_black\">+90 (532) 066 27 03<\/a><\/li>\n\t\t\t\t\t\t\t\t\t\n\t\t\t\t\t\t\t\t\t\t\t\t\t\t\t\t\t\n                                    <li class=\"p_relative d_block fs_15 font_family_inter color_black pl_30 mb_10\"><i class=\" icon-137\"><\/i>\n\t\t\t\t\t\t\t\t\t\n\t\t\t\t\t\t\t\t\tAdres : \t\t\t\t\t\t\t\t\tG\u00fcrp\u0131nar, 7232\/6 Sk. No:40<br>35060 Bornova\/\u0130zmir<\/li>\n\t\t\t\t\t\t\t\t\t\n\t\t\t\t\t\t\t\t\t\t\t\t\t\t\t\t\t\n                                    <li class=\"p_relative d_block fs_15 font_family_inter color_black pl_30 mb_10\"><i class=\"fas fa-mail-bulk\"><\/i>\n\t\t\t\t\t\t\t\t\t\n\t\t\t\t\t\t\t\t\tE-mail : \t\t\t\t\t\t\t\t\t<a href=\"mailto:iletisim@ayeninsaat.com\" class=\"d_iblock color_black\">iletisim@ayeninsaat.com<\/a><\/li>\n\t\t\t\t\t\t\t\t\t\n\t\t\t\t\t\t\t\t\t\t\t\t\t\t\t\t\t\t\n                                <\/ul>\n                                <ul class=\"social-links clearfix p_relative d_block mt_18\">\n\t\t\t\t\t\t\t\t\n\t\t\t\t\t\t\t\t\t\t\t\t\t\t\t\t\t\n                                    <li class=\"p_relative d_iblock float_left mr_30\"><a href=\"https:\/\/www.instagram.com\/ayeninsaat\/\" class=\"p_relative d_iblock fs_17\"><i class=\"fab fab fa-instagram\"><\/i><\/a><\/li>\n\t\t\t\t\t\t\t\t\t\n\t\t\t\t\t\t\t\t\t\t\t\t\t\t\t\t\t\n                                    <li class=\"p_relative d_iblock float_left mr_30\"><a href=\"https:\/\/www.facebook.com\/ayeninsaat\/\" class=\"p_relative d_iblock fs_17\"><i class=\"fab fab fa-facebook-f\"><\/i><\/a><\/li>\n\t\t\t\t\t\t\t\t\t\n\t\t\t\t\t\t\t\t\t\t\t\t\t\t\t\t\t\n                                    <li class=\"p_relative d_iblock float_left mr_30\"><a href=\"https:\/\/www.youtube.com\/ayeninsaat\" class=\"p_relative d_iblock fs_17\"><i class=\"fab fab fa-youtube\"><\/i><\/a><\/li>\n\t\t\t\t\t\t\t\t\t\n\t\t\t\t\t\t\t\t\t\t\t\t\t\t\t\t\t\t\n                                <\/ul> \n                            <\/div>\n                        <\/div>\n                    <\/div>\n                <\/div>\n            <\/div>\n        <\/section>\n\t\t\n\t\t\t\t\n\t\t\t\t\n\t\t\t\t\t\t<\/div>\n\t\t\t\t<\/div>\n\t\t\t\t<div class=\"elementor-element elementor-element-6c17202 elementor-widget elementor-widget-constech_wi_download\" data-id=\"6c17202\" data-element_type=\"widget\" data-widget_type=\"constech_wi_download.default\">\n\t\t\t\t<div class=\"elementor-widget-container\">\n\t\t\t\t\t\t\t\n\t\t\t\t\n        <section class=\"service-details service-details-3 p_relative \">\n            <div class=\"auto-container\">\n                <div class=\"row clearfix\">\n                    <div class=\"col-lg-12 col-md-12 col-sm-12 sidebar-side\">\n                        <div class=\"service-sidebar p_relative d_block mr_30\">\n                            <div class=\"download-widget\">\n\t\t\t\t\t\t\t\n\t\t\t\t\t\t\t\t\t\t\t\t\t\t\t\n                                <div class=\"widget-title p_relative d_block mb_17\">\n                                    <h3 class=\"d_block fs_24 lh_30 fw_sbold\">Katalo\u011fumuza G\u00f6z At\u0131n<\/h3>\n                                <\/div>\n                                <div class=\"text p_relative d_block mb_25\">\n                                    <p class=\"fs_16 font_family_poppins color_black fw_medium\">Son kalite \u00fcr\u00fcnlerimiz ve ustal\u0131\u011f\u0131m\u0131zla hizmetinizdeyiz.<\/p>\n                                <\/div>\n\t\t\t\t\t\t\t\t\n\t\t\t\t\t\t\t\t\t\t\t\t\t\t\t\t\n                                <ul class=\"download-list clearfix\">\n\t\t\t\t\t\t\t\t\n\t\t\t\t\t\t\t\t\t\t\t\t\t\t\t\t\t\n                                    <li class=\"p_relative d_block mb_10\">\n                                        <a href=\"#\" class=\"p_relative d_block pt_17 pr_20 pb_15 pl_65 b_radius_5\">\n                                            <i class=\" icon-175\"><\/i>\n                                            <h6 class=\"d_block fs_15 fw_normal mb_1 lh_20 tran_5\">AYEN \u0130N\u015eAAT - 2024 KATALOG<\/h6>\n                                            <span class=\"p_relative d_block fs_15 font_family_inter lh_20 tran_5\">13.2 MB<\/span>\n                                        <\/a>\n                                    <\/li>\n\t\t\t\t\t\t\t\t\t\n\t\t\t\t\t\t\t\t\t\t\t\t\t\t\t\t\t\t\n                                <\/ul>\n                            <\/div>\n                        <\/div>\n                    <\/div>\n                <\/div>\n            <\/div>\n        <\/section>\n\t\t\n\t\t\t\t\n\t\t\t\t\t\t<\/div>\n\t\t\t\t<\/div>\n\t\t\t\t\t<\/div>\n\t\t<\/div>\n\t\t\t\t\t<\/div>\n\t\t<\/section>\n\t\t\t\t<\/div>\n\t\t","protected":false},"excerpt":{"rendered":"<p>Havuz Yal\u0131t\u0131m\u0131 Epoksi \u0130\u015flemi Havuz yal\u0131t\u0131m\u0131 epoksi i\u015flemi, y\u00fcksek kaliteli epoksi re\u00e7inelerin havuz y\u00fczeyine uygulanmas\u0131yla ger\u00e7ekle\u015ftirilen bir kaplama i\u015flemidir. Bu i\u015flem, havuzun suya dayan\u0131kl\u0131 hale getirilmesini sa\u011flar ve su s\u0131z\u0131nt\u0131lar\u0131n\u0131 engeller. Epoksi kaplama, havuzun dayan\u0131kl\u0131l\u0131\u011f\u0131n\u0131 art\u0131r\u0131rken estetik bir g\u00f6r\u00fcn\u00fcm de sunar. Avantajlar\u0131 Su Ge\u00e7irmezlik: Havuz yal\u0131t\u0131m\u0131 epoksi i\u015flemi, havuzun su ge\u00e7irmez hale gelmesini sa\u011flar. Epoksi [&hellip;]<\/p>\n","protected":false},"author":1,"featured_media":0,"parent":0,"menu_order":0,"comment_status":"closed","ping_status":"closed","template":"tpl-default-elementor.php","meta":{"om_disable_all_campaigns":false,"_monsterinsights_skip_tracking":false,"_monsterinsights_sitenote_active":false,"_monsterinsights_sitenote_note":"","_monsterinsights_sitenote_category":0,"footnotes":""},"class_list":["post-820","page","type-page","status-publish","hentry"],"_links":{"self":[{"href":"https:\/\/ayeninsaat.com\/index.php\/wp-json\/wp\/v2\/pages\/820","targetHints":{"allow":["GET"]}}],"collection":[{"href":"https:\/\/ayeninsaat.com\/index.php\/wp-json\/wp\/v2\/pages"}],"about":[{"href":"https:\/\/ayeninsaat.com\/index.php\/wp-json\/wp\/v2\/types\/page"}],"author":[{"embeddable":true,"href":"https:\/\/ayeninsaat.com\/index.php\/wp-json\/wp\/v2\/users\/1"}],"replies":[{"embeddable":true,"href":"https:\/\/ayeninsaat.com\/index.php\/wp-json\/wp\/v2\/comments?post=820"}],"version-history":[{"count":23,"href":"https:\/\/ayeninsaat.com\/index.php\/wp-json\/wp\/v2\/pages\/820\/revisions"}],"predecessor-version":[{"id":3545,"href":"https:\/\/ayeninsaat.com\/index.php\/wp-json\/wp\/v2\/pages\/820\/revisions\/3545"}],"wp:attachment":[{"href":"https:\/\/ayeninsaat.com\/index.php\/wp-json\/wp\/v2\/media?parent=820"}],"curies":[{"name":"wp","href":"https:\/\/api.w.org\/{rel}","templated":true}]}}