{"id":859,"date":"2022-08-24T09:19:26","date_gmt":"2022-08-24T09:19:26","guid":{"rendered":"https:\/\/ftpdemo.com\/konstech\/?page_id=859"},"modified":"2024-04-15T14:17:31","modified_gmt":"2024-04-15T11:17:31","slug":"referanslarimiz","status":"publish","type":"page","link":"https:\/\/ayeninsaat.com\/index.php\/referanslarimiz\/","title":{"rendered":"Referanslar\u0131m\u0131z"},"content":{"rendered":"\t\t<div data-elementor-type=\"wp-page\" data-elementor-id=\"859\" class=\"elementor elementor-859\">\n\t\t\t\t<div class=\"elementor-element elementor-element-76dc168 e-flex e-con-boxed e-con e-parent\" data-id=\"76dc168\" data-element_type=\"container\">\n\t\t\t\t\t<div class=\"e-con-inner\">\n\t\t\t\t<div class=\"elementor-element elementor-element-55b74bd elementor-invisible elementor-widget elementor-widget-heading\" data-id=\"55b74bd\" data-element_type=\"widget\" data-settings=\"{&quot;_animation&quot;:&quot;fadeInUp&quot;}\" data-widget_type=\"heading.default\">\n\t\t\t\t<div class=\"elementor-widget-container\">\n\t\t\t\t\t<h2 class=\"elementor-heading-title elementor-size-large\">Referanslar\u0131m\u0131z<\/h2>\t\t\t\t<\/div>\n\t\t\t\t<\/div>\n\t\t\t\t\t<\/div>\n\t\t\t\t<\/div>\n\t\t\t\t<section class=\"elementor-section elementor-top-section elementor-element elementor-element-ac9b91a elementor-section-full_width elementor-section-height-default elementor-section-height-default\" data-id=\"ac9b91a\" data-element_type=\"section\">\n\t\t\t\t\t\t<div class=\"elementor-container elementor-column-gap-no\">\n\t\t\t\t\t<div class=\"elementor-column elementor-col-100 elementor-top-column elementor-element elementor-element-3fb06ae\" data-id=\"3fb06ae\" data-element_type=\"column\">\n\t\t\t<div class=\"elementor-widget-wrap elementor-element-populated\">\n\t\t\t\t\t\t<div class=\"elementor-element elementor-element-01f59d9 elementor-invisible elementor-widget elementor-widget-constech_our_clients\" data-id=\"01f59d9\" data-element_type=\"widget\" data-settings=\"{&quot;_animation&quot;:&quot;fadeInUp&quot;}\" data-widget_type=\"constech_our_clients.default\">\n\t\t\t\t<div class=\"elementor-widget-container\">\n\t\t\t\t\t        \n\t\t<section class=\"clients-one light p_relative pt_100 pb_100 new\">\n            <div class=\"auto-container\">\n                <div class=\"row\">\n\t\t\t\t\n                                        \n                    <div class=\"col-lg-4 col-md-6 col-sm-12\">\n                        \n                        <div class=\"clients-logo-box\">\n                            <figure class=\"image\">\n                                                                    <img decoding=\"async\" src=\"https:\/\/ayeninsaat.com\/wp-content\/uploads\/2024\/04\/NORM-LOGO.png\" alt=\"\">\n                                                                <\/figure>\n                        <\/div>\n                        \n                        \n                    <\/div>\n\t\t\t\t\n                    \n\t\t\t\t\t\n\t\t\t\t\t                    \n                    <div class=\"col-lg-4 col-md-6 col-sm-12\">\n                        \n                        <div class=\"clients-logo-box\">\n                            <figure class=\"image\">\n                                                                    <img decoding=\"async\" src=\"https:\/\/ayeninsaat.com\/wp-content\/uploads\/2024\/04\/Kula-Logo-1.png\" alt=\"\">\n                                                                <\/figure>\n                        <\/div>\n                        \n                        \n                    <\/div>\n\t\t\t\t\n                    \n\t\t\t\t\t\n\t\t\t\t\t                    \n                    <div class=\"col-lg-4 col-md-6 col-sm-12\">\n                        \n                        <div class=\"clients-logo-box\">\n                            <figure class=\"image\">\n                                                                    <img decoding=\"async\" src=\"https:\/\/ayeninsaat.com\/wp-content\/uploads\/2023\/12\/Basliksiz-1_0004_erdemir-celik-fabrikasi.png\" alt=\"\">\n                                                                <\/figure>\n                        <\/div>\n                        \n                        \n                    <\/div>\n\t\t\t\t\n                    \n\t\t\t\t\t\n\t\t\t\t\t                    \n                    <div class=\"col-lg-4 col-md-6 col-sm-12\">\n                        \n                        <div class=\"clients-logo-box\">\n                            <figure class=\"image\">\n                                                                    <img decoding=\"async\" src=\"https:\/\/ayeninsaat.com\/wp-content\/uploads\/2023\/12\/Basliksiz-1_0003_izmir-ticaret-odasi.png\" alt=\"\">\n                                                                <\/figure>\n                        <\/div>\n                        \n                        \n                    <\/div>\n\t\t\t\t\n                    \n\t\t\t\t\t\n\t\t\t\t\t                    \n                    <div class=\"col-lg-4 col-md-6 col-sm-12\">\n                        \n                        <div class=\"clients-logo-box\">\n                            <figure class=\"image\">\n                                                                    <img decoding=\"async\" src=\"https:\/\/ayeninsaat.com\/wp-content\/uploads\/2023\/12\/Basliksiz-1_0002_star-rafineri.png\" alt=\"\">\n                                                                <\/figure>\n                        <\/div>\n                        \n                        \n                    <\/div>\n\t\t\t\t\n                    \n\t\t\t\t\t\n\t\t\t\t\t                    \n                    <div class=\"col-lg-4 col-md-6 col-sm-12\">\n                        \n                        <div class=\"clients-logo-box\">\n                            <figure class=\"image\">\n                                                                    <img decoding=\"async\" src=\"https:\/\/ayeninsaat.com\/wp-content\/uploads\/2023\/12\/Basliksiz-1_0005_egeyurt.png\" alt=\"\">\n                                                                <\/figure>\n                        <\/div>\n                        \n                        \n                    <\/div>\n\t\t\t\t\n                    \n\t\t\t\t\t\n\t\t\t\t\t                    \n                    <div class=\"col-lg-4 col-md-6 col-sm-12\">\n                        \n                        <div class=\"clients-logo-box\">\n                            <figure class=\"image\">\n                                                                    <img decoding=\"async\" src=\"https:\/\/ayeninsaat.com\/wp-content\/uploads\/2023\/12\/Basliksiz-1_0000_zel-gida-corba-fabrikasi.png\" alt=\"\">\n                                                                <\/figure>\n                        <\/div>\n                        \n                        \n                    <\/div>\n\t\t\t\t\n                    \n\t\t\t\t\t\n\t\t\t\t\t                    \n                    <div class=\"col-lg-4 col-md-6 col-sm-12\">\n                        \n                        <div class=\"clients-logo-box\">\n                            <figure class=\"image\">\n                                                                    <img decoding=\"async\" src=\"https:\/\/ayeninsaat.com\/wp-content\/uploads\/2024\/04\/aldag-logo.png\" alt=\"\">\n                                                                <\/figure>\n                        <\/div>\n                        \n                        \n                    <\/div>\n\t\t\t\t\n                    \n\t\t\t\t\t\n\t\t\t\t\t                    \n                    <div class=\"col-lg-4 col-md-6 col-sm-12\">\n                        \n                        <div class=\"clients-logo-box\">\n                            <figure class=\"image\">\n                                                                    <img decoding=\"async\" src=\"https:\/\/ayeninsaat.com\/wp-content\/uploads\/2023\/12\/Basliksiz-1_0001_Taris-zeytin-yagi-1.png\" alt=\"\">\n                                                                <\/figure>\n                        <\/div>\n                        \n                        \n                    <\/div>\n\t\t\t\t\n                    \n\t\t\t\t\t\n\t\t\t\t\t\t\t\t\t\t\n                <\/div>\n            <\/div>\n        <\/section>\n\t\t\n\t\t\t\t\t\t<\/div>\n\t\t\t\t<\/div>\n\t\t\t\t\t<\/div>\n\t\t<\/div>\n\t\t\t\t\t<\/div>\n\t\t<\/section>\n\t\t<div class=\"elementor-element elementor-element-4d21a6b e-flex e-con-boxed e-con e-parent\" data-id=\"4d21a6b\" data-element_type=\"container\">\n\t\t\t\t\t<div class=\"e-con-inner\">\n\t\t\t\t<div class=\"elementor-element elementor-element-d7b1cc5 elementor-invisible elementor-widget elementor-widget-text-editor\" data-id=\"d7b1cc5\" data-element_type=\"widget\" data-settings=\"{&quot;_animation&quot;:&quot;fadeInUp&quot;}\" data-widget_type=\"text-editor.default\">\n\t\t\t\t<div class=\"elementor-widget-container\">\n\t\t\t\t\t\t\t\t\t<p style=\"text-align: center;\"><strong>&nbsp;<\/strong><\/p>\n<ul>\n<li style=\"text-align: center;\"><strong>NORM HOLD\u0130NG &#8211; SELF LEVELLING EPOKS\u0130 ZEM\u0130N KAPLAMA UYGULAMASI<\/strong><\/li>\n<li style=\"text-align: center;\"><strong>KULA MADEN SUYU FABR\u0130KASI &#8211; SELF LEVELLING EPOKS\u0130 ZEM\u0130N KAPLAMA UYGULAMASI<\/strong><\/li>\n<li style=\"text-align: center;\"><strong>\u0130ZM\u0130R \u00c7\u0130\u011eL\u0130 TAR\u0130\u015e ZEYT\u0130NYA\u011e FABR\u0130KASI EPOXY SELF LEVELL\u0130NG KAPLAMA<\/strong><\/li>\n<li style=\"text-align: center;\"><strong>ZONGULDAK ERDEM\u0130R \u00c7EL\u0130K POL\u0130\u00dcREA SPRAY VE SELF LEVELL\u0130NG EPOKS\u0130ZEM\u0130N KAPLAMASI<\/strong><\/li>\n<li style=\"text-align: center;\"><strong>\u0130ZM\u0130RGAZ MERKEZ B\u0130NASININ YEMEKHANE SELF LEVELL\u0130NG EPOKS\u0130 ZEM\u0130NKAPLAMASI<\/strong><\/li>\n<li style=\"text-align: center;\"><strong>\u0130ZM\u0130R URLA \u00d6ZVET VETER\u0130NER SELF LEVELL\u0130NG EPOKS\u0130 ZEM\u0130NKAPLAMASI<\/strong><\/li>\n<li style=\"text-align: center;\"><strong>\u0130ZM\u0130R \u00d6ZTEKS TEKST\u0130L SELF LEVELL\u0130NG POL\u0130\u00dcRETAN ZEM\u0130N KAPLAMASI<\/strong><\/li>\n<li style=\"text-align: center;\"><strong>KARAMAN DEVLET HASTANES\u0130 PVC ZEM\u0130N KAPLAMASI<\/strong><\/li>\n<li style=\"text-align: center;\"><strong>\u0130ZM\u0130R T\u0130CARET ODASI T\u00dcM KATLARIN VE OTOPARK ZEM\u0130N KAPLAMASI<\/strong><\/li>\n<li style=\"text-align: center;\"><strong>\u0130ZM\u0130R OTOGAR SHELL BENZ\u0130NL\u0130K \u00c7ATI YALITIMI<\/strong><\/li>\n<li style=\"text-align: center;\"><strong>\u0130ZM\u0130R URLA MEZBAHANE ZEM\u0130N YEN\u0130LEME EPOXY MULT\u0130LAYER UYGULAMASI<\/strong><\/li>\n<li style=\"text-align: center;\"><strong>\u0130ZM\u0130R BERGAMA MEZBAHANE PROJES\u0130NDE EPOXY MULT\u0130LAYER ZEM\u0130NKAPLAMASI VE D\u0130KEY DUVAR Y\u00dcZEYE YARI MORTAR UYGULAMASI<\/strong><\/li>\n<li style=\"text-align: center;\"><strong>\u0130ZM\u0130R STAR RAF\u0130NER\u0130S\u0130 AS\u0130T TANKI POL\u0130\u00dcRETAN YALITIM KAPLAMASI (75 METRE \u00c7AP 14 METRE Y\u00dcKSEKL\u0130K)<\/strong><\/li>\n<li style=\"text-align: center;\"><strong>MAN\u0130SA ALDA\u011e SO\u011eUTMA S\u0130STEMLER\u0130 FABR\u0130KASI PROJES\u0130NDE MULT\u0130LAYER ZEM\u0130N KAPLAMASI<\/strong><\/li>\n<li style=\"text-align: center;\"><strong>MAN\u0130SA ALDA\u011e SO\u011eUTMA S\u0130STEMLER\u0130 FABR\u0130KASI \u00d6ZEL MAK\u0130NA ODASI SELF LEVEL\u0130NG EPOXY UYGULAMASI<\/strong><\/li>\n<li style=\"text-align: center;\"><strong>\u0130ZM\u0130R EGE YURT \u00d6ZEL \u00d6\u011eRENC\u0130 YURDU A\u0130T CAFEYE \u015eEFFAF EPOXY ZEM\u0130N KAPLAMA UYGULAMASI<\/strong><\/li>\n<li style=\"text-align: center;\"><strong>\u0130ZM\u0130R EGE YURT \u00d6ZEL \u00d6\u011eRENC\u0130 YURDU MULT\u0130LAYER EPOXY ZEM\u0130N KAPLAMA UYGULAMASI<\/strong><\/li>\n<li style=\"text-align: center;\"><strong>\u0130ZM\u0130R BERGAMA YARI OL\u0130MP\u0130K Y\u00dcZME HAVUZU PROJES\u0130NDE HAVUZ YALITIMI ASTARUYGULAMASI VE POL\u0130\u00dcREA KAPLAMASI<\/strong><\/li>\n<li style=\"text-align: center;\"><strong>\u0130ZM\u0130R STAR RAF\u0130NER\u0130NDE 6 ADET N\u00d6BET\u00c7\u0130 KULES\u0130NE ZEM\u0130N MULT\u0130LAYER EPOXY KAPLAMAVE \u00c7ATI YALITIMI<\/strong><\/li>\n<li style=\"text-align: center;\"><strong>\u0130ZM\u0130R \u00c7ANKAYA MADANO\u011eLU F\u0130RMASINA A\u0130T \u0130\u015e HANI \u0130N\u015eAATI TEMEL\u0130NDE ENJEKS\u0130YON\u00c7ALI\u015eMASI<\/strong><\/li>\n<li style=\"text-align: center;\"><strong>\u0130ZM\u0130R MAR\u0130OT OTEL \u015eANT\u0130YES\u0130 TEMEL\u0130NDE ENJEKS\u0130YON \u00c7ALI\u015eMASI<\/strong><\/li>\n<li style=\"text-align: center;\"><strong>\u0130ZM\u0130R STAR RAF\u0130NER\u0130S\u0130NDE ATIK SU TANKINDA ENJEKS\u0130YON \u00c7ALI\u015eMASI<\/strong><\/li>\n<li style=\"text-align: center;\"><strong>\u0130ZM\u0130R \u00c7E\u015eME \u0130MRENTATLICISI TATLI \u00dcRET\u0130M AT\u00d6LYE EPOXY KAPLAMASI \u0130ZM\u0130R BNG MED\u0130KAL \u00dcRET\u0130M ALANIMULT\u0130LAYER KAPLAMASI<\/strong><\/li>\n<li style=\"text-align: center;\"><strong>\u0130ZM\u0130R CREA KOZMET\u0130K F\u0130RMASINA A\u0130T TES\u0130S\u0130N ZEM\u0130N\u0130N EPOKS\u0130 KAPLAMA \u00c7ALI\u015eMASI<\/strong><\/li>\n<li style=\"text-align: center;\"><strong>MAN\u0130SA BELED\u0130YES\u0130NE A\u0130T TES\u0130S\u0130N AKR\u0130L\u0130K ZEM\u0130N KAPLAMASI<\/strong><\/li>\n<\/ul>\t\t\t\t\t\t\t\t<\/div>\n\t\t\t\t<\/div>\n\t\t\t\t\t<\/div>\n\t\t\t\t<\/div>\n\t\t<div class=\"elementor-element elementor-element-6581733 e-flex e-con-boxed e-con e-parent\" data-id=\"6581733\" data-element_type=\"container\">\n\t\t\t\t\t<div class=\"e-con-inner\">\n\t\t\t\t<div class=\"elementor-element elementor-element-f535b25 elementor-widget-divider--view-line elementor-widget elementor-widget-divider\" data-id=\"f535b25\" data-element_type=\"widget\" data-widget_type=\"divider.default\">\n\t\t\t\t<div class=\"elementor-widget-container\">\n\t\t\t\t\t\t\t<div class=\"elementor-divider\">\n\t\t\t<span class=\"elementor-divider-separator\">\n\t\t\t\t\t\t<\/span>\n\t\t<\/div>\n\t\t\t\t\t\t<\/div>\n\t\t\t\t<\/div>\n\t\t\t\t\t<\/div>\n\t\t\t\t<\/div>\n\t\t\t\t<\/div>\n\t\t","protected":false},"excerpt":{"rendered":"<p>Referanslar\u0131m\u0131z &nbsp; NORM HOLD\u0130NG &#8211; SELF LEVELLING EPOKS\u0130 ZEM\u0130N KAPLAMA UYGULAMASI KULA MADEN SUYU FABR\u0130KASI &#8211; SELF LEVELLING EPOKS\u0130 ZEM\u0130N KAPLAMA UYGULAMASI \u0130ZM\u0130R \u00c7\u0130\u011eL\u0130 TAR\u0130\u015e ZEYT\u0130NYA\u011e FABR\u0130KASI EPOXY SELF LEVELL\u0130NG KAPLAMA ZONGULDAK ERDEM\u0130R \u00c7EL\u0130K POL\u0130\u00dcREA SPRAY VE SELF LEVELL\u0130NG EPOKS\u0130ZEM\u0130N KAPLAMASI \u0130ZM\u0130RGAZ MERKEZ B\u0130NASININ YEMEKHANE SELF LEVELL\u0130NG EPOKS\u0130 ZEM\u0130NKAPLAMASI \u0130ZM\u0130R URLA \u00d6ZVET VETER\u0130NER SELF LEVELL\u0130NG [&hellip;]<\/p>\n","protected":false},"author":1,"featured_media":0,"parent":0,"menu_order":0,"comment_status":"closed","ping_status":"closed","template":"tpl-default-elementor.php","meta":{"om_disable_all_campaigns":false,"_monsterinsights_skip_tracking":false,"_monsterinsights_sitenote_active":false,"_monsterinsights_sitenote_note":"","_monsterinsights_sitenote_category":0,"footnotes":""},"class_list":["post-859","page","type-page","status-publish","hentry"],"_links":{"self":[{"href":"https:\/\/ayeninsaat.com\/index.php\/wp-json\/wp\/v2\/pages\/859","targetHints":{"allow":["GET"]}}],"collection":[{"href":"https:\/\/ayeninsaat.com\/index.php\/wp-json\/wp\/v2\/pages"}],"about":[{"href":"https:\/\/ayeninsaat.com\/index.php\/wp-json\/wp\/v2\/types\/page"}],"author":[{"embeddable":true,"href":"https:\/\/ayeninsaat.com\/index.php\/wp-json\/wp\/v2\/users\/1"}],"replies":[{"embeddable":true,"href":"https:\/\/ayeninsaat.com\/index.php\/wp-json\/wp\/v2\/comments?post=859"}],"version-history":[{"count":32,"href":"https:\/\/ayeninsaat.com\/index.php\/wp-json\/wp\/v2\/pages\/859\/revisions"}],"predecessor-version":[{"id":3166,"href":"https:\/\/ayeninsaat.com\/index.php\/wp-json\/wp\/v2\/pages\/859\/revisions\/3166"}],"wp:attachment":[{"href":"https:\/\/ayeninsaat.com\/index.php\/wp-json\/wp\/v2\/media?parent=859"}],"curies":[{"name":"wp","href":"https:\/\/api.w.org\/{rel}","templated":true}]}}